{"id":3420,"date":"2018-02-13T16:03:17","date_gmt":"2018-02-13T15:03:17","guid":{"rendered":"http:\/\/gerbois.fr\/?page_id=3420"},"modified":"2018-04-17T13:55:04","modified_gmt":"2018-04-17T11:55:04","slug":"viniculture","status":"publish","type":"page","link":"https:\/\/www.gerbois.com\/de\/viniculture\/","title":{"rendered":"WEINBAU"},"content":{"rendered":"<div class=\"section-full-width\" style=\"background: linear-gradient(rgba(255,255,255,0) 0%, rgba(255,255,255,1) 40%), url('..\/wp-content\/uploads\/2018\/02\/Viniculture1.jpg') no-repeat bottom; color: #000000;\">\n<div class=\"row big-forehead\">\n<h1 style=\"text-align: justify\"><span style=\"font-size: 25pt;\">WEINBAU<\/span><\/h1>\n<p style=\"text-align: justify\">GOb Sie ein gro\u00dfer oder lokaler Produzent sind, eine industrielle oder handwerkliche Produktion haben, unsere Produkte ber\u00fccksichtigen die Besonderheiten Ihrer Produktion. Schon seit 20 Jahren liefern wir Weinkisten f\u00fcr die Lagerung und den Transport der Weinflaschen.  Unsere Herstellungsstandards haben sich bew\u00e4hrt und sind f\u00fcr eine lange Lebensdauer ausgelegt. Einige Eichenkisten f\u00fcr die Lagerung von Champagner werden immer noch in der Produktion verwendet &#8211; und dies seit 20 Jahren.<\/p>\n<\/p>\n<\/div>\n<div class=\"row\"><\/div>\n<div class=\"row divised divised2\" style=\"white-space: nowrap\">\n<div class=\"col\">\n<h2 style=\"text-align: justify\">ENTSTEHUNGSPROZESS<\/h2>\n<p style=\"white-space: normal; text-align: justify;\">Unsere festgelegten Standards erlauben uns, Ihnen eine Reihe von Komplettl\u00f6sungen anzubieten. Zu unserem Standardangebot geh\u00f6ren Lager-, Transport- und Geschenkkisten. Unsere Konstruktion kreiert auch neue, innovative L\u00f6sungen, sowohl f\u00fcr den Transport als auch die Pr\u00e4sentation Ihrer Flaschen: Einzelverpackungen, hochwertige Geschenkverpackungen, Pr\u00e4sentationsverpackungen, etc. Dank unserer Innovationskraft k\u00f6nnen wir neue Konzepte f\u00fcr Ihre Produkte entwickeln.<\/p>\n<\/p>\n<\/div>\n<div class=\"col\">\n<h2 style=\"text-align: justify\">DIVERSIFIZIERTES ANGEBOT<\/h2>\n<p style=\"white-space: normal; text-align: justify;\">Auch wenn wir traditionell Kisten zur Lagerung von Schaumweinen herstellen, haben wir zunehmend Konzepte und Produkte zur Pr\u00e4sentation entwickelt. Transportkisten, die zugleich der Pr\u00e4sentation im Laden dienen, Hei\u00dfpr\u00e4gungen zur Hervorhebung Ihrer Marke, gemischte L\u00f6sungen f\u00fcr Transport und Pr\u00e4sentation: sehen Sie unten einige Beispiele.<\/p>\n<\/p>\n<\/div>\n<\/div>\n<div class=\"row\">\n<p style=\"text-align: justify;\">\n<p style=\"text-align: justify;\">\n<\/div>\n<div class=\"row\">\n<h2 style=\"text-align: center;\"><span style=\"font-size: 20pt;\"><i>\u00ab Nos clients nous font confiance \u00bb<\/i><\/span><\/h2>\n<\/div>\n<div class=\"row divised divised2\" style=\"white-space: nowrap\">\n<div class=\"col\">\n<h2 style=\"text-align: justify\"><span style=\"font-size: 10pt;\">Olivier MARLET &#8211; Gestamp<\/span><\/h2>\n<p style=\"white-space: normal; text-align: justify;\"><span style=\"font-style: italic;\">Nous sommes livr\u00e9s en temps et en heure, la qualit\u00e9 de leurs produits est irr\u00e9prochable. Ils s&#8217;adaptent \u00e0 nos demandes de derni\u00e8res minutes et mettent tout en oeuvre pour livrer ces demandes express.<br \/>\nLorsque votre interlocuteur est en d\u00e9placement, il y a toujours un quelqu&#8217;un capable de le remplacer.<\/span><\/p>\n<\/p>\n<\/div>\n<div class=\"col\">\n<h2 style=\"text-align: justify\"><span style=\"font-size: 10pt;\">Andr\u00e9 Streng &#8211; Stevial<\/span><\/h2>\n<p style=\"white-space: normal; text-align: justify;\"><span style=\"font-style: italic;\">Comme d&#8217;habitude, c&#8217;est avec satisfaction que nous avons re\u00e7u notre derni\u00e8re commande de palettes bois pour le stockage de bouteilles. Une livraison rapide, correctement ex\u00e9cut\u00e9e, avec des mati\u00e8res premi\u00e8res de qualit\u00e9, r\u00e9pondant parfaitement \u00e0 nos attentes. Nous tenons ainsi \u00e0 remercier NS Gerbois pour leur constant professionnalisme dans leur livraisons et sommes r\u00e9ellement ravis de cette collaboration p\u00e9renne.<\/span><\/p>\n<\/p>\n<\/div>\n<\/div>\n<div class=\"row\"><style type=\"text\/css\">\n#foogallery-gallery-3966 .fg-image { width: 200px; }\n#foogallery-gallery-3966 { --fg-gutter: 10px; }<\/style>\n\t\t\t<div class=\"foogallery foogallery-container foogallery-default foogallery-lightbox-foobox fg-center fg-default fg-ready fg-light fg-shadow-outline fg-loading-bars fg-loaded-fade-in fg-hover-scale fg-caption-hover fg-hover-fade fg-hover-zoom\" id=\"foogallery-gallery-3966\" data-foogallery=\"{&quot;item&quot;:{&quot;showCaptionTitle&quot;:true,&quot;showCaptionDescription&quot;:true},&quot;lazy&quot;:true}\" style=\"--fg-title-line-clamp: 0; --fg-description-line-clamp: 0;\" >\n\t<div class=\"fg-item fg-type-image fg-idle\"><figure class=\"fg-item-inner\"><a href=\"https:\/\/www.gerbois.com\/wp-content\/uploads\/2018\/02\/galerie_agriculture_caisses_vinicoles.jpg\" data-attachment-id=\"3659\" data-type=\"image\" class=\"fg-thumb\"><span class=\"fg-image-wrap\"><img decoding=\"async\" width=\"200\" height=\"200\" class=\"skip-lazy fg-image\" data-src-fg=\"https:\/\/www.gerbois.com\/wp-content\/uploads\/cache\/2018\/02\/galerie_agriculture_caisses_vinicoles\/526388227.jpg\" src=\"data:image\/svg+xml,%3Csvg%20xmlns%3D%22http%3A%2F%2Fwww.w3.org%2F2000%2Fsvg%22%20width%3D%22200%22%20height%3D%22200%22%20viewBox%3D%220%200%20200%20200%22%3E%3C%2Fsvg%3E\" loading=\"eager\"><\/span><span class=\"fg-image-overlay\"><\/span><\/a><\/figure><div class=\"fg-loader\"><\/div><\/div><div class=\"fg-item fg-type-image fg-idle\"><figure class=\"fg-item-inner\"><a href=\"https:\/\/www.gerbois.com\/wp-content\/uploads\/2018\/02\/galerie_agriculture_caisses_vinicoles_1-e1518777584289.jpg\" data-attachment-id=\"3658\" data-type=\"image\" class=\"fg-thumb\"><span class=\"fg-image-wrap\"><img decoding=\"async\" width=\"200\" height=\"200\" class=\"skip-lazy fg-image\" data-src-fg=\"https:\/\/www.gerbois.com\/wp-content\/uploads\/cache\/2018\/02\/galerie_agriculture_caisses_vinicoles_1-e1518777584289\/3908961441.jpg\" src=\"data:image\/svg+xml,%3Csvg%20xmlns%3D%22http%3A%2F%2Fwww.w3.org%2F2000%2Fsvg%22%20width%3D%22200%22%20height%3D%22200%22%20viewBox%3D%220%200%20200%20200%22%3E%3C%2Fsvg%3E\" loading=\"eager\"><\/span><span class=\"fg-image-overlay\"><\/span><\/a><\/figure><div class=\"fg-loader\"><\/div><\/div><\/div>\n<\/div>\n<\/div>\n","protected":false},"excerpt":{"rendered":"<p>WEINBAU GOb Sie ein gro\u00dfer oder lokaler Produzent sind, eine industrielle oder handwerkliche Produktion haben, unsere Produkte ber\u00fccksichtigen die Besonderheiten Ihrer Produktion. Schon seit 20 Jahren liefern wir Weinkisten f\u00fcr die Lagerung und den Transport der Weinflaschen. Unsere Herstellungsstandards haben sich bew\u00e4hrt und sind f\u00fcr eine lange Lebensdauer ausgelegt. Einige Eichenkisten f\u00fcr die Lagerung von &hellip; <a href=\"https:\/\/www.gerbois.com\/de\/viniculture\/\" class=\"more-link\">Continue reading <span class=\"screen-reader-text\">WEINBAU<\/span> <span class=\"meta-nav\">&rarr;<\/span><\/a><\/p>\n","protected":false},"author":3,"featured_media":0,"parent":0,"menu_order":0,"comment_status":"closed","ping_status":"closed","template":"page-template\/full-width.php","meta":{"cybocfi_hide_featured_image":"","footnotes":""},"class_list":["post-3420","page","type-page","status-publish","hentry"],"translation":{"provider":"WPGlobus","version":"3.0.2","language":"de","enabled_languages":["fr","en","de","it"],"languages":{"fr":{"title":true,"content":true,"excerpt":false},"en":{"title":true,"content":true,"excerpt":false},"de":{"title":true,"content":true,"excerpt":false},"it":{"title":true,"content":true,"excerpt":false}}},"yoast_head":"<!-- This site is optimized with the Yoast SEO plugin v27.5 - https:\/\/yoast.com\/product\/yoast-seo-wordpress\/ -->\n<title>WEINBAU - NS GERBOIS<\/title>\n<meta name=\"robots\" content=\"index, follow, max-snippet:-1, max-image-preview:large, max-video-preview:-1\" \/>\n<link rel=\"canonical\" href=\"https:\/\/www.gerbois.com\/it\/viniculture\/\" \/>\n<meta property=\"og:locale\" content=\"de_DE\" \/>\n<meta property=\"og:type\" content=\"article\" \/>\n<meta property=\"og:title\" content=\"WEINBAU - NS GERBOIS\" \/>\n<meta property=\"og:url\" content=\"https:\/\/www.gerbois.com\/it\/viniculture\/\" \/>\n<meta property=\"og:site_name\" content=\"NS GERBOIS\" \/>\n<meta property=\"article:publisher\" content=\"https:\/\/www.facebook.com\/profile.php?id=100076213082957\" \/>\n<meta property=\"article:modified_time\" content=\"2018-04-17T11:55:04+00:00\" \/>\n<meta property=\"og:image\" content=\"https:\/\/i0.wp.com\/www.gerbois.com\/wp-content\/uploads\/2023\/09\/NSGerbois.png?fit=1200%2C675&ssl=1\" \/>\n\t<meta property=\"og:image:width\" content=\"1200\" \/>\n\t<meta property=\"og:image:height\" content=\"675\" \/>\n\t<meta property=\"og:image:type\" content=\"image\/png\" \/>\n<meta name=\"twitter:card\" content=\"summary_large_image\" \/>\n<meta name=\"twitter:label1\" content=\"Gesch\u00e4tzte Lesezeit\" \/>\n\t<meta name=\"twitter:data1\" content=\"7\u00a0Minuten\" \/>\n<script type=\"application\/ld+json\" class=\"yoast-schema-graph\">{\"@context\":\"https:\\\/\\\/schema.org\",\"@graph\":[{\"@type\":\"WebPage\",\"@id\":\"https:\\\/\\\/www.gerbois.com\\\/it\\\/viniculture\\\/\",\"url\":\"https:\\\/\\\/www.gerbois.com\\\/it\\\/viniculture\\\/\",\"name\":\"WEINBAU - NS GERBOIS\",\"isPartOf\":{\"@id\":\"https:\\\/\\\/www.gerbois.com\\\/#website\"},\"datePublished\":\"2018-02-13T15:03:17+00:00\",\"dateModified\":\"2018-04-17T11:55:04+00:00\",\"breadcrumb\":{\"@id\":\"https:\\\/\\\/www.gerbois.com\\\/it\\\/viniculture\\\/#breadcrumb\"},\"inLanguage\":\"de\",\"potentialAction\":[{\"@type\":\"ReadAction\",\"target\":[\"https:\\\/\\\/www.gerbois.com\\\/it\\\/viniculture\\\/\"]}]},{\"@type\":\"BreadcrumbList\",\"@id\":\"https:\\\/\\\/www.gerbois.com\\\/it\\\/viniculture\\\/#breadcrumb\",\"itemListElement\":[{\"@type\":\"ListItem\",\"position\":1,\"name\":\"Accueil\",\"item\":\"https:\\\/\\\/www.gerbois.com\\\/\"},{\"@type\":\"ListItem\",\"position\":2,\"name\":\"VITICOLTURA\"}]},{\"@type\":\"WebSite\",\"@id\":\"https:\\\/\\\/www.gerbois.com\\\/#website\",\"url\":\"https:\\\/\\\/www.gerbois.com\\\/\",\"name\":\"NS Gerbois emballeur industriel\",\"description\":\"Design und Herstellung von industriellen Holzverpackungen\",\"alternateName\":\"Nouvelle Soci\u00e9t\u00e9 Gerbois\",\"potentialAction\":[{\"@type\":\"SearchAction\",\"target\":{\"@type\":\"EntryPoint\",\"urlTemplate\":\"https:\\\/\\\/www.gerbois.com\\\/?s={search_term_string}\"},\"query-input\":{\"@type\":\"PropertyValueSpecification\",\"valueRequired\":true,\"valueName\":\"search_term_string\"}}],\"inLanguage\":\"de\"}]}<\/script>\n<!-- \/ Yoast SEO plugin. -->","yoast_head_json":{"title":"WEINBAU - NS GERBOIS","robots":{"index":"index","follow":"follow","max-snippet":"max-snippet:-1","max-image-preview":"max-image-preview:large","max-video-preview":"max-video-preview:-1"},"canonical":"https:\/\/www.gerbois.com\/it\/viniculture\/","og_locale":"de_DE","og_type":"article","og_title":"WEINBAU - NS GERBOIS","og_url":"https:\/\/www.gerbois.com\/it\/viniculture\/","og_site_name":"NS GERBOIS","article_publisher":"https:\/\/www.facebook.com\/profile.php?id=100076213082957","article_modified_time":"2018-04-17T11:55:04+00:00","og_image":[{"width":1200,"height":675,"url":"https:\/\/i0.wp.com\/www.gerbois.com\/wp-content\/uploads\/2023\/09\/NSGerbois.png?fit=1200%2C675&ssl=1","type":"image\/png"}],"twitter_card":"summary_large_image","twitter_misc":{"Gesch\u00e4tzte Lesezeit":"7\u00a0Minuten"},"schema":{"@context":"https:\/\/schema.org","@graph":[{"@type":"WebPage","@id":"https:\/\/www.gerbois.com\/it\/viniculture\/","url":"https:\/\/www.gerbois.com\/it\/viniculture\/","name":"WEINBAU - NS GERBOIS","isPartOf":{"@id":"https:\/\/www.gerbois.com\/#website"},"datePublished":"2018-02-13T15:03:17+00:00","dateModified":"2018-04-17T11:55:04+00:00","breadcrumb":{"@id":"https:\/\/www.gerbois.com\/it\/viniculture\/#breadcrumb"},"inLanguage":"de","potentialAction":[{"@type":"ReadAction","target":["https:\/\/www.gerbois.com\/it\/viniculture\/"]}]},{"@type":"BreadcrumbList","@id":"https:\/\/www.gerbois.com\/it\/viniculture\/#breadcrumb","itemListElement":[{"@type":"ListItem","position":1,"name":"Accueil","item":"https:\/\/www.gerbois.com\/"},{"@type":"ListItem","position":2,"name":"VITICOLTURA"}]},{"@type":"WebSite","@id":"https:\/\/www.gerbois.com\/#website","url":"https:\/\/www.gerbois.com\/","name":"NS Gerbois emballeur industriel","description":"Design und Herstellung von industriellen Holzverpackungen","alternateName":"Nouvelle Soci\u00e9t\u00e9 Gerbois","potentialAction":[{"@type":"SearchAction","target":{"@type":"EntryPoint","urlTemplate":"https:\/\/www.gerbois.com\/?s={search_term_string}"},"query-input":{"@type":"PropertyValueSpecification","valueRequired":true,"valueName":"search_term_string"}}],"inLanguage":"de"}]}},"jetpack_sharing_enabled":true,"jetpack_likes_enabled":true,"_links":{"self":[{"href":"https:\/\/www.gerbois.com\/de\/wp-json\/wp\/v2\/pages\/3420","targetHints":{"allow":["GET"]}}],"collection":[{"href":"https:\/\/www.gerbois.com\/de\/wp-json\/wp\/v2\/pages"}],"about":[{"href":"https:\/\/www.gerbois.com\/de\/wp-json\/wp\/v2\/types\/page"}],"author":[{"embeddable":true,"href":"https:\/\/www.gerbois.com\/de\/wp-json\/wp\/v2\/users\/3"}],"replies":[{"embeddable":true,"href":"https:\/\/www.gerbois.com\/de\/wp-json\/wp\/v2\/comments?post=3420"}],"version-history":[{"count":28,"href":"https:\/\/www.gerbois.com\/de\/wp-json\/wp\/v2\/pages\/3420\/revisions"}],"predecessor-version":[{"id":4289,"href":"https:\/\/www.gerbois.com\/de\/wp-json\/wp\/v2\/pages\/3420\/revisions\/4289"}],"wp:attachment":[{"href":"https:\/\/www.gerbois.com\/de\/wp-json\/wp\/v2\/media?parent=3420"}],"curies":[{"name":"wp","href":"https:\/\/api.w.org\/{rel}","templated":true}]}}