{"id":54,"date":"2016-06-08T10:39:25","date_gmt":"2016-06-08T08:39:25","guid":{"rendered":"http:\/\/52.56.129.142\/?page_id=54"},"modified":"2024-05-21T18:46:44","modified_gmt":"2024-05-21T16:46:44","slug":"societe-ns-gerbois","status":"publish","type":"page","link":"https:\/\/www.gerbois.com\/de\/societe-ns-gerbois\/","title":{"rendered":"UNSER UNTERNEHMEN"},"content":{"rendered":"<div class='section-full-width' style='background: linear-gradient(rgba(81,171,53,0), rgba(81,171,53,0.75)) no-repeat center top; color: white;'><div class='row forehead'><div class='col' style=''><\/p>\n<h1 style=\"text-align: justify;\">UNSER UNTERNEHMEN :<\/h1>\n<p style=\"text-align: justify;\">Nouvelle Soci\u00e9t\u00e9 Gerbois SAS entwirft und fertigt Industrieverpackungen aller Art, vor allem aus Holz. Mit mehr als 40 Jahre Erfahrung in diesem Bereich begleiten wir Sie bei Ihren Projekten und reagieren rasch auf Ihre W\u00fcnsche. Unsere Produkte sind f\u00fcr alle Transportarten geeignet und nach Ma\u00df entwickelt und gefertigt. Gleich ob es sich um Gro\u00dfserien oder einzelne Projekte handelt, unser Unternehmen ist flexibel und reagiert prompt. Wir unterst\u00fctzen unsere Kunden im Tagesgesch\u00e4ft und pflegen eine nachhaltige Partnerschaft. Flexibilit\u00e4t und Zuverl\u00e4ssigkeit gehen Hand in Hand. So k\u00f6nnen wir Ihnen hochwertige Leistungen und Produkte anbieten und dabei die Kosten unter Kontrolle halten.<\/p>\n<p style=\"text-align: justify;\"><\/div><div class='col' style=''><img data-recalc-dims=\"1\" loading=\"lazy\" decoding=\"async\" class=\"alignnone wp-image-216 size-full\" src=\"https:\/\/i0.wp.com\/52.56.129.142\/wp-content\/uploads\/2016\/06\/logo-GB.png?resize=273%2C280\" alt=\"logo-GB\" width=\"273\" height=\"280\" srcset=\"https:\/\/i0.wp.com\/www.gerbois.com\/wp-content\/uploads\/2016\/06\/logo-GB.png?w=273&amp;ssl=1 273w, https:\/\/i0.wp.com\/www.gerbois.com\/wp-content\/uploads\/2016\/06\/logo-GB.png?resize=24%2C24&amp;ssl=1 24w, https:\/\/i0.wp.com\/www.gerbois.com\/wp-content\/uploads\/2016\/06\/logo-GB.png?resize=36%2C36&amp;ssl=1 36w, https:\/\/i0.wp.com\/www.gerbois.com\/wp-content\/uploads\/2016\/06\/logo-GB.png?resize=48%2C48&amp;ssl=1 48w\" sizes=\"auto, (max-width: 273px) 100vw, 273px\" \/><\/div><\/div><\/div>\n<div class='section-full-width' style='background: linear-gradient(rgba(81,171,53,0.75), rgba(81,171,53,0)) no-repeat center top; color: white;'><div class='row'><\/p>\n<h2 style=\"text-align: justify;\">UNSER TEAM<\/h2>\n<p style=\"text-align: justify;\">Unser Team, das \u00fcber mehr als 40 Jahre Erfahrung verf\u00fcgt, vereint zahlreiche Holz- und Industrieverpackungsexperten. NSGerbois ist stolz auf seine kompetenten Mitarbeiter verschiedenster Altersgruppen, die mit Elan und Professionalit\u00e4t arbeiten.<\/p>\n<h2 style=\"text-align: justify;\">UNSERE PHILOSOPHIE<\/h2>\n<p style=\"text-align: justify;\">Unser Unternehmen steht im Dienste der Menschen und nicht umgekehrt.<\/p>\n<p style=\"text-align: justify;\">Wir sind in den Vogesen zu Hause, in der N\u00e4he unserer Bezugsquellen und der gro\u00dfen Verkehrsachsen Europas. Mit einer Lagerfl\u00e4che von \u00fcber 5 ha im Freien und einer \u00fcberdachten Lagerfl\u00e4che von 6.000 m\u00b2 sind wir imstande, auf Ihren Bedarf zu reagieren. Wir verf\u00fcgen \u00fcber einen leistungsf\u00e4higen Maschinenpark: Er ist mit einem NC-Bearbeitungszentrum sowie einer unabh\u00e4ngigen und \u00f6kologischen Trocknungsanlage mit einer Kapazit\u00e4t von 180 m\u00b3 f\u00fcr die Behandlung nach ISPM 15 ausgestattet.<\/p>\n<p style=\"text-align: justify;\">Die Organisationsstruktur unseres Unternehmens ist kreisf\u00f6rmig, nicht pyramidal. Sie spiegelt unser Streben nach Austausch, Dialog und nach Weiterentwicklung im Team wider. Unsere Mitarbeiter in der Produktion sind erfahren und geschult. Dies alles garantiert unseren Kunden ein hohes Service- und Qualit\u00e4tsniveau.<\/div><div class='row'><\/div><\/div>\n<div class='section-full-width' style='background: url(\"..\/..\/wp-content\/uploads\/2016\/06\/forest.jpg\") no-repeat center top; color: black;'><div class='row'><\/p>\n<h2 style=\"text-align: justify;\">UNSERE GESCHICHTE<\/h2>\n<p style=\"text-align: justify;\">Nouvelle Soci\u00e9t\u00e9 Gerbois SAS entstand 2014 aus der Begegnung zweier Frauen und eines Teils der Mitarbeiter der ehemaligen Gesellschaft Gerbois SAS. Das ehemalige Unternehmen, das seinen Standort in den Vogesen hatte und jahrzehntelang florierte, geriet in den Jahren 2010 in Schwierigkeiten. Unser Unternehmen ist vor allem die Geschichte eines gro\u00dfen menschlichen Abenteuers, das Ergebnis der Hartn\u00e4ckigkeit der verschiedenen Akteure. Unsere Geschichte ist die einer Wiedergeburt, bei der sich Erfahrung und Know-how mit der Moderne, Innovation und Anpassung an den Wandel der Industrie weltweit vereinten. Entdecken Sie unsere Geschichte anhand der wichtigsten Daten.<\/p>\n<p><style type=\"text\/css\">\n#foogallery-gallery-3834 .fg-image { width: 200px; }\n#foogallery-gallery-3834 { --fg-gutter: 10px; }<\/style>\n\t\t\t<div class=\"foogallery foogallery-container foogallery-default foogallery-lightbox-foobox fg-center fg-default fg-ready fg-light fg-shadow-outline fg-loading-bars fg-loaded-fade-in fg-hover-scale fg-caption-hover fg-hover-fade fg-hover-zoom\" id=\"foogallery-gallery-3834\" data-foogallery=\"{&quot;item&quot;:{&quot;showCaptionTitle&quot;:true,&quot;showCaptionDescription&quot;:true},&quot;lazy&quot;:true}\" style=\"--fg-title-line-clamp: 0; --fg-description-line-clamp: 0;\" >\n\t<div class=\"fg-item fg-type-image fg-idle\"><figure class=\"fg-item-inner\"><a href=\"https:\/\/www.gerbois.com\/wp-content\/uploads\/2018\/02\/Team2022-scaled.jpg\" data-caption-title=\"Equipe NS Gerbois 2022\" data-caption-desc=\"Toute l&#039;\u00e9quipe NS Gerbois 2022\" data-attachment-id=\"7835\" data-type=\"image\" class=\"fg-thumb\"><span class=\"fg-image-wrap\"><img decoding=\"async\" title=\"Equipe NS Gerbois 2022\" width=\"200\" height=\"200\" class=\"skip-lazy fg-image\" data-src-fg=\"https:\/\/www.gerbois.com\/wp-content\/uploads\/cache\/2018\/02\/Team2022-scaled\/1402796293.jpg\" src=\"data:image\/svg+xml,%3Csvg%20xmlns%3D%22http%3A%2F%2Fwww.w3.org%2F2000%2Fsvg%22%20width%3D%22200%22%20height%3D%22200%22%20viewBox%3D%220%200%20200%20200%22%3E%3C%2Fsvg%3E\" loading=\"eager\"><\/span><span class=\"fg-image-overlay\"><\/span><\/a><figcaption class=\"fg-caption\"><div class=\"fg-caption-inner\"><div class=\"fg-caption-title\">Equipe NS Gerbois 2022<\/div><div class=\"fg-caption-desc\">Toute l'\u00e9quipe NS Gerbois 2022<\/div><\/div><\/figcaption><\/figure><div class=\"fg-loader\"><\/div><\/div><div class=\"fg-item fg-type-image fg-idle\"><figure class=\"fg-item-inner\"><a href=\"https:\/\/www.gerbois.com\/wp-content\/uploads\/2018\/02\/galerie_societe_Gerbois_Michel-LAURENT-DSC_8601.jpg\" data-attachment-id=\"3679\" data-type=\"image\" class=\"fg-thumb\"><span class=\"fg-image-wrap\"><img decoding=\"async\" width=\"200\" height=\"200\" class=\"skip-lazy fg-image\" data-src-fg=\"https:\/\/www.gerbois.com\/wp-content\/uploads\/cache\/2018\/02\/galerie_societe_Gerbois_Michel-LAURENT-DSC_8601\/3175236369.jpg\" src=\"data:image\/svg+xml,%3Csvg%20xmlns%3D%22http%3A%2F%2Fwww.w3.org%2F2000%2Fsvg%22%20width%3D%22200%22%20height%3D%22200%22%20viewBox%3D%220%200%20200%20200%22%3E%3C%2Fsvg%3E\" loading=\"eager\"><\/span><span class=\"fg-image-overlay\"><\/span><\/a><\/figure><div class=\"fg-loader\"><\/div><\/div><div class=\"fg-item fg-type-image fg-idle\"><figure class=\"fg-item-inner\"><a href=\"https:\/\/www.gerbois.com\/wp-content\/uploads\/2018\/02\/galerie_societe_Gerbois_Michel-LAURENT-DSC_8608.jpg\" data-attachment-id=\"3680\" data-type=\"image\" class=\"fg-thumb\"><span class=\"fg-image-wrap\"><img decoding=\"async\" width=\"200\" height=\"200\" class=\"skip-lazy fg-image\" data-src-fg=\"https:\/\/www.gerbois.com\/wp-content\/uploads\/cache\/2018\/02\/galerie_societe_Gerbois_Michel-LAURENT-DSC_8608\/3201088042.jpg\" src=\"data:image\/svg+xml,%3Csvg%20xmlns%3D%22http%3A%2F%2Fwww.w3.org%2F2000%2Fsvg%22%20width%3D%22200%22%20height%3D%22200%22%20viewBox%3D%220%200%20200%20200%22%3E%3C%2Fsvg%3E\" loading=\"eager\"><\/span><span class=\"fg-image-overlay\"><\/span><\/a><\/figure><div class=\"fg-loader\"><\/div><\/div><div class=\"fg-item fg-type-image fg-idle\"><figure class=\"fg-item-inner\"><a href=\"https:\/\/www.gerbois.com\/wp-content\/uploads\/2018\/02\/galerie_societe_Gerbois_Michel-LAURENT-DSC_8628.jpg\" data-caption-title=\"Enseigne NS Gerbois \u00a9Michel LAURENT\" data-caption-desc=\"Enseigne NS Gerbois \u00a9Michel LAURENT\" data-attachment-id=\"3681\" data-type=\"image\" class=\"fg-thumb\"><span class=\"fg-image-wrap\"><img decoding=\"async\" title=\"Enseigne NS Gerbois \u00a9Michel LAURENT\" width=\"200\" height=\"200\" class=\"skip-lazy fg-image\" data-src-fg=\"https:\/\/www.gerbois.com\/wp-content\/uploads\/cache\/2018\/02\/galerie_societe_Gerbois_Michel-LAURENT-DSC_8628\/1716790654.jpg\" src=\"data:image\/svg+xml,%3Csvg%20xmlns%3D%22http%3A%2F%2Fwww.w3.org%2F2000%2Fsvg%22%20width%3D%22200%22%20height%3D%22200%22%20viewBox%3D%220%200%20200%20200%22%3E%3C%2Fsvg%3E\" loading=\"eager\"><\/span><span class=\"fg-image-overlay\"><\/span><\/a><figcaption class=\"fg-caption\"><div class=\"fg-caption-inner\"><div class=\"fg-caption-title\">Enseigne NS Gerbois \u00a9Michel LAURENT<\/div><div class=\"fg-caption-desc\">Enseigne NS Gerbois \u00a9Michel LAURENT<\/div><\/div><\/figcaption><\/figure><div class=\"fg-loader\"><\/div><\/div><div class=\"fg-item fg-type-image fg-idle\"><figure class=\"fg-item-inner\"><a href=\"https:\/\/www.gerbois.com\/wp-content\/uploads\/2018\/02\/galerie_societe_Gerbois_Michel-LAURENT-LMZ_8457.jpg\" data-attachment-id=\"3683\" data-type=\"image\" class=\"fg-thumb\"><span class=\"fg-image-wrap\"><img decoding=\"async\" width=\"200\" height=\"200\" class=\"skip-lazy fg-image\" data-src-fg=\"https:\/\/www.gerbois.com\/wp-content\/uploads\/cache\/2018\/02\/galerie_societe_Gerbois_Michel-LAURENT-LMZ_8457\/3112102554.jpg\" src=\"data:image\/svg+xml,%3Csvg%20xmlns%3D%22http%3A%2F%2Fwww.w3.org%2F2000%2Fsvg%22%20width%3D%22200%22%20height%3D%22200%22%20viewBox%3D%220%200%20200%20200%22%3E%3C%2Fsvg%3E\" loading=\"eager\"><\/span><span class=\"fg-image-overlay\"><\/span><\/a><\/figure><div class=\"fg-loader\"><\/div><\/div><div class=\"fg-item fg-type-image fg-idle\"><figure class=\"fg-item-inner\"><a href=\"https:\/\/www.gerbois.com\/wp-content\/uploads\/2018\/02\/galerie_societe_Gerbois_Michel-LAURENT-LMY_552.jpg\" data-attachment-id=\"3682\" data-type=\"image\" class=\"fg-thumb\"><span class=\"fg-image-wrap\"><img decoding=\"async\" width=\"200\" height=\"200\" class=\"skip-lazy fg-image\" data-src-fg=\"https:\/\/www.gerbois.com\/wp-content\/uploads\/cache\/2018\/02\/galerie_societe_Gerbois_Michel-LAURENT-LMY_552\/2600599983.jpg\" src=\"data:image\/svg+xml,%3Csvg%20xmlns%3D%22http%3A%2F%2Fwww.w3.org%2F2000%2Fsvg%22%20width%3D%22200%22%20height%3D%22200%22%20viewBox%3D%220%200%20200%20200%22%3E%3C%2Fsvg%3E\" loading=\"eager\"><\/span><span class=\"fg-image-overlay\"><\/span><\/a><\/figure><div class=\"fg-loader\"><\/div><\/div><\/div>\n<p><\/div><\/div>\n","protected":false},"excerpt":{"rendered":"{:fr}[vc_section parallax=\"content-moving\" parallax_image=\"3681\" parallax_speed_bg=\"3\"][vc_row full_width=\"stretch_row\" equal_height=\"yes\" content_placement=\"middle\" css=\".vc_custom_1631000507095{margin-bottom: -1px !important;padding-right: 50px !important;padding-left: 100px !important;}\"][vc_column width=\"1\/2\" css=\".vc_custom_1631033901725{margin-top: 0px !important;margin-left: 50px !important;border-top-width: 0px !important;padding-top: 150px !important;padding-right: 25px !important;padding-bottom: 150px !important;padding-left: 25px !important;background-color: rgba(76,169,56,0.75) !important;*background-color: rgb(76,169,56) !important;}\" offset=\"vc_col-xs-12\"][vc_custom_heading text=\"NOTRE SOCI\u00c9T\u00c9\" font_container=\"tag:h1|font_size:38|text_align:center|color:%23ffffff|line_height:1\" google_fonts=\"font_family:Montserrat%3Aregular%2C700|font_style:400%20regular%3A400%3Anormal\"][\/vc_column][vc_column width=\"1\/2\" offset=\"vc_hidden-xs\"][\/vc_column][\/vc_row][\/vc_section][vc_section full_width=\"stretch_row_content\" content_placement=\"middle\" css=\".vc_custom_1631001141482{padding-bottom: 50px !important;}\"][vc_row equal_height=\"yes\" content_placement=\"middle\" css=\".vc_custom_1631034308458{padding-top: 25px !important;padding-bottom: 25px !important;padding-left: 100px !important;}\"][vc_column &hellip; <a href=\"https:\/\/www.gerbois.com\/de\/societe-ns-gerbois\/\" class=\"more-link\">Continue reading <span class=\"screen-reader-text\">UNSER UNTERNEHMEN<\/span> <span class=\"meta-nav\">&rarr;<\/span><\/a>","protected":false},"author":3,"featured_media":0,"parent":0,"menu_order":0,"comment_status":"closed","ping_status":"closed","template":"page-template\/full-width.php","meta":{"cybocfi_hide_featured_image":"","footnotes":""},"class_list":["post-54","page","type-page","status-publish","hentry"],"translation":{"provider":"WPGlobus","version":"3.0.2","language":"de","enabled_languages":["fr","en","de","it"],"languages":{"fr":{"title":true,"content":true,"excerpt":false},"en":{"title":true,"content":true,"excerpt":false},"de":{"title":true,"content":true,"excerpt":false},"it":{"title":true,"content":true,"excerpt":false}}},"yoast_head":"<!-- This site is optimized with the Yoast SEO plugin v27.4 - https:\/\/yoast.com\/product\/yoast-seo-wordpress\/ -->\n<title>NS GERBOIS - UNSER UNTERNEHMEN<\/title>\n<meta name=\"robots\" content=\"index, follow, max-snippet:-1, max-image-preview:large, max-video-preview:-1\" \/>\n<link rel=\"canonical\" href=\"https:\/\/www.gerbois.com\/societe-ns-gerbois\/\" \/>\n<meta property=\"og:locale\" content=\"de_DE\" \/>\n<meta property=\"og:type\" content=\"article\" \/>\n<meta property=\"og:title\" content=\"UNSER UNTERNEHMEN - NS GERBOIS\" \/>\n<meta property=\"og:url\" content=\"https:\/\/www.gerbois.com\/societe-ns-gerbois\/\" \/>\n<meta property=\"og:site_name\" content=\"NS GERBOIS\" \/>\n<meta property=\"article:publisher\" content=\"https:\/\/www.facebook.com\/profile.php?id=100076213082957\" \/>\n<meta property=\"article:modified_time\" content=\"2024-05-21T16:46:44+00:00\" \/>\n<meta property=\"og:image\" content=\"http:\/\/52.56.129.142\/wp-content\/uploads\/2016\/06\/logo-GB.png\" \/>\n<meta name=\"twitter:card\" content=\"summary_large_image\" \/>\n<meta name=\"twitter:label1\" content=\"Gesch\u00e4tzte Lesezeit\" \/>\n\t<meta name=\"twitter:data1\" content=\"3\u00a0Minuten\" \/>\n<script type=\"application\/ld+json\" class=\"yoast-schema-graph\">{\"@context\":\"https:\\\/\\\/schema.org\",\"@graph\":[{\"@type\":[\"WebPage\",\"AboutPage\"],\"@id\":\"https:\\\/\\\/www.gerbois.com\\\/societe-ns-gerbois\\\/\",\"url\":\"https:\\\/\\\/www.gerbois.com\\\/societe-ns-gerbois\\\/\",\"name\":\"NS GERBOIS - UNSER UNTERNEHMEN\",\"isPartOf\":{\"@id\":\"https:\\\/\\\/www.gerbois.com\\\/#website\"},\"primaryImageOfPage\":{\"@id\":\"https:\\\/\\\/www.gerbois.com\\\/societe-ns-gerbois\\\/#primaryimage\"},\"image\":{\"@id\":\"https:\\\/\\\/www.gerbois.com\\\/societe-ns-gerbois\\\/#primaryimage\"},\"thumbnailUrl\":\"http:\\\/\\\/52.56.129.142\\\/wp-content\\\/uploads\\\/2016\\\/06\\\/logo-GB.png\",\"datePublished\":\"2016-06-08T08:39:25+00:00\",\"dateModified\":\"2024-05-21T16:46:44+00:00\",\"description\":\"D\u00e9couvrez la soci\u00e9t\u00e9 NS Gerbois, sp\u00e9cialiste de la conception et fabrication d'emballages industriels \u00e0 dominante bois.\",\"breadcrumb\":{\"@id\":\"https:\\\/\\\/www.gerbois.com\\\/societe-ns-gerbois\\\/#breadcrumb\"},\"inLanguage\":\"de\",\"potentialAction\":[{\"@type\":\"ReadAction\",\"target\":[\"https:\\\/\\\/www.gerbois.com\\\/societe-ns-gerbois\\\/\"]}]},{\"@type\":\"ImageObject\",\"inLanguage\":\"de\",\"@id\":\"https:\\\/\\\/www.gerbois.com\\\/societe-ns-gerbois\\\/#primaryimage\",\"url\":\"http:\\\/\\\/52.56.129.142\\\/wp-content\\\/uploads\\\/2016\\\/06\\\/logo-GB.png\",\"contentUrl\":\"http:\\\/\\\/52.56.129.142\\\/wp-content\\\/uploads\\\/2016\\\/06\\\/logo-GB.png\"},{\"@type\":\"BreadcrumbList\",\"@id\":\"https:\\\/\\\/www.gerbois.com\\\/societe-ns-gerbois\\\/#breadcrumb\",\"itemListElement\":[{\"@type\":\"ListItem\",\"position\":1,\"name\":\"Accueil\",\"item\":\"https:\\\/\\\/www.gerbois.com\\\/\"},{\"@type\":\"ListItem\",\"position\":2,\"name\":\"Soci\u00e9t\u00e9\"}]},{\"@type\":\"WebSite\",\"@id\":\"https:\\\/\\\/www.gerbois.com\\\/#website\",\"url\":\"https:\\\/\\\/www.gerbois.com\\\/\",\"name\":\"NS Gerbois emballeur industriel\",\"description\":\"Design und Herstellung von industriellen Holzverpackungen\",\"alternateName\":\"Nouvelle Soci\u00e9t\u00e9 Gerbois\",\"potentialAction\":[{\"@type\":\"SearchAction\",\"target\":{\"@type\":\"EntryPoint\",\"urlTemplate\":\"https:\\\/\\\/www.gerbois.com\\\/?s={search_term_string}\"},\"query-input\":{\"@type\":\"PropertyValueSpecification\",\"valueRequired\":true,\"valueName\":\"search_term_string\"}}],\"inLanguage\":\"de\"}]}<\/script>\n<!-- \/ Yoast SEO plugin. -->","yoast_head_json":{"title":"NS GERBOIS - UNSER UNTERNEHMEN","robots":{"index":"index","follow":"follow","max-snippet":"max-snippet:-1","max-image-preview":"max-image-preview:large","max-video-preview":"max-video-preview:-1"},"canonical":"https:\/\/www.gerbois.com\/societe-ns-gerbois\/","og_locale":"de_DE","og_type":"article","og_title":"UNSER UNTERNEHMEN - NS GERBOIS","og_url":"https:\/\/www.gerbois.com\/societe-ns-gerbois\/","og_site_name":"NS GERBOIS","article_publisher":"https:\/\/www.facebook.com\/profile.php?id=100076213082957","article_modified_time":"2024-05-21T16:46:44+00:00","og_image":[{"url":"http:\/\/52.56.129.142\/wp-content\/uploads\/2016\/06\/logo-GB.png","type":"","width":"","height":""}],"twitter_card":"summary_large_image","twitter_misc":{"Gesch\u00e4tzte Lesezeit":"3\u00a0Minuten"},"schema":{"@context":"https:\/\/schema.org","@graph":[{"@type":["WebPage","AboutPage"],"@id":"https:\/\/www.gerbois.com\/societe-ns-gerbois\/","url":"https:\/\/www.gerbois.com\/societe-ns-gerbois\/","name":"NS GERBOIS - UNSER UNTERNEHMEN","isPartOf":{"@id":"https:\/\/www.gerbois.com\/#website"},"primaryImageOfPage":{"@id":"https:\/\/www.gerbois.com\/societe-ns-gerbois\/#primaryimage"},"image":{"@id":"https:\/\/www.gerbois.com\/societe-ns-gerbois\/#primaryimage"},"thumbnailUrl":"http:\/\/52.56.129.142\/wp-content\/uploads\/2016\/06\/logo-GB.png","datePublished":"2016-06-08T08:39:25+00:00","dateModified":"2024-05-21T16:46:44+00:00","description":"D\u00e9couvrez la soci\u00e9t\u00e9 NS Gerbois, sp\u00e9cialiste de la conception et fabrication d'emballages industriels \u00e0 dominante bois.","breadcrumb":{"@id":"https:\/\/www.gerbois.com\/societe-ns-gerbois\/#breadcrumb"},"inLanguage":"de","potentialAction":[{"@type":"ReadAction","target":["https:\/\/www.gerbois.com\/societe-ns-gerbois\/"]}]},{"@type":"ImageObject","inLanguage":"de","@id":"https:\/\/www.gerbois.com\/societe-ns-gerbois\/#primaryimage","url":"http:\/\/52.56.129.142\/wp-content\/uploads\/2016\/06\/logo-GB.png","contentUrl":"http:\/\/52.56.129.142\/wp-content\/uploads\/2016\/06\/logo-GB.png"},{"@type":"BreadcrumbList","@id":"https:\/\/www.gerbois.com\/societe-ns-gerbois\/#breadcrumb","itemListElement":[{"@type":"ListItem","position":1,"name":"Accueil","item":"https:\/\/www.gerbois.com\/"},{"@type":"ListItem","position":2,"name":"Soci\u00e9t\u00e9"}]},{"@type":"WebSite","@id":"https:\/\/www.gerbois.com\/#website","url":"https:\/\/www.gerbois.com\/","name":"NS Gerbois emballeur industriel","description":"Design und Herstellung von industriellen Holzverpackungen","alternateName":"Nouvelle Soci\u00e9t\u00e9 Gerbois","potentialAction":[{"@type":"SearchAction","target":{"@type":"EntryPoint","urlTemplate":"https:\/\/www.gerbois.com\/?s={search_term_string}"},"query-input":{"@type":"PropertyValueSpecification","valueRequired":true,"valueName":"search_term_string"}}],"inLanguage":"de"}]}},"jetpack_sharing_enabled":true,"jetpack_likes_enabled":true,"_links":{"self":[{"href":"https:\/\/www.gerbois.com\/de\/wp-json\/wp\/v2\/pages\/54","targetHints":{"allow":["GET"]}}],"collection":[{"href":"https:\/\/www.gerbois.com\/de\/wp-json\/wp\/v2\/pages"}],"about":[{"href":"https:\/\/www.gerbois.com\/de\/wp-json\/wp\/v2\/types\/page"}],"author":[{"embeddable":true,"href":"https:\/\/www.gerbois.com\/de\/wp-json\/wp\/v2\/users\/3"}],"replies":[{"embeddable":true,"href":"https:\/\/www.gerbois.com\/de\/wp-json\/wp\/v2\/comments?post=54"}],"version-history":[{"count":279,"href":"https:\/\/www.gerbois.com\/de\/wp-json\/wp\/v2\/pages\/54\/revisions"}],"predecessor-version":[{"id":8761,"href":"https:\/\/www.gerbois.com\/de\/wp-json\/wp\/v2\/pages\/54\/revisions\/8761"}],"wp:attachment":[{"href":"https:\/\/www.gerbois.com\/de\/wp-json\/wp\/v2\/media?parent=54"}],"curies":[{"name":"wp","href":"https:\/\/api.w.org\/{rel}","templated":true}]}}