{"id":9746,"date":"2024-04-19T15:48:29","date_gmt":"2024-04-19T13:48:29","guid":{"rendered":"https:\/\/www.gerbois.com\/?page_id=9746"},"modified":"2025-03-27T10:00:43","modified_gmt":"2025-03-27T09:00:43","slug":"emballage-industriel","status":"publish","type":"page","link":"https:\/\/www.gerbois.com\/de\/emballage-industriel\/","title":{"rendered":"Emballage"},"content":{"rendered":"<div class=\"wpb-content-wrapper\"><p>[vc_row full_width=&#8220;stretch_row&#8220; content_placement=&#8220;middle&#8220; video_bg=&#8220;yes&#8220; video_bg_url=&#8220;https:\/\/www.youtube.com\/watch?v=xmEv5_JJAFE&#8220; css=&#8220;.vc_custom_1743066024008{padding-top: 200px !important;padding-bottom: 200px !important;background-position: center !important;background-repeat: no-repeat !important;background-size: cover !important;}&#8220;][vc_column width=&#8220;2\/3&#8243;][vc_custom_heading text=&#8220;Concepteur d&#8217;emballage industriel en bois&#8220; font_container=&#8220;tag:h1|font_size:46|text_align:left|color:%23ffffff|line_height:1&#8243; google_fonts=&#8220;font_family:Montserrat%3Aregular%2C700|font_style:400%20regular%3A400%3Anormal&#8220;][vc_column_text]<span style=\"color: #ffffff;\">NS Gerbois con\u00e7oit et fabrique tous types d\u2019emballages industriels \u00e0 dominante bois.<\/span>[\/vc_column_text][vc_btn title=&#8220;D\u00e9couvrir la soci\u00e9t\u00e9&#8220; style=&#8220;flat&#8220; shape=&#8220;round&#8220; color=&#8220;white&#8220; link=&#8220;url:https%3A%2F%2Fwww.gerbois.com%2Fsociete-ns-gerbois%2F&#8220;][\/vc_column][vc_column width=&#8220;1\/3&#8243;][\/vc_column][\/vc_row][vc_row full_width=&#8220;stretch_row&#8220; equal_height=&#8220;yes&#8220; content_placement=&#8220;middle&#8220; css=&#8220;.vc_custom_1617182707636{margin-bottom: -1px !important;padding-top: 50px !important;padding-bottom: 50px !important;background-color: #ffffff !important;}&#8220;][vc_column width=&#8220;2\/3&#8243;][vc_raw_html]JTNDZGl2JTIwc3R5bGUlM0QlMjJhbGlnbiUzQWNlbnRlciUzQiUyMiUzRSUwQSUzQ2lmcmFtZSUyMHNyYyUzRCUyMmh0dHBzJTNBJTJGJTJGc2tldGNoZmFiLmNvbSUyRm1vZGVscyUyRjg3NDJlZDdkNzk3NTRmYzFhNzEyMzQ0MmExYjQ0YTJiJTJGZW1iZWQlM0ZhdXRvc3BpbiUzRDAuMiUyNmF1dG9zdGFydCUzRDElMjZwcmVsb2FkJTNEMSUyMiUyMHdpZHRoJTNEJTIyNzAwJTIyJTIwaGVpZ2h0JTNEJTIyNDAwJTIyJTIwZnJhbWVib3JkZXIlM0QlMjIwJTIyJTIwYWxsb3dmdWxsc2NyZWVuJTNEJTIyYWxsb3dmdWxsc2NyZWVuJTIyJTNFJTNDJTJGaWZyYW1lJTNFJTBBJTNDJTJGZGl2JTNF[\/vc_raw_html][\/vc_column][vc_column width=&#8220;1\/3&#8243;][vc_custom_heading text=&#8220;Conception sur-mesure&#8220; font_container=&#8220;tag:h2|font_size:38|text_align:left|color:%23000000|line_height:1&#8243; google_fonts=&#8220;font_family:Montserrat%3Aregular%2C700|font_style:400%20regular%3A400%3Anormal&#8220;][vc_empty_space][vc_column_text 0=&#8220;&#8220;]<\/p>\n<p style=\"text-align: left;\"><span style=\"color: #000000;\">Notre bureau d&#8217;\u00e9tude con\u00e7oit avec vous la solution la plus adapt\u00e9e \u00e0 vos besoins. <\/span><\/p>\n<p style=\"text-align: left;\"><span style=\"color: #000000;\">Nous concevons en PAO des emballages sur mesure pour tous types d&#8217;industries selon les crit\u00e8res et contraintes de nos clients et partenaires.<br \/>\nLe bureau d&#8217;\u00e9tude suit l&#8217;ensemble du projet de la conception \u00e0 la production en passant par le prototypage afin d&#8217;assurer une qualit\u00e9 optimale et un suivi rigoureux du cahier des charges tout au long de la cha\u00eene.<\/span><\/p>\n<p>[\/vc_column_text][\/vc_column][\/vc_row][vc_row full_width=&#8220;stretch_row&#8220; equal_height=&#8220;yes&#8220; content_placement=&#8220;middle&#8220; css=&#8220;.vc_custom_1617201636923{padding-top: 200px !important;padding-bottom: 200px !important;background-image: url(http:\/\/www.gerbois.com\/wp-content\/uploads\/2018\/02\/Wood.jpg?id=3718) !important;background-position: center !important;background-repeat: no-repeat !important;background-size: cover !important;}&#8220;][vc_column width=&#8220;1\/3&#8243; css=&#8220;.vc_custom_1490272529838{padding-top: 50px !important;padding-right: 50px !important;padding-bottom: 50px !important;padding-left: 50px !important;background-color: #dedede !important;}&#8220;][vc_icon type=&#8220;linecons&#8220; icon_linecons=&#8220;vc_li vc_li-bulb&#8220; color=&#8220;custom&#8220; size=&#8220;lg&#8220; custom_color=&#8220;#282828&#8243;][vc_custom_heading text=&#8220;Innovation&#8220; font_container=&#8220;tag:h3|font_size:32|text_align:left|color:%23272727&#8243; google_fonts=&#8220;font_family:Montserrat%3Aregular%2C700|font_style:400%20regular%3A400%3Anormal&#8220;][vc_column_text]<span style=\"color: #282828;\">RE-INVENTONS L\u2019EMBALLAGE BOIS. Cette strat\u00e9gie nous porte depuis notre cr\u00e9ation. Nous avons la volont\u00e9 d\u2019innover&#8230;<br \/>\nen savoir plus<\/span>[\/vc_column_text][vc_btn title=&#8220;En savoir +&#8220; shape=&#8220;round&#8220; color=&#8220;white&#8220; align=&#8220;center&#8220; button_block=&#8220;true&#8220; link=&#8220;url:https%3A%2F%2Fwww.gerbois.com%2Finnovations%2F|title:Expertise&#8220;][\/vc_column][vc_column width=&#8220;1\/3&#8243; css=&#8220;.vc_custom_1617200051652{padding-top: 50px !important;padding-right: 50px !important;padding-bottom: 50px !important;padding-left: 50px !important;background-color: #4fa42d !important;}&#8220;][vc_icon type=&#8220;linecons&#8220; icon_linecons=&#8220;vc_li vc_li-search&#8220; color=&#8220;custom&#8220; size=&#8220;lg&#8220; custom_color=&#8220;#282828&#8243;][vc_custom_heading text=&#8220;Notre expertise&#8220; font_container=&#8220;tag:h3|font_size:32|text_align:left|color:%23272727&#8243; google_fonts=&#8220;font_family:Montserrat%3Aregular%2C700|font_style:400%20regular%3A400%3Anormal&#8220;][vc_column_text]<span style=\"color: #282828;\">Nouvelle Soci\u00e9t\u00e9 Gerbois SAS s\u2019est engag\u00e9 d\u00e8s sa cr\u00e9ation dans la formalisation de sa d\u00e9marche qualit\u00e9. La qualit\u00e9 a toujours fait partie int\u00e9grante&#8230;<\/span>[\/vc_column_text][vc_btn title=&#8220;En savoir +&#8220; shape=&#8220;round&#8220; color=&#8220;white&#8220; align=&#8220;center&#8220; button_block=&#8220;true&#8220; link=&#8220;url:https%3A%2F%2Fwww.gerbois.com%2Flexpertise-ns-gerbois%2F|title:Expertise&#8220;][\/vc_column][vc_column width=&#8220;1\/3&#8243; css=&#8220;.vc_custom_1617199974962{padding-top: 50px !important;padding-right: 50px !important;padding-bottom: 10px !important;padding-left: 50px !important;background-color: #272727 !important;}&#8220;][vc_icon type=&#8220;linecons&#8220; icon_linecons=&#8220;vc_li vc_li-megaphone&#8220; color=&#8220;custom&#8220; size=&#8220;lg&#8220; custom_color=&#8220;#ffffff&#8220;][vc_custom_heading text=&#8220;Actualit\u00e9s&#8220; font_container=&#8220;tag:h3|font_size:32|text_align:left|color:%23ffffff&#8220; google_fonts=&#8220;font_family:Montserrat%3Aregular%2C700|font_style:400%20regular%3A400%3Anormal&#8220;][vc_posts_slider type=&#8220;nivo&#8220; count=&#8220;All&#8220; interval=&#8220;3&#8243; thumb_size=&#8220;full&#8220; css=&#8220;.vc_custom_1652966644202{padding-top: 50px !important;padding-right: 5px !important;padding-bottom: 5px !important;padding-left: 5px !important;}&#8220; posttypes=&#8220;post&#8220;][\/vc_column][\/vc_row]<\/p>\n<\/div>","protected":false},"excerpt":{"rendered":"<p>[vc_row full_width=&#8220;stretch_row&#8220; content_placement=&#8220;middle&#8220; video_bg=&#8220;yes&#8220; video_bg_url=&#8220;https:\/\/www.youtube.com\/watch?v=xmEv5_JJAFE&#8220; css=&#8220;.vc_custom_1743066024008{padding-top: 200px !important;padding-bottom: 200px !important;background-position: center !important;background-repeat: no-repeat !important;background-size: cover !important;}&#8220;][vc_column width=&#8220;2\/3&#8243;][vc_custom_heading text=&#8220;Concepteur d&#8217;emballage industriel en bois&#8220; font_container=&#8220;tag:h1|font_size:46|text_align:left|color:%23ffffff|line_height:1&#8243; google_fonts=&#8220;font_family:Montserrat%3Aregular%2C700|font_style:400%20regular%3A400%3Anormal&#8220;][vc_column_text]NS Gerbois con\u00e7oit et fabrique tous types d\u2019emballages industriels \u00e0 dominante bois.[\/vc_column_text][vc_btn title=&#8220;D\u00e9couvrir la soci\u00e9t\u00e9&#8220; style=&#8220;flat&#8220; shape=&#8220;round&#8220; color=&#8220;white&#8220; link=&#8220;url:https%3A%2F%2Fwww.gerbois.com%2Fsociete-ns-gerbois%2F&#8220;][\/vc_column][vc_column width=&#8220;1\/3&#8243;][\/vc_column][\/vc_row][vc_row full_width=&#8220;stretch_row&#8220; equal_height=&#8220;yes&#8220; content_placement=&#8220;middle&#8220; css=&#8220;.vc_custom_1617182707636{margin-bottom: -1px !important;padding-top: 50px !important;padding-bottom: 50px !important;background-color: #ffffff !important;}&#8220;][vc_column &hellip; <a href=\"https:\/\/www.gerbois.com\/de\/emballage-industriel\/\" class=\"more-link\">Continue reading <span class=\"screen-reader-text\">Emballage<\/span> <span class=\"meta-nav\">&rarr;<\/span><\/a><\/p>\n","protected":false},"author":3,"featured_media":0,"parent":0,"menu_order":0,"comment_status":"closed","ping_status":"closed","template":"","meta":{"cybocfi_hide_featured_image":"","footnotes":""},"class_list":["post-9746","page","type-page","status-publish","hentry"],"translation":{"provider":"WPGlobus","version":"3.0.2","language":"de","enabled_languages":["fr","en","de","it"],"languages":{"fr":{"title":true,"content":true,"excerpt":false},"en":{"title":true,"content":true,"excerpt":false},"de":{"title":false,"content":false,"excerpt":false},"it":{"title":false,"content":false,"excerpt":false}}},"yoast_head":"<!-- This site is optimized with the Yoast SEO plugin v27.5 - https:\/\/yoast.com\/product\/yoast-seo-wordpress\/ -->\n<title>- NS GERBOIS<\/title>\n<meta name=\"robots\" content=\"index, follow, max-snippet:-1, max-image-preview:large, max-video-preview:-1\" \/>\n<link rel=\"canonical\" href=\"https:\/\/www.gerbois.com\/emballage-industriel\/\" \/>\n<meta property=\"og:locale\" content=\"de_DE\" \/>\n<meta property=\"og:type\" content=\"article\" \/>\n<meta property=\"og:title\" content=\"- NS GERBOIS\" \/>\n<meta property=\"og:url\" content=\"https:\/\/www.gerbois.com\/emballage-industriel\/\" \/>\n<meta property=\"og:site_name\" content=\"NS GERBOIS\" \/>\n<meta property=\"article:publisher\" content=\"https:\/\/www.facebook.com\/profile.php?id=100076213082957\" \/>\n<meta property=\"article:modified_time\" content=\"2025-03-27T09:00:43+00:00\" \/>\n<meta property=\"og:image\" content=\"https:\/\/i0.wp.com\/www.gerbois.com\/wp-content\/uploads\/2023\/09\/NSGerbois.png?fit=1200%2C675&ssl=1\" \/>\n\t<meta property=\"og:image:width\" content=\"1200\" \/>\n\t<meta property=\"og:image:height\" content=\"675\" \/>\n\t<meta property=\"og:image:type\" content=\"image\/png\" \/>\n<meta name=\"twitter:card\" content=\"summary_large_image\" \/>\n<meta name=\"twitter:label1\" content=\"Gesch\u00e4tzte Lesezeit\" \/>\n\t<meta name=\"twitter:data1\" content=\"2\u00a0Minuten\" \/>\n<script type=\"application\/ld+json\" class=\"yoast-schema-graph\">{\"@context\":\"https:\\\/\\\/schema.org\",\"@graph\":[{\"@type\":\"WebPage\",\"@id\":\"https:\\\/\\\/www.gerbois.com\\\/emballage-industriel\\\/\",\"url\":\"https:\\\/\\\/www.gerbois.com\\\/emballage-industriel\\\/\",\"name\":\"- NS GERBOIS\",\"isPartOf\":{\"@id\":\"https:\\\/\\\/www.gerbois.com\\\/#website\"},\"datePublished\":\"2024-04-19T13:48:29+00:00\",\"dateModified\":\"2025-03-27T09:00:43+00:00\",\"description\":\"NS Gerbois con\u00e7oit et fabrique en petite moyenne et grande s\u00e9rie des emballages industriels bois. Prototypage, certifications ...\",\"breadcrumb\":{\"@id\":\"https:\\\/\\\/www.gerbois.com\\\/emballage-industriel\\\/#breadcrumb\"},\"inLanguage\":\"de\",\"potentialAction\":[{\"@type\":\"ReadAction\",\"target\":[\"https:\\\/\\\/www.gerbois.com\\\/emballage-industriel\\\/\"]}]},{\"@type\":\"BreadcrumbList\",\"@id\":\"https:\\\/\\\/www.gerbois.com\\\/emballage-industriel\\\/#breadcrumb\",\"itemListElement\":[{\"@type\":\"ListItem\",\"position\":1,\"name\":\"Accueil\",\"item\":\"https:\\\/\\\/www.gerbois.com\\\/\"},{\"@type\":\"ListItem\",\"position\":2,\"name\":\"Emballage\"}]},{\"@type\":\"WebSite\",\"@id\":\"https:\\\/\\\/www.gerbois.com\\\/#website\",\"url\":\"https:\\\/\\\/www.gerbois.com\\\/\",\"name\":\"NS Gerbois emballeur industriel\",\"description\":\"Design und Herstellung von industriellen Holzverpackungen\",\"alternateName\":\"Nouvelle Soci\u00e9t\u00e9 Gerbois\",\"potentialAction\":[{\"@type\":\"SearchAction\",\"target\":{\"@type\":\"EntryPoint\",\"urlTemplate\":\"https:\\\/\\\/www.gerbois.com\\\/?s={search_term_string}\"},\"query-input\":{\"@type\":\"PropertyValueSpecification\",\"valueRequired\":true,\"valueName\":\"search_term_string\"}}],\"inLanguage\":\"de\"}]}<\/script>\n<!-- \/ Yoast SEO plugin. -->","yoast_head_json":{"title":"- NS GERBOIS","robots":{"index":"index","follow":"follow","max-snippet":"max-snippet:-1","max-image-preview":"max-image-preview:large","max-video-preview":"max-video-preview:-1"},"canonical":"https:\/\/www.gerbois.com\/emballage-industriel\/","og_locale":"de_DE","og_type":"article","og_title":"- NS GERBOIS","og_url":"https:\/\/www.gerbois.com\/emballage-industriel\/","og_site_name":"NS GERBOIS","article_publisher":"https:\/\/www.facebook.com\/profile.php?id=100076213082957","article_modified_time":"2025-03-27T09:00:43+00:00","og_image":[{"width":1200,"height":675,"url":"https:\/\/i0.wp.com\/www.gerbois.com\/wp-content\/uploads\/2023\/09\/NSGerbois.png?fit=1200%2C675&ssl=1","type":"image\/png"}],"twitter_card":"summary_large_image","twitter_misc":{"Gesch\u00e4tzte Lesezeit":"2\u00a0Minuten"},"schema":{"@context":"https:\/\/schema.org","@graph":[{"@type":"WebPage","@id":"https:\/\/www.gerbois.com\/emballage-industriel\/","url":"https:\/\/www.gerbois.com\/emballage-industriel\/","name":"- NS GERBOIS","isPartOf":{"@id":"https:\/\/www.gerbois.com\/#website"},"datePublished":"2024-04-19T13:48:29+00:00","dateModified":"2025-03-27T09:00:43+00:00","description":"NS Gerbois con\u00e7oit et fabrique en petite moyenne et grande s\u00e9rie des emballages industriels bois. Prototypage, certifications ...","breadcrumb":{"@id":"https:\/\/www.gerbois.com\/emballage-industriel\/#breadcrumb"},"inLanguage":"de","potentialAction":[{"@type":"ReadAction","target":["https:\/\/www.gerbois.com\/emballage-industriel\/"]}]},{"@type":"BreadcrumbList","@id":"https:\/\/www.gerbois.com\/emballage-industriel\/#breadcrumb","itemListElement":[{"@type":"ListItem","position":1,"name":"Accueil","item":"https:\/\/www.gerbois.com\/"},{"@type":"ListItem","position":2,"name":"Emballage"}]},{"@type":"WebSite","@id":"https:\/\/www.gerbois.com\/#website","url":"https:\/\/www.gerbois.com\/","name":"NS Gerbois emballeur industriel","description":"Design und Herstellung von industriellen Holzverpackungen","alternateName":"Nouvelle Soci\u00e9t\u00e9 Gerbois","potentialAction":[{"@type":"SearchAction","target":{"@type":"EntryPoint","urlTemplate":"https:\/\/www.gerbois.com\/?s={search_term_string}"},"query-input":{"@type":"PropertyValueSpecification","valueRequired":true,"valueName":"search_term_string"}}],"inLanguage":"de"}]}},"jetpack_sharing_enabled":false,"jetpack_likes_enabled":false,"_links":{"self":[{"href":"https:\/\/www.gerbois.com\/de\/wp-json\/wp\/v2\/pages\/9746","targetHints":{"allow":["GET"]}}],"collection":[{"href":"https:\/\/www.gerbois.com\/de\/wp-json\/wp\/v2\/pages"}],"about":[{"href":"https:\/\/www.gerbois.com\/de\/wp-json\/wp\/v2\/types\/page"}],"author":[{"embeddable":true,"href":"https:\/\/www.gerbois.com\/de\/wp-json\/wp\/v2\/users\/3"}],"replies":[{"embeddable":true,"href":"https:\/\/www.gerbois.com\/de\/wp-json\/wp\/v2\/comments?post=9746"}],"version-history":[{"count":3,"href":"https:\/\/www.gerbois.com\/de\/wp-json\/wp\/v2\/pages\/9746\/revisions"}],"predecessor-version":[{"id":10687,"href":"https:\/\/www.gerbois.com\/de\/wp-json\/wp\/v2\/pages\/9746\/revisions\/10687"}],"wp:attachment":[{"href":"https:\/\/www.gerbois.com\/de\/wp-json\/wp\/v2\/media?parent=9746"}],"curies":[{"name":"wp","href":"https:\/\/api.w.org\/{rel}","templated":true}]}}