{"id":13,"date":"2016-06-08T10:38:21","date_gmt":"2016-06-08T08:38:21","guid":{"rendered":"http:\/\/52.56.129.142\/?page_id=13"},"modified":"2019-10-07T11:12:24","modified_gmt":"2019-10-07T09:12:24","slug":"industrie","status":"publish","type":"page","link":"https:\/\/www.gerbois.com\/en\/industrie\/","title":{"rendered":"INDUSTRY"},"content":{"rendered":"<div class=\"section-full-width\" style=\"background: linear-gradient(rgba(255,255,255,0) 0%, rgba(255,255,255,1) 40%), url('\/wp-content\/uploads\/2017\/06\/Fotolia_139686579_M_industrie.jpg') no-repeat center right; color: #000000;\">\n<div class=\"row big-forehead\">\n<h1 style=\"text-align: justify\"><span style=\"font-size: 25pt;\">INDUSTRIE<\/span><\/h1>\n<p style=\"text-align: justify\">The industrial sector is a driving force for economic growth. Logistics management has undergone major changes as a result of globalisation. As a manufacturer, you produce high-quality goods that are shipped to every corner of the globe. Our challenge is to reflect and protect the value of the work you do for your clients. We safeguard your items, but more importantly we safeguard your time and the passion you feel for your profession. We act as guarantors for your brand image every time a client takes delivery of your products. We take this mission extremely seriously and are passionately committed to each of your projects.<\/p>\n<\/p>\n<\/div>\n<div class=\"row\"><style type=\"text\/css\">\n#foogallery-gallery-4068 .fg-image { width: 300px; }\n#foogallery-gallery-4068 { --fg-gutter: 10px; }<\/style>\n\t\t\t<div class=\"foogallery foogallery-container foogallery-default foogallery-lightbox-foobox fg-center fg-default fg-ready fg-light fg-shadow-outline fg-loading-bars fg-loaded-fade-in fg-hover-scale fg-caption-hover fg-hover-fade fg-hover-zoom\" id=\"foogallery-gallery-4068\" data-foogallery=\"{&quot;item&quot;:{&quot;showCaptionTitle&quot;:true,&quot;showCaptionDescription&quot;:true},&quot;lazy&quot;:true}\" style=\"--fg-title-line-clamp: 0; --fg-description-line-clamp: 0;\" >\n\t<div class=\"fg-item fg-type-image fg-idle\"><figure class=\"fg-item-inner\"><a href=\"https:\/\/www.gerbois.com\/wp-content\/uploads\/2018\/02\/Arcelor.png\" data-attachment-id=\"3382\" data-type=\"image\" class=\"fg-thumb\"><span class=\"fg-image-wrap\"><img decoding=\"async\" width=\"300\" height=\"126\" class=\"skip-lazy fg-image\" data-src-fg=\"https:\/\/www.gerbois.com\/wp-content\/uploads\/cache\/2018\/02\/Arcelor\/3563824466.png\" src=\"data:image\/svg+xml,%3Csvg%20xmlns%3D%22http%3A%2F%2Fwww.w3.org%2F2000%2Fsvg%22%20width%3D%22300%22%20height%3D%22126%22%20viewBox%3D%220%200%20300%20126%22%3E%3C%2Fsvg%3E\" loading=\"eager\"><\/span><span class=\"fg-image-overlay\"><\/span><\/a><\/figure><div class=\"fg-loader\"><\/div><\/div><div class=\"fg-item fg-type-image fg-idle\"><figure class=\"fg-item-inner\"><a href=\"https:\/\/www.gerbois.com\/wp-content\/uploads\/2018\/02\/SMPE.png\" data-attachment-id=\"3365\" data-type=\"image\" class=\"fg-thumb\"><span class=\"fg-image-wrap\"><img decoding=\"async\" width=\"300\" height=\"126\" class=\"skip-lazy fg-image\" data-src-fg=\"https:\/\/www.gerbois.com\/wp-content\/uploads\/cache\/2018\/02\/SMPE\/2364087730.png\" src=\"data:image\/svg+xml,%3Csvg%20xmlns%3D%22http%3A%2F%2Fwww.w3.org%2F2000%2Fsvg%22%20width%3D%22300%22%20height%3D%22126%22%20viewBox%3D%220%200%20300%20126%22%3E%3C%2Fsvg%3E\" loading=\"eager\"><\/span><span class=\"fg-image-overlay\"><\/span><\/a><\/figure><div class=\"fg-loader\"><\/div><\/div><div class=\"fg-item fg-type-image fg-idle\"><figure class=\"fg-item-inner\"><a href=\"https:\/\/www.gerbois.com\/wp-content\/uploads\/2018\/02\/TRANE-copy.png\" data-attachment-id=\"3381\" data-type=\"image\" class=\"fg-thumb\"><span class=\"fg-image-wrap\"><img decoding=\"async\" width=\"300\" height=\"126\" class=\"skip-lazy fg-image\" data-src-fg=\"https:\/\/www.gerbois.com\/wp-content\/uploads\/cache\/2018\/02\/TRANE-copy\/3473896172.png\" src=\"data:image\/svg+xml,%3Csvg%20xmlns%3D%22http%3A%2F%2Fwww.w3.org%2F2000%2Fsvg%22%20width%3D%22300%22%20height%3D%22126%22%20viewBox%3D%220%200%20300%20126%22%3E%3C%2Fsvg%3E\" loading=\"eager\"><\/span><span class=\"fg-image-overlay\"><\/span><\/a><\/figure><div class=\"fg-loader\"><\/div><\/div><\/div>\n<\/div>\n<div class=\"row divised divised2\" style=\"white-space: nowrap\">\n<div class=\"col\">\n<h2 style=\"text-align: justify\">YOUR PRODUCTS ARE UNIQUE<\/h2>\n<p style=\"white-space: normal; text-align: justify;\">Manufacturing is a complex process that requires time and expertise. As packaging manufacturers, our input begins at the end of this process. It&#8217;s our job to make sure your products are adequately protected in sturdy packaging that can withstand the rigours of shipping. NS Gerbois is by your side for all your industrial challenges, whether straightforward or complex. We use 3D representations of your products to tailor our designs and develop packaging that is as closely moulded to the shape of your items as possible.<\/p>\n<\/p>\n<\/div>\n<div class=\"col\">\n<h2 style=\"text-align: justify\">HIGH-TECH PRECISION WORK<\/h2>\n<p style=\"white-space: normal; text-align: justify;\">We work with all industries and have the expertise to adapt our products to the most complex specifications. We package every type of product: oversized air-conditioners, drawn tubes longer than 30 metres, heavy steel products, overhead cranes, machine tools and more.<br \/>\nOur templates are made to measure to ensure that your products are kept as stable as possible inside our packaging. It\u2019s precision work: we achieve tolerances of just a few millimetres.\n<\/p>\n<\/p>\n<\/div>\n<\/div>\n<div class=\"row\">\n<p style=\"text-align: justify;\">\n<p style=\"text-align: justify;\">\n<\/div>\n<div class=\"row\">\n<h2 style=\"text-align: center;\"><span style=\"font-size: 20pt;\"><i>\u00ab Nos clients nous font confiance \u00bb<\/i><\/span><\/h2>\n<\/div>\n<div class=\"row divised divised2\" style=\"white-space: nowrap\">\n<div class=\"col\">\n<h2 style=\"text-align: justify\"><span style=\"font-size: 10pt;\">Olivier MARLET &#8211; Gestamp<\/span><\/h2>\n<p style=\"white-space: normal; text-align: justify;\"><span style=\"font-style: italic;\">Nous sommes livr\u00e9s en temps et en heure, la qualit\u00e9 de leurs produits est irr\u00e9prochable. Ils s&#8217;adaptent \u00e0 nos demandes de derni\u00e8res minutes et mettent tout en oeuvre pour livrer ces demandes express.<br \/>\nLorsque votre interlocuteur est en d\u00e9placement, il y a toujours un quelqu&#8217;un capable de le remplacer.<\/span><\/p>\n<\/p>\n<\/div>\n<div class=\"col\">\n<h2 style=\"text-align: justify\"><span style=\"font-size: 10pt;\">Andr\u00e9 Streng &#8211; Stevial<\/span><\/h2>\n<p style=\"white-space: normal; text-align: justify;\"><span style=\"font-style: italic;\">Comme d&#8217;habitude, c&#8217;est avec satisfaction que nous avons re\u00e7u notre derni\u00e8re commande de palettes bois pour le stockage de bouteilles. Une livraison rapide, correctement ex\u00e9cut\u00e9e, avec des mati\u00e8res premi\u00e8res de qualit\u00e9, r\u00e9pondant parfaitement \u00e0 nos attentes. Nous tenons ainsi \u00e0 remercier NS Gerbois pour leur constant professionnalisme dans leur livraisons et sommes r\u00e9ellement ravis de cette collaboration p\u00e9renne.<\/span><\/p>\n<\/p>\n<\/div>\n<\/div>\n<div class=\"row\"><style type=\"text\/css\">\n#foogallery-gallery-3664 .fg-image { width: 200px; }\n#foogallery-gallery-3664 { --fg-gutter: 10px; }<\/style>\n\t\t\t<div class=\"foogallery foogallery-container foogallery-default foogallery-lightbox-foobox fg-center fg-default fg-ready fg-light fg-shadow-outline fg-loading-bars fg-loaded-fade-in fg-hover-scale fg-caption-hover fg-hover-fade fg-hover-zoom\" id=\"foogallery-gallery-3664\" data-foogallery=\"{&quot;item&quot;:{&quot;showCaptionTitle&quot;:true,&quot;showCaptionDescription&quot;:true},&quot;lazy&quot;:true}\" style=\"--fg-title-line-clamp: 0; --fg-description-line-clamp: 0;\" >\n\t<div class=\"fg-item fg-type-image fg-idle\"><figure class=\"fg-item-inner\"><a href=\"https:\/\/www.gerbois.com\/wp-content\/uploads\/2018\/02\/IMG_20190917_104314.jpg\" data-caption-title=\"rhdr\" data-attachment-id=\"4436\" data-type=\"image\" class=\"fg-thumb\"><span class=\"fg-image-wrap\"><img decoding=\"async\" title=\"rhdr\" width=\"200\" height=\"200\" class=\"skip-lazy fg-image\" data-src-fg=\"https:\/\/www.gerbois.com\/wp-content\/uploads\/cache\/2018\/02\/IMG_20190917_104314\/1299968134.jpg\" src=\"data:image\/svg+xml,%3Csvg%20xmlns%3D%22http%3A%2F%2Fwww.w3.org%2F2000%2Fsvg%22%20width%3D%22200%22%20height%3D%22200%22%20viewBox%3D%220%200%20200%20200%22%3E%3C%2Fsvg%3E\" loading=\"eager\"><\/span><span class=\"fg-image-overlay\"><\/span><\/a><figcaption class=\"fg-caption\"><div class=\"fg-caption-inner\"><div class=\"fg-caption-title\">rhdr<\/div><\/div><\/figcaption><\/figure><div class=\"fg-loader\"><\/div><\/div><div class=\"fg-item fg-type-image fg-idle\"><figure class=\"fg-item-inner\"><a href=\"https:\/\/www.gerbois.com\/wp-content\/uploads\/2020\/01\/IMG_20200116_100000.jpg\" data-caption-title=\"oznor\" data-attachment-id=\"4456\" data-type=\"image\" class=\"fg-thumb\"><span class=\"fg-image-wrap\"><img decoding=\"async\" title=\"oznor\" width=\"200\" height=\"200\" class=\"skip-lazy fg-image\" data-src-fg=\"https:\/\/www.gerbois.com\/wp-content\/uploads\/cache\/2020\/01\/IMG_20200116_100000\/700576161.jpg\" src=\"data:image\/svg+xml,%3Csvg%20xmlns%3D%22http%3A%2F%2Fwww.w3.org%2F2000%2Fsvg%22%20width%3D%22200%22%20height%3D%22200%22%20viewBox%3D%220%200%20200%20200%22%3E%3C%2Fsvg%3E\" loading=\"eager\"><\/span><span class=\"fg-image-overlay\"><\/span><\/a><figcaption class=\"fg-caption\"><div class=\"fg-caption-inner\"><div class=\"fg-caption-title\">oznor<\/div><\/div><\/figcaption><\/figure><div class=\"fg-loader\"><\/div><\/div><div class=\"fg-item fg-type-image fg-idle\"><figure class=\"fg-item-inner\"><a href=\"https:\/\/www.gerbois.com\/wp-content\/uploads\/2018\/02\/IMG_20190917_104329.jpg\" data-caption-title=\"rhdr\" data-attachment-id=\"4437\" data-type=\"image\" class=\"fg-thumb\"><span class=\"fg-image-wrap\"><img decoding=\"async\" title=\"rhdr\" width=\"200\" height=\"200\" class=\"skip-lazy fg-image\" data-src-fg=\"https:\/\/www.gerbois.com\/wp-content\/uploads\/cache\/2018\/02\/IMG_20190917_104329\/730272540.jpg\" src=\"data:image\/svg+xml,%3Csvg%20xmlns%3D%22http%3A%2F%2Fwww.w3.org%2F2000%2Fsvg%22%20width%3D%22200%22%20height%3D%22200%22%20viewBox%3D%220%200%20200%20200%22%3E%3C%2Fsvg%3E\" loading=\"eager\"><\/span><span class=\"fg-image-overlay\"><\/span><\/a><figcaption class=\"fg-caption\"><div class=\"fg-caption-inner\"><div class=\"fg-caption-title\">rhdr<\/div><\/div><\/figcaption><\/figure><div class=\"fg-loader\"><\/div><\/div><div class=\"fg-item fg-type-image fg-idle\"><figure class=\"fg-item-inner\"><a href=\"https:\/\/www.gerbois.com\/wp-content\/uploads\/2018\/02\/DSC_1330-e1570548191677.jpg\" data-attachment-id=\"4442\" data-type=\"image\" class=\"fg-thumb\"><span class=\"fg-image-wrap\"><img decoding=\"async\" width=\"200\" height=\"200\" class=\"skip-lazy fg-image\" data-src-fg=\"https:\/\/www.gerbois.com\/wp-content\/uploads\/cache\/2018\/02\/DSC_1330-e1570548191677\/1716389657.jpg\" src=\"data:image\/svg+xml,%3Csvg%20xmlns%3D%22http%3A%2F%2Fwww.w3.org%2F2000%2Fsvg%22%20width%3D%22200%22%20height%3D%22200%22%20viewBox%3D%220%200%20200%20200%22%3E%3C%2Fsvg%3E\" loading=\"eager\"><\/span><span class=\"fg-image-overlay\"><\/span><\/a><\/figure><div class=\"fg-loader\"><\/div><\/div><div class=\"fg-item fg-type-image fg-idle\"><figure class=\"fg-item-inner\"><a href=\"https:\/\/www.gerbois.com\/wp-content\/uploads\/2020\/01\/IMG_20200114_135745.jpg\" data-caption-title=\"cof\" data-attachment-id=\"4458\" data-type=\"image\" class=\"fg-thumb\"><span class=\"fg-image-wrap\"><img decoding=\"async\" title=\"cof\" width=\"200\" height=\"200\" class=\"skip-lazy fg-image\" data-src-fg=\"https:\/\/www.gerbois.com\/wp-content\/uploads\/cache\/2020\/01\/IMG_20200114_135745\/300188737.jpg\" src=\"data:image\/svg+xml,%3Csvg%20xmlns%3D%22http%3A%2F%2Fwww.w3.org%2F2000%2Fsvg%22%20width%3D%22200%22%20height%3D%22200%22%20viewBox%3D%220%200%20200%20200%22%3E%3C%2Fsvg%3E\" loading=\"eager\"><\/span><span class=\"fg-image-overlay\"><\/span><\/a><figcaption class=\"fg-caption\"><div class=\"fg-caption-inner\"><div class=\"fg-caption-title\">cof<\/div><\/div><\/figcaption><\/figure><div class=\"fg-loader\"><\/div><\/div><div class=\"fg-item fg-type-image fg-idle\"><figure class=\"fg-item-inner\"><a href=\"https:\/\/www.gerbois.com\/wp-content\/uploads\/2019\/10\/Gerbois_Michel-LAURENT-LMZ_6823.jpg\" data-attachment-id=\"4431\" data-type=\"image\" class=\"fg-thumb\"><span class=\"fg-image-wrap\"><img decoding=\"async\" width=\"200\" height=\"200\" class=\"skip-lazy fg-image\" data-src-fg=\"https:\/\/www.gerbois.com\/wp-content\/uploads\/cache\/2019\/10\/Gerbois_Michel-LAURENT-LMZ_6823\/3291901428.jpg\" src=\"data:image\/svg+xml,%3Csvg%20xmlns%3D%22http%3A%2F%2Fwww.w3.org%2F2000%2Fsvg%22%20width%3D%22200%22%20height%3D%22200%22%20viewBox%3D%220%200%20200%20200%22%3E%3C%2Fsvg%3E\" loading=\"eager\"><\/span><span class=\"fg-image-overlay\"><\/span><\/a><\/figure><div class=\"fg-loader\"><\/div><\/div><div class=\"fg-item fg-type-image fg-idle\"><figure class=\"fg-item-inner\"><a href=\"https:\/\/www.gerbois.com\/wp-content\/uploads\/2019\/10\/Gerbois_Michel-LAURENT-DSC_8664.jpg\" data-attachment-id=\"4430\" data-type=\"image\" class=\"fg-thumb\"><span class=\"fg-image-wrap\"><img decoding=\"async\" width=\"200\" height=\"200\" class=\"skip-lazy fg-image\" data-src-fg=\"https:\/\/www.gerbois.com\/wp-content\/uploads\/cache\/2019\/10\/Gerbois_Michel-LAURENT-DSC_8664\/1592498337.jpg\" src=\"data:image\/svg+xml,%3Csvg%20xmlns%3D%22http%3A%2F%2Fwww.w3.org%2F2000%2Fsvg%22%20width%3D%22200%22%20height%3D%22200%22%20viewBox%3D%220%200%20200%20200%22%3E%3C%2Fsvg%3E\" loading=\"eager\"><\/span><span class=\"fg-image-overlay\"><\/span><\/a><\/figure><div class=\"fg-loader\"><\/div><\/div><div class=\"fg-item fg-type-image fg-idle\"><figure class=\"fg-item-inner\"><a href=\"https:\/\/www.gerbois.com\/wp-content\/uploads\/2019\/10\/Caisse-de-30m\u00e8tres-pour-tubes-\u00e9tir\u00e9s.jpg\" data-attachment-id=\"4429\" data-type=\"image\" class=\"fg-thumb\"><span class=\"fg-image-wrap\"><img decoding=\"async\" width=\"200\" height=\"200\" class=\"skip-lazy fg-image\" data-src-fg=\"https:\/\/www.gerbois.com\/wp-content\/uploads\/cache\/2019\/10\/Caisse-de-30m\u00e8tres-pour-tubes-\u00e9tir\u00e9s\/3392363937.jpg\" src=\"data:image\/svg+xml,%3Csvg%20xmlns%3D%22http%3A%2F%2Fwww.w3.org%2F2000%2Fsvg%22%20width%3D%22200%22%20height%3D%22200%22%20viewBox%3D%220%200%20200%20200%22%3E%3C%2Fsvg%3E\" loading=\"eager\"><\/span><span class=\"fg-image-overlay\"><\/span><\/a><\/figure><div class=\"fg-loader\"><\/div><\/div><div class=\"fg-item fg-type-image fg-idle\"><figure class=\"fg-item-inner\"><a href=\"https:\/\/www.gerbois.com\/wp-content\/uploads\/2020\/01\/IMG_20200114_135803.jpg\" data-caption-title=\"dav\" data-attachment-id=\"4457\" data-type=\"image\" class=\"fg-thumb\"><span class=\"fg-image-wrap\"><img decoding=\"async\" title=\"dav\" width=\"200\" height=\"200\" class=\"skip-lazy fg-image\" data-src-fg=\"https:\/\/www.gerbois.com\/wp-content\/uploads\/cache\/2020\/01\/IMG_20200114_135803\/3735204635.jpg\" src=\"data:image\/svg+xml,%3Csvg%20xmlns%3D%22http%3A%2F%2Fwww.w3.org%2F2000%2Fsvg%22%20width%3D%22200%22%20height%3D%22200%22%20viewBox%3D%220%200%20200%20200%22%3E%3C%2Fsvg%3E\" loading=\"eager\"><\/span><span class=\"fg-image-overlay\"><\/span><\/a><figcaption class=\"fg-caption\"><div class=\"fg-caption-inner\"><div class=\"fg-caption-title\">dav<\/div><\/div><\/figcaption><\/figure><div class=\"fg-loader\"><\/div><\/div><\/div>\n<\/div>\n<\/div>\n","protected":false},"excerpt":{"rendered":"<p>INDUSTRIE The industrial sector is a driving force for economic growth. Logistics management has undergone major changes as a result of globalisation. As a manufacturer, you produce high-quality goods that are shipped to every corner of the globe. Our challenge is to reflect and protect the value of the work you do for your clients. &hellip; <a href=\"https:\/\/www.gerbois.com\/en\/industrie\/\" class=\"more-link\">Continue reading <span class=\"screen-reader-text\">INDUSTRY<\/span> <span class=\"meta-nav\">&rarr;<\/span><\/a><\/p>\n","protected":false},"author":3,"featured_media":0,"parent":0,"menu_order":0,"comment_status":"closed","ping_status":"closed","template":"page-template\/full-width.php","meta":{"cybocfi_hide_featured_image":"","footnotes":""},"class_list":["post-13","page","type-page","status-publish","hentry"],"translation":{"provider":"WPGlobus","version":"3.0.2","language":"en","enabled_languages":["fr","en","de","it"],"languages":{"fr":{"title":true,"content":true,"excerpt":false},"en":{"title":true,"content":true,"excerpt":false},"de":{"title":true,"content":true,"excerpt":false},"it":{"title":true,"content":true,"excerpt":false}}},"yoast_head":"<!-- This site is optimized with the Yoast SEO plugin v27.5 - https:\/\/yoast.com\/product\/yoast-seo-wordpress\/ -->\n<title>INDUSTRY - NS GERBOIS<\/title>\n<meta name=\"robots\" content=\"index, follow, max-snippet:-1, max-image-preview:large, max-video-preview:-1\" \/>\n<link rel=\"canonical\" href=\"https:\/\/www.gerbois.com\/industrie\/\" \/>\n<meta property=\"og:locale\" content=\"en_US\" \/>\n<meta property=\"og:type\" content=\"article\" \/>\n<meta property=\"og:title\" content=\"INDUSTRY - NS GERBOIS\" \/>\n<meta property=\"og:url\" content=\"https:\/\/www.gerbois.com\/industrie\/\" \/>\n<meta property=\"og:site_name\" content=\"NS GERBOIS\" \/>\n<meta property=\"article:publisher\" content=\"https:\/\/www.facebook.com\/profile.php?id=100076213082957\" \/>\n<meta property=\"article:modified_time\" content=\"2019-10-07T09:12:24+00:00\" \/>\n<meta property=\"og:image\" content=\"https:\/\/i0.wp.com\/www.gerbois.com\/wp-content\/uploads\/2023\/09\/NSGerbois.png?fit=1200%2C675&ssl=1\" \/>\n\t<meta property=\"og:image:width\" content=\"1200\" \/>\n\t<meta property=\"og:image:height\" content=\"675\" \/>\n\t<meta property=\"og:image:type\" content=\"image\/png\" \/>\n<meta name=\"twitter:card\" content=\"summary_large_image\" \/>\n<meta name=\"twitter:label1\" content=\"Est. reading time\" \/>\n\t<meta name=\"twitter:data1\" content=\"8 minutes\" \/>\n<script type=\"application\/ld+json\" class=\"yoast-schema-graph\">{\"@context\":\"https:\\\/\\\/schema.org\",\"@graph\":[{\"@type\":\"WebPage\",\"@id\":\"https:\\\/\\\/www.gerbois.com\\\/industrie\\\/\",\"url\":\"https:\\\/\\\/www.gerbois.com\\\/industrie\\\/\",\"name\":\"INDUSTRY - NS GERBOIS\",\"isPartOf\":{\"@id\":\"https:\\\/\\\/www.gerbois.com\\\/#website\"},\"datePublished\":\"2016-06-08T08:38:21+00:00\",\"dateModified\":\"2019-10-07T09:12:24+00:00\",\"breadcrumb\":{\"@id\":\"https:\\\/\\\/www.gerbois.com\\\/industrie\\\/#breadcrumb\"},\"inLanguage\":\"en-US\",\"potentialAction\":[{\"@type\":\"ReadAction\",\"target\":[\"https:\\\/\\\/www.gerbois.com\\\/industrie\\\/\"]}]},{\"@type\":\"BreadcrumbList\",\"@id\":\"https:\\\/\\\/www.gerbois.com\\\/industrie\\\/#breadcrumb\",\"itemListElement\":[{\"@type\":\"ListItem\",\"position\":1,\"name\":\"Accueil\",\"item\":\"https:\\\/\\\/www.gerbois.com\\\/\"},{\"@type\":\"ListItem\",\"position\":2,\"name\":\"Industrie\"}]},{\"@type\":\"WebSite\",\"@id\":\"https:\\\/\\\/www.gerbois.com\\\/#website\",\"url\":\"https:\\\/\\\/www.gerbois.com\\\/\",\"name\":\"NS Gerbois emballeur industriel\",\"description\":\"Industrial wooden packaging design and manufacture\",\"alternateName\":\"Nouvelle Soci\u00e9t\u00e9 Gerbois\",\"potentialAction\":[{\"@type\":\"SearchAction\",\"target\":{\"@type\":\"EntryPoint\",\"urlTemplate\":\"https:\\\/\\\/www.gerbois.com\\\/?s={search_term_string}\"},\"query-input\":{\"@type\":\"PropertyValueSpecification\",\"valueRequired\":true,\"valueName\":\"search_term_string\"}}],\"inLanguage\":\"en-US\"}]}<\/script>\n<!-- \/ Yoast SEO plugin. -->","yoast_head_json":{"title":"INDUSTRY - NS GERBOIS","robots":{"index":"index","follow":"follow","max-snippet":"max-snippet:-1","max-image-preview":"max-image-preview:large","max-video-preview":"max-video-preview:-1"},"canonical":"https:\/\/www.gerbois.com\/industrie\/","og_locale":"en_US","og_type":"article","og_title":"INDUSTRY - NS GERBOIS","og_url":"https:\/\/www.gerbois.com\/industrie\/","og_site_name":"NS GERBOIS","article_publisher":"https:\/\/www.facebook.com\/profile.php?id=100076213082957","article_modified_time":"2019-10-07T09:12:24+00:00","og_image":[{"width":1200,"height":675,"url":"https:\/\/i0.wp.com\/www.gerbois.com\/wp-content\/uploads\/2023\/09\/NSGerbois.png?fit=1200%2C675&ssl=1","type":"image\/png"}],"twitter_card":"summary_large_image","twitter_misc":{"Est. reading time":"8 minutes"},"schema":{"@context":"https:\/\/schema.org","@graph":[{"@type":"WebPage","@id":"https:\/\/www.gerbois.com\/industrie\/","url":"https:\/\/www.gerbois.com\/industrie\/","name":"INDUSTRY - NS GERBOIS","isPartOf":{"@id":"https:\/\/www.gerbois.com\/#website"},"datePublished":"2016-06-08T08:38:21+00:00","dateModified":"2019-10-07T09:12:24+00:00","breadcrumb":{"@id":"https:\/\/www.gerbois.com\/industrie\/#breadcrumb"},"inLanguage":"en-US","potentialAction":[{"@type":"ReadAction","target":["https:\/\/www.gerbois.com\/industrie\/"]}]},{"@type":"BreadcrumbList","@id":"https:\/\/www.gerbois.com\/industrie\/#breadcrumb","itemListElement":[{"@type":"ListItem","position":1,"name":"Accueil","item":"https:\/\/www.gerbois.com\/"},{"@type":"ListItem","position":2,"name":"Industrie"}]},{"@type":"WebSite","@id":"https:\/\/www.gerbois.com\/#website","url":"https:\/\/www.gerbois.com\/","name":"NS Gerbois emballeur industriel","description":"Industrial wooden packaging design and manufacture","alternateName":"Nouvelle Soci\u00e9t\u00e9 Gerbois","potentialAction":[{"@type":"SearchAction","target":{"@type":"EntryPoint","urlTemplate":"https:\/\/www.gerbois.com\/?s={search_term_string}"},"query-input":{"@type":"PropertyValueSpecification","valueRequired":true,"valueName":"search_term_string"}}],"inLanguage":"en-US"}]}},"jetpack_sharing_enabled":true,"jetpack_likes_enabled":true,"_links":{"self":[{"href":"https:\/\/www.gerbois.com\/en\/wp-json\/wp\/v2\/pages\/13","targetHints":{"allow":["GET"]}}],"collection":[{"href":"https:\/\/www.gerbois.com\/en\/wp-json\/wp\/v2\/pages"}],"about":[{"href":"https:\/\/www.gerbois.com\/en\/wp-json\/wp\/v2\/types\/page"}],"author":[{"embeddable":true,"href":"https:\/\/www.gerbois.com\/en\/wp-json\/wp\/v2\/users\/3"}],"replies":[{"embeddable":true,"href":"https:\/\/www.gerbois.com\/en\/wp-json\/wp\/v2\/comments?post=13"}],"version-history":[{"count":49,"href":"https:\/\/www.gerbois.com\/en\/wp-json\/wp\/v2\/pages\/13\/revisions"}],"predecessor-version":[{"id":4433,"href":"https:\/\/www.gerbois.com\/en\/wp-json\/wp\/v2\/pages\/13\/revisions\/4433"}],"wp:attachment":[{"href":"https:\/\/www.gerbois.com\/en\/wp-json\/wp\/v2\/media?parent=13"}],"curies":[{"name":"wp","href":"https:\/\/api.w.org\/{rel}","templated":true}]}}