{"id":21,"date":"2016-06-08T10:38:20","date_gmt":"2016-06-08T08:38:20","guid":{"rendered":"http:\/\/52.56.129.142\/?page_id=21"},"modified":"2025-01-02T12:30:54","modified_gmt":"2025-01-02T11:30:54","slug":"lexpertise-ns-gerbois","status":"publish","type":"page","link":"https:\/\/www.gerbois.com\/en\/lexpertise-ns-gerbois\/","title":{"rendered":"Quality"},"content":{"rendered":"<p style=\"text-align: left;\"><div class='section-full-width' style='background: #9d9c9c no-repeat center top; color: white;'><div class='row divised divised1'><div class='col' style=''><img loading=\"lazy\" decoding=\"async\" class=\"alignnone wp-image-214 size-full\" src=\"\/wp-content\/uploads\/2018\/02\/9108633549_491763.png\" alt=\"ISO9001_ISO14001\" width=\"382\" height=\"150\" \/> <\/div><div class='col' style=''><\/p>\n<h1 style=\"text-align: justify;\">OUR CERTIFICATIONS<\/h1>\n<p style=\"text-align: justify;\">NS Gerbois SAS has been committed to a formalised quality management system since day one. Quality has always been an integral part of the Gerbois brand\u2014it&#8217;s in our DNA.<\/p>\n<p style=\"text-align: justify;\">But while we draw on existing expertise, we are always ready to adapt to new international standards. Our company boasts ISO 9001 and 14001:2015 certification, a crucial guarantee of reliability and quality for our partners.<\/p>\n<p style=\"text-align: justify;\"><\/div><\/div><\/div>\n<p style=\"text-align: left;\"><div class='section-full-width' style='background: linear-gradient(rgba(157,156,156,0), rgba(157,156,156,1)) no-repeat center top; color: black;'><div class='row divised divised1'><div class='col' style=''><img loading=\"lazy\" decoding=\"async\" class=\"alignnone wp-image-214 size-full\" src=\"\/wp-content\/uploads\/2018\/02\/logoNIMP15.jpg\" alt=\"NIMP15\" width=\"382\" height=\"150\" \/><\/p>\n<p style=\"text-align: justify;\"><\/div><div class='col' style=''><\/p>\n<p style=\"text-align: justify;\">Thanks to our company structure and first-rate facilities, we are authorised by the French Ministry of Agriculture to treat our wood to ISPM 15 specifications, and so are able to certify all of our packaging for export.<\/p>\n<p style=\"text-align: justify;\">We are an affiliate member of SEILA, the French industrial packaging union. The standards we use in our design and manufacturing are approved and backed by research, and enable our clients to refer to a precise nomenclature.<\/p>\n<p style=\"text-align: justify;\"><\/div><\/div><\/div>\n<div class='section-full-width' style='background: #9d9c9c no-repeat center top; color: white;'><div class='row divised divised3'><div class='col' style=''><\/p>\n<h4 style=\"text-align: justify;\">SEE FOR YOURSELF<\/h4>\n<p style=\"text-align: justify;\">Take a minute to find out all you need to know about our quality policy. This video explains how our vision relies on each team member listening to the client, following established procedures, and fully committing to and taking responsibility for each project.<\/p>\n<p style=\"text-align: justify;\"><\/div><div class='col' style=''><iframe loading=\"lazy\" src=\"https:\/\/www.youtube.com\/embed\/DYEIoyXbmac?rel=0&#038;showinfo=0\" width=\"381\" height=\"212\" frameborder=\"0\" allowfullscreen=\"allowfullscreen\"><\/iframe><\/p>\n<p><\/div><\/div><\/div>\n<div class='section-full-width' style='background: #9d9c9c no-repeat center top; color: white;'><div class='row large-forehead tricol divised divised1'><div class='col' style=''><!--<img decoding=\"async\" class=\"alignnone wp-image-520 size-medium\" src=\"http:\/\/52.56.129.142\/wp-content\/uploads\/2016\/06\/machine1-300x225.jpg\" alt=\"machine1\" width=\"100%\" \/>--><\/p>\n<h2>QUALITY OF SUPPLIES<\/h2>\n<p style=\"text-align: justify;\">The quality of our raw materials is paramount, so our supply chain is tightly controlled. Wood is the very essence of our products, and we take particular care in choosing our partners and sourcing the best products. Most of our wood is sourced locally and is PEFC-certified and\/or from sustainably managed forests. We check the quality of each batch as it arrives and carry out ISPM 15 treatment in our kilns.<\/p>\n<p><\/div><div class='col' style=''><!--<img decoding=\"async\" class=\"alignnone wp-image-521 size-medium\" src=\"\/wp-content\/uploads\/2017\/05\/LMZ_3392-262x300.jpg\" alt=\"machine2\" width=\"100%\" \/>--><\/p>\n<h2>TECHNICAL EXPERTISE AND QUALITY MANUFACTURING<\/h2>\n<p style=\"text-align: justify;\">It&#8217;s our job to guarantee the reliability of our packaging and associated services, so that our clients can be confident their products will be safe in transit. We optimise our products and services so as to minimise their environmental impact in the international logistics flow. Our design department tailors its product designs to meet the demands of the industrial sector, while our manufacturing department oversees the delivery of high-quality products made to the client&#8217;s specifications and within the required timescale.<\/p>\n<p><\/div><div class='col' style=''><!--<img decoding=\"async\" class=\"alignnone wp-image-522 size-medium\" src=\"\/wp-content\/uploads\/2016\/06\/Processus_NSGerbois_13102016-1.jpg\" alt=\"machine3\" width=\"100%\" \/>--><\/p>\n<h2>CLEARLY DEFINED PROCESSES<\/h2>\n<p style=\"text-align: justify;\">TAll of our processes are based on research evidence and have been formalised to best meet our clients&#8217; industry standards. We have defined 5 functional processes that underpin the principles of our work as packagers. Our support processes ensure that these function effectively on a daily basis. Smooth interaction between these well-balanced processes means that our clients can be sure of the best possible quality at all stages of the value chain.<br \/>\nBy conducting quality control and analysis at 20 checkpoints we are able to continually identify and respond to areas for improvement.<\/div><\/div><div class='row'><\/div><\/div>\n<div class='' style='background:  no-repeat center top; color: #ffffff;'><\/p>\n<p><style type=\"text\/css\">\n#foogallery-gallery-3811 .fg-image { width: 200px; }\n#foogallery-gallery-3811 { --fg-gutter: 10px; }<\/style>\n\t\t\t<div class=\"foogallery foogallery-container foogallery-default foogallery-lightbox-foobox fg-center fg-default fg-ready fg-light fg-shadow-outline fg-loading-bars fg-loaded-fade-in fg-hover-scale fg-caption-hover fg-hover-fade fg-hover-zoom\" id=\"foogallery-gallery-3811\" data-foogallery=\"{&quot;item&quot;:{&quot;showCaptionTitle&quot;:true,&quot;showCaptionDescription&quot;:true},&quot;lazy&quot;:true}\" style=\"--fg-title-line-clamp: 0; --fg-description-line-clamp: 0;\" >\n\t<div class=\"fg-item fg-type-image fg-idle\"><figure class=\"fg-item-inner\"><a href=\"https:\/\/www.gerbois.com\/wp-content\/uploads\/2017\/04\/IMG_0959.jpg\" data-attachment-id=\"790\" data-type=\"image\" class=\"fg-thumb\"><span class=\"fg-image-wrap\"><img decoding=\"async\" width=\"200\" height=\"200\" class=\"skip-lazy fg-image\" data-src-fg=\"https:\/\/www.gerbois.com\/wp-content\/uploads\/cache\/2017\/04\/IMG_0959\/2374322164.jpg\" src=\"data:image\/svg+xml,%3Csvg%20xmlns%3D%22http%3A%2F%2Fwww.w3.org%2F2000%2Fsvg%22%20width%3D%22200%22%20height%3D%22200%22%20viewBox%3D%220%200%20200%20200%22%3E%3C%2Fsvg%3E\" loading=\"eager\"><\/span><span class=\"fg-image-overlay\"><\/span><\/a><\/figure><div class=\"fg-loader\"><\/div><\/div><div class=\"fg-item fg-type-image fg-idle\"><figure class=\"fg-item-inner\"><a href=\"https:\/\/www.gerbois.com\/wp-content\/uploads\/2017\/05\/LMZ_3392.jpg\" data-caption-title=\"Bureau d&#039;etude conception 3D\" data-caption-desc=\"Travail de notre BE bureau d&#039;\u00e9tude en conception assist\u00e9e par ordinateur CAO 3D Solidworks\" data-attachment-id=\"816\" data-type=\"image\" class=\"fg-thumb\"><span class=\"fg-image-wrap\"><img decoding=\"async\" title=\"Bureau d&#039;etude conception 3D\" width=\"200\" height=\"200\" class=\"skip-lazy fg-image\" data-src-fg=\"https:\/\/www.gerbois.com\/wp-content\/uploads\/cache\/2017\/05\/LMZ_3392\/2765635595.jpg\" src=\"data:image\/svg+xml,%3Csvg%20xmlns%3D%22http%3A%2F%2Fwww.w3.org%2F2000%2Fsvg%22%20width%3D%22200%22%20height%3D%22200%22%20viewBox%3D%220%200%20200%20200%22%3E%3C%2Fsvg%3E\" loading=\"eager\"><\/span><span class=\"fg-image-overlay\"><\/span><\/a><figcaption class=\"fg-caption\"><div class=\"fg-caption-inner\"><div class=\"fg-caption-title\">Bureau d'etude conception 3D<\/div><div class=\"fg-caption-desc\">Travail de notre BE bureau d'\u00e9tude en conception assist\u00e9e par ordinateur CAO 3D Solidworks<\/div><\/div><\/figcaption><\/figure><div class=\"fg-loader\"><\/div><\/div><div class=\"fg-item fg-type-image fg-idle\"><figure class=\"fg-item-inner\"><a href=\"https:\/\/www.gerbois.com\/wp-content\/uploads\/2016\/06\/Processus_NSGerbois_13102016-1.jpg\" data-caption-desc=\"Description de nos processus ISO qualit\u00e9\" data-attachment-id=\"858\" data-type=\"image\" class=\"fg-thumb\"><span class=\"fg-image-wrap\"><img decoding=\"async\" width=\"200\" height=\"200\" class=\"skip-lazy fg-image\" data-src-fg=\"https:\/\/www.gerbois.com\/wp-content\/uploads\/cache\/2016\/06\/Processus_NSGerbois_13102016-1\/1214488877.jpg\" src=\"data:image\/svg+xml,%3Csvg%20xmlns%3D%22http%3A%2F%2Fwww.w3.org%2F2000%2Fsvg%22%20width%3D%22200%22%20height%3D%22200%22%20viewBox%3D%220%200%20200%20200%22%3E%3C%2Fsvg%3E\" loading=\"eager\"><\/span><span class=\"fg-image-overlay\"><\/span><\/a><figcaption class=\"fg-caption\"><div class=\"fg-caption-inner\"><div class=\"fg-caption-desc\">Description de nos processus ISO qualit\u00e9<\/div><\/div><\/figcaption><\/figure><div class=\"fg-loader\"><\/div><\/div><\/div>\n<p>[\/row]<\/div>\n","protected":false},"excerpt":{"rendered":"{:fr}[vc_section parallax=\"content-moving\" parallax_image=\"5079\" parallax_speed_bg=\"3\" css=\".vc_custom_1631022211413{padding-left: 100px !important;}\"][vc_row css=\".vc_custom_1631022271386{padding-left: 100px !important;}\"][vc_column width=\"1\/2\" css=\".vc_custom_1631022369982{margin-left: 50px !important;padding-top: 150px !important;padding-bottom: 100px !important;padding-left: 25px !important;background-color: rgba(76,169,56,0.75) !important;*background-color: rgb(76,169,56) !important;}\"][vc_custom_heading text=\"NOTRE EXPERTISE &amp; NOTRE QUALIT\u00c9\" font_container=\"tag:h1|font_size:38|text_align:center|color:%23ffffff\" google_fonts=\"font_family:Montserrat%3Aregular%2C700|font_style:400%20regular%3A400%3Anormal\"][\/vc_column][vc_column width=\"1\/2\"][\/vc_column][\/vc_row][\/vc_section][vc_section content_placement=\"middle\" css=\".vc_custom_1631020645304{padding-left: 100px !important;background-color: #ffffff !important;}\"][vc_row equal_height=\"yes\" content_placement=\"middle\"][vc_column width=\"1\/2\"][vc_single_image image=\"4419\" img_size=\"Large\" alignment=\"center\"][\/vc_column][vc_column width=\"1\/2\"][vc_custom_heading text=\"Notre qualit\u00e9 d'approvisionnement\" font_container=\"tag:h2|text_align:left|color:%234ca938\" google_fonts=\"font_family:Montserrat%3Aregular%2C700|font_style:400%20regular%3A400%3Anormal\"][vc_column_text]Une cha\u00eene d\u2019approvisionnement totalement ma\u00eetris\u00e9e : &hellip; <a href=\"https:\/\/www.gerbois.com\/en\/lexpertise-ns-gerbois\/\" class=\"more-link\">Continue reading <span class=\"screen-reader-text\">Quality<\/span> <span class=\"meta-nav\">&rarr;<\/span><\/a>","protected":false},"author":3,"featured_media":0,"parent":0,"menu_order":0,"comment_status":"closed","ping_status":"closed","template":"page-template\/full-width.php","meta":{"cybocfi_hide_featured_image":"","footnotes":""},"class_list":["post-21","page","type-page","status-publish","hentry"],"translation":{"provider":"WPGlobus","version":"3.0.2","language":"en","enabled_languages":["fr","en","de","it"],"languages":{"fr":{"title":true,"content":true,"excerpt":false},"en":{"title":true,"content":true,"excerpt":false},"de":{"title":true,"content":true,"excerpt":false},"it":{"title":true,"content":true,"excerpt":false}}},"yoast_head":"<!-- This site is optimized with the Yoast SEO plugin v27.4 - https:\/\/yoast.com\/product\/yoast-seo-wordpress\/ -->\n<title>NS GERBOIS - Quality<\/title>\n<meta name=\"robots\" content=\"index, follow, max-snippet:-1, max-image-preview:large, max-video-preview:-1\" \/>\n<link rel=\"canonical\" href=\"https:\/\/www.gerbois.com\/lexpertise-ns-gerbois\/\" \/>\n<meta property=\"og:locale\" content=\"en_US\" \/>\n<meta property=\"og:type\" content=\"article\" \/>\n<meta property=\"og:title\" content=\"Quality - NS GERBOIS\" \/>\n<meta property=\"og:url\" content=\"https:\/\/www.gerbois.com\/lexpertise-ns-gerbois\/\" \/>\n<meta property=\"og:site_name\" content=\"NS GERBOIS\" \/>\n<meta property=\"article:publisher\" content=\"https:\/\/www.facebook.com\/profile.php?id=100076213082957\" \/>\n<meta property=\"article:modified_time\" content=\"2025-01-02T11:30:54+00:00\" \/>\n<meta property=\"og:image\" content=\"http:\/\/52.56.129.142\/wp-content\/uploads\/2016\/06\/machine1-300x225.jpg\" \/>\n<meta name=\"twitter:card\" content=\"summary_large_image\" \/>\n<meta name=\"twitter:label1\" content=\"Est. reading time\" \/>\n\t<meta name=\"twitter:data1\" content=\"4 minutes\" \/>\n<script type=\"application\/ld+json\" class=\"yoast-schema-graph\">{\"@context\":\"https:\\\/\\\/schema.org\",\"@graph\":[{\"@type\":[\"WebPage\",\"AboutPage\"],\"@id\":\"https:\\\/\\\/www.gerbois.com\\\/lexpertise-ns-gerbois\\\/\",\"url\":\"https:\\\/\\\/www.gerbois.com\\\/lexpertise-ns-gerbois\\\/\",\"name\":\"NS GERBOIS - Quality\",\"isPartOf\":{\"@id\":\"https:\\\/\\\/www.gerbois.com\\\/#website\"},\"primaryImageOfPage\":{\"@id\":\"https:\\\/\\\/www.gerbois.com\\\/lexpertise-ns-gerbois\\\/#primaryimage\"},\"image\":{\"@id\":\"https:\\\/\\\/www.gerbois.com\\\/lexpertise-ns-gerbois\\\/#primaryimage\"},\"thumbnailUrl\":\"http:\\\/\\\/52.56.129.142\\\/wp-content\\\/uploads\\\/2016\\\/06\\\/machine1-300x225.jpg\",\"datePublished\":\"2016-06-08T08:38:20+00:00\",\"dateModified\":\"2025-01-02T11:30:54+00:00\",\"description\":\"D\u00e9couvrez toutes les certifications, l'expertise et la qualit\u00e9 d'approvisionnement et de fabrication des caisses de la soci\u00e9t\u00e9 NS Gerbois.\",\"breadcrumb\":{\"@id\":\"https:\\\/\\\/www.gerbois.com\\\/lexpertise-ns-gerbois\\\/#breadcrumb\"},\"inLanguage\":\"en-US\",\"potentialAction\":[{\"@type\":\"ReadAction\",\"target\":[\"https:\\\/\\\/www.gerbois.com\\\/lexpertise-ns-gerbois\\\/\"]}]},{\"@type\":\"ImageObject\",\"inLanguage\":\"en-US\",\"@id\":\"https:\\\/\\\/www.gerbois.com\\\/lexpertise-ns-gerbois\\\/#primaryimage\",\"url\":\"http:\\\/\\\/52.56.129.142\\\/wp-content\\\/uploads\\\/2016\\\/06\\\/machine1-300x225.jpg\",\"contentUrl\":\"http:\\\/\\\/52.56.129.142\\\/wp-content\\\/uploads\\\/2016\\\/06\\\/machine1-300x225.jpg\"},{\"@type\":\"BreadcrumbList\",\"@id\":\"https:\\\/\\\/www.gerbois.com\\\/lexpertise-ns-gerbois\\\/#breadcrumb\",\"itemListElement\":[{\"@type\":\"ListItem\",\"position\":1,\"name\":\"Accueil\",\"item\":\"https:\\\/\\\/www.gerbois.com\\\/\"},{\"@type\":\"ListItem\",\"position\":2,\"name\":\"Expertise\"}]},{\"@type\":\"WebSite\",\"@id\":\"https:\\\/\\\/www.gerbois.com\\\/#website\",\"url\":\"https:\\\/\\\/www.gerbois.com\\\/\",\"name\":\"NS Gerbois emballeur industriel\",\"description\":\"Industrial wooden packaging design and manufacture\",\"alternateName\":\"Nouvelle Soci\u00e9t\u00e9 Gerbois\",\"potentialAction\":[{\"@type\":\"SearchAction\",\"target\":{\"@type\":\"EntryPoint\",\"urlTemplate\":\"https:\\\/\\\/www.gerbois.com\\\/?s={search_term_string}\"},\"query-input\":{\"@type\":\"PropertyValueSpecification\",\"valueRequired\":true,\"valueName\":\"search_term_string\"}}],\"inLanguage\":\"en-US\"}]}<\/script>\n<!-- \/ Yoast SEO plugin. -->","yoast_head_json":{"title":"NS GERBOIS - Quality","robots":{"index":"index","follow":"follow","max-snippet":"max-snippet:-1","max-image-preview":"max-image-preview:large","max-video-preview":"max-video-preview:-1"},"canonical":"https:\/\/www.gerbois.com\/lexpertise-ns-gerbois\/","og_locale":"en_US","og_type":"article","og_title":"Quality - NS GERBOIS","og_url":"https:\/\/www.gerbois.com\/lexpertise-ns-gerbois\/","og_site_name":"NS GERBOIS","article_publisher":"https:\/\/www.facebook.com\/profile.php?id=100076213082957","article_modified_time":"2025-01-02T11:30:54+00:00","og_image":[{"url":"http:\/\/52.56.129.142\/wp-content\/uploads\/2016\/06\/machine1-300x225.jpg","type":"","width":"","height":""}],"twitter_card":"summary_large_image","twitter_misc":{"Est. reading time":"4 minutes"},"schema":{"@context":"https:\/\/schema.org","@graph":[{"@type":["WebPage","AboutPage"],"@id":"https:\/\/www.gerbois.com\/lexpertise-ns-gerbois\/","url":"https:\/\/www.gerbois.com\/lexpertise-ns-gerbois\/","name":"NS GERBOIS - Quality","isPartOf":{"@id":"https:\/\/www.gerbois.com\/#website"},"primaryImageOfPage":{"@id":"https:\/\/www.gerbois.com\/lexpertise-ns-gerbois\/#primaryimage"},"image":{"@id":"https:\/\/www.gerbois.com\/lexpertise-ns-gerbois\/#primaryimage"},"thumbnailUrl":"http:\/\/52.56.129.142\/wp-content\/uploads\/2016\/06\/machine1-300x225.jpg","datePublished":"2016-06-08T08:38:20+00:00","dateModified":"2025-01-02T11:30:54+00:00","description":"D\u00e9couvrez toutes les certifications, l'expertise et la qualit\u00e9 d'approvisionnement et de fabrication des caisses de la soci\u00e9t\u00e9 NS Gerbois.","breadcrumb":{"@id":"https:\/\/www.gerbois.com\/lexpertise-ns-gerbois\/#breadcrumb"},"inLanguage":"en-US","potentialAction":[{"@type":"ReadAction","target":["https:\/\/www.gerbois.com\/lexpertise-ns-gerbois\/"]}]},{"@type":"ImageObject","inLanguage":"en-US","@id":"https:\/\/www.gerbois.com\/lexpertise-ns-gerbois\/#primaryimage","url":"http:\/\/52.56.129.142\/wp-content\/uploads\/2016\/06\/machine1-300x225.jpg","contentUrl":"http:\/\/52.56.129.142\/wp-content\/uploads\/2016\/06\/machine1-300x225.jpg"},{"@type":"BreadcrumbList","@id":"https:\/\/www.gerbois.com\/lexpertise-ns-gerbois\/#breadcrumb","itemListElement":[{"@type":"ListItem","position":1,"name":"Accueil","item":"https:\/\/www.gerbois.com\/"},{"@type":"ListItem","position":2,"name":"Expertise"}]},{"@type":"WebSite","@id":"https:\/\/www.gerbois.com\/#website","url":"https:\/\/www.gerbois.com\/","name":"NS Gerbois emballeur industriel","description":"Industrial wooden packaging design and manufacture","alternateName":"Nouvelle Soci\u00e9t\u00e9 Gerbois","potentialAction":[{"@type":"SearchAction","target":{"@type":"EntryPoint","urlTemplate":"https:\/\/www.gerbois.com\/?s={search_term_string}"},"query-input":{"@type":"PropertyValueSpecification","valueRequired":true,"valueName":"search_term_string"}}],"inLanguage":"en-US"}]}},"jetpack_sharing_enabled":true,"jetpack_likes_enabled":true,"_links":{"self":[{"href":"https:\/\/www.gerbois.com\/en\/wp-json\/wp\/v2\/pages\/21","targetHints":{"allow":["GET"]}}],"collection":[{"href":"https:\/\/www.gerbois.com\/en\/wp-json\/wp\/v2\/pages"}],"about":[{"href":"https:\/\/www.gerbois.com\/en\/wp-json\/wp\/v2\/types\/page"}],"author":[{"embeddable":true,"href":"https:\/\/www.gerbois.com\/en\/wp-json\/wp\/v2\/users\/3"}],"replies":[{"embeddable":true,"href":"https:\/\/www.gerbois.com\/en\/wp-json\/wp\/v2\/comments?post=21"}],"version-history":[{"count":203,"href":"https:\/\/www.gerbois.com\/en\/wp-json\/wp\/v2\/pages\/21\/revisions"}],"predecessor-version":[{"id":10444,"href":"https:\/\/www.gerbois.com\/en\/wp-json\/wp\/v2\/pages\/21\/revisions\/10444"}],"wp:attachment":[{"href":"https:\/\/www.gerbois.com\/en\/wp-json\/wp\/v2\/media?parent=21"}],"curies":[{"name":"wp","href":"https:\/\/api.w.org\/{rel}","templated":true}]}}