{"id":3431,"date":"2018-02-13T16:10:30","date_gmt":"2018-02-13T15:10:30","guid":{"rendered":"http:\/\/gerbois.fr\/?page_id=3431"},"modified":"2018-04-03T11:59:07","modified_gmt":"2018-04-03T09:59:07","slug":"maraichers-arboriculteurs","status":"publish","type":"page","link":"https:\/\/www.gerbois.com\/en\/maraichers-arboriculteurs\/","title":{"rendered":"Maraichers \/ Arboriculteurs"},"content":{"rendered":"<div class=\"section-full-width\" style=\"background: linear-gradient(rgba(255,255,255,0) 0%, rgba(255,255,255,1) 40%), url('..\/wp-content\/uploads\/2018\/02\/healthy-apple-summer-garden.jpg') no-repeat center right; color: #000000;\">\n<div class=\"row big-forehead\">\n<h1 style=\"text-align: justify\"><span style=\"font-size: 25pt;\">MARAICHERS &#038; ARBORICULTEURS<\/span><\/h1>\n<p style=\"text-align: justify\">La France est le premier pays agricole de l&#8217;Union europ\u00e9enne avec 18 % du produit agricole et agro-alimentaire europ\u00e9en. L\u2019agriculture occupe une place majeure par son implantation (53% du territoire fran\u00e7ais), son poids dans l\u2019\u00e9conomie (3,5% du PIB, 700 000 emplois) et surtout son importance pour les fran\u00e7ais dans leurs habitudes de consommation.<\/p>\n<p style=\"text-align: justify\">L\u2019agriculture regroupe des m\u00e9tiers tr\u00e8s divers, ayant chacun des probl\u00e9matiques sp\u00e9cifiques li\u00e9es \u00e0 la nature m\u00eame du travail effectu\u00e9. Nous apportons une r\u00e9ponse individualis\u00e9e \u00e0 tous les secteurs agricoles. Professionnels de la viniculture, des m\u00e9tiers du bois, mara\u00eechers et arboriculteurs, nous d\u00e9veloppons pour chacun d\u2019entre vous une gamme de produits d\u00e9di\u00e9s.<\/p>\n<\/p>\n<\/div>\n<div class=\"row\"><\/div>\n<div class=\"row divised divised2\" style=\"white-space: nowrap\">\n<div class=\"col\">\n<h2 style=\"text-align: justify\">VISUALISATION 3D<\/h2>\n<p style=\"white-space: normal; text-align: justify;\">Nous travaillons sur plan, mais aussi en conception assist\u00e9e par ordinateur (CAO) pour un rendu plus r\u00e9aliste. Notre bureau d\u2019\u00e9tude \u00e9tablit avec vous un cahier des charges de vos besoins et cr\u00e9e un emballage adapt\u00e9, bas\u00e9 sur les standards de votre profession. Visualisez en 3D des r\u00e9alisations effectu\u00e9es pour le secteur agricole.<\/p>\n<\/p>\n<\/div>\n<div class=\"col\">\n<h2 style=\"text-align: justify\">STANDARDS ADAPTES<\/h2>\n<p style=\"white-space: normal; text-align: justify;\">Les gammes de produits d\u00e9di\u00e9s \u00e0 l\u2019agriculture ont \u00e9t\u00e9 con\u00e7us et adapt\u00e9s au fur et \u00e0 mesure de leurs tests en condition r\u00e9elle. Les produits se sont standardis\u00e9s et r\u00e9pondent \u00e0 des besoins pr\u00e9cis. Nous ma\u00eetrisons et respectons ces standards, tout en vous proposant des adaptations propres \u00e0 votre organisation et votre type d\u2019exploitation (manuel, industriel)<\/p>\n<\/p>\n<\/div>\n<\/div>\n<div class=\"row\">\n<p style=\"text-align: justify;\">\n<p style=\"text-align: justify;\">\n<\/div>\n<div class=\"row\">\n<h2 style=\"text-align: center;\"><span style=\"font-size: 20pt;\"><i>\u00ab Nos clients nous font confiance \u00bb<\/i><\/span><\/h2>\n<\/div>\n<div class=\"row divised divised2\" style=\"white-space: nowrap\">\n<div class=\"col\">\n<h2 style=\"text-align: justify\"><span style=\"font-size: 10pt;\">Olivier MARLET &#8211; Gestamp<\/span><\/h2>\n<p style=\"white-space: normal; text-align: justify;\"><span style=\"font-style: italic;\">Nous sommes livr\u00e9s en temps et en heure, la qualit\u00e9 de leurs produits est irr\u00e9prochable. Ils s&#8217;adaptent \u00e0 nos demandes de derni\u00e8res minutes et mettent tout en oeuvre pour livrer ces demandes express.<br \/>\nLorsque votre interlocuteur est en d\u00e9placement, il y a toujours un quelqu&#8217;un capable de le remplacer.<\/span><\/p>\n<\/p>\n<\/div>\n<div class=\"col\">\n<h2 style=\"text-align: justify\"><span style=\"font-size: 10pt;\">Andr\u00e9 Streng &#8211; Stevial<\/span><\/h2>\n<p style=\"white-space: normal; text-align: justify;\"><span style=\"font-style: italic;\">Comme d&#8217;habitude, c&#8217;est avec satisfaction que nous avons re\u00e7u notre derni\u00e8re commande de palettes bois pour le stockage de bouteilles. Une livraison rapide, correctement ex\u00e9cut\u00e9e, avec des mati\u00e8res premi\u00e8res de qualit\u00e9, r\u00e9pondant parfaitement \u00e0 nos attentes. Nous tenons ainsi \u00e0 remercier NS Gerbois pour leur constant professionnalisme dans leur livraisons et sommes r\u00e9ellement ravis de cette collaboration p\u00e9renne.<\/span><\/p>\n<\/p>\n<\/div>\n<\/div>\n<div class=\"row\"><style type=\"text\/css\">\n#foogallery-gallery-3966 .fg-image { width: 200px; }\n#foogallery-gallery-3966 { --fg-gutter: 10px; }<\/style>\n\t\t\t<div class=\"foogallery foogallery-container foogallery-default foogallery-lightbox-foobox fg-center fg-default fg-ready fg-light fg-shadow-outline fg-loading-bars fg-loaded-fade-in fg-hover-scale fg-caption-hover fg-hover-fade fg-hover-zoom\" id=\"foogallery-gallery-3966\" data-foogallery=\"{&quot;item&quot;:{&quot;showCaptionTitle&quot;:true,&quot;showCaptionDescription&quot;:true},&quot;lazy&quot;:true}\" style=\"--fg-title-line-clamp: 0; --fg-description-line-clamp: 0;\" >\n\t<div class=\"fg-item fg-type-image fg-idle\"><figure class=\"fg-item-inner\"><a href=\"https:\/\/www.gerbois.com\/wp-content\/uploads\/2018\/02\/galerie_agriculture_caisses_vinicoles.jpg\" data-attachment-id=\"3659\" data-type=\"image\" class=\"fg-thumb\"><span class=\"fg-image-wrap\"><img decoding=\"async\" width=\"200\" height=\"200\" class=\"skip-lazy fg-image\" data-src-fg=\"https:\/\/www.gerbois.com\/wp-content\/uploads\/cache\/2018\/02\/galerie_agriculture_caisses_vinicoles\/526388227.jpg\" src=\"data:image\/svg+xml,%3Csvg%20xmlns%3D%22http%3A%2F%2Fwww.w3.org%2F2000%2Fsvg%22%20width%3D%22200%22%20height%3D%22200%22%20viewBox%3D%220%200%20200%20200%22%3E%3C%2Fsvg%3E\" loading=\"eager\"><\/span><span class=\"fg-image-overlay\"><\/span><\/a><\/figure><div class=\"fg-loader\"><\/div><\/div><div class=\"fg-item fg-type-image fg-idle\"><figure class=\"fg-item-inner\"><a href=\"https:\/\/www.gerbois.com\/wp-content\/uploads\/2018\/02\/galerie_agriculture_caisses_vinicoles_1-e1518777584289.jpg\" data-attachment-id=\"3658\" data-type=\"image\" class=\"fg-thumb\"><span class=\"fg-image-wrap\"><img decoding=\"async\" width=\"200\" height=\"200\" class=\"skip-lazy fg-image\" data-src-fg=\"https:\/\/www.gerbois.com\/wp-content\/uploads\/cache\/2018\/02\/galerie_agriculture_caisses_vinicoles_1-e1518777584289\/3908961441.jpg\" src=\"data:image\/svg+xml,%3Csvg%20xmlns%3D%22http%3A%2F%2Fwww.w3.org%2F2000%2Fsvg%22%20width%3D%22200%22%20height%3D%22200%22%20viewBox%3D%220%200%20200%20200%22%3E%3C%2Fsvg%3E\" loading=\"eager\"><\/span><span class=\"fg-image-overlay\"><\/span><\/a><\/figure><div class=\"fg-loader\"><\/div><\/div><\/div>\n<\/div>\n<\/div>\n","protected":false},"excerpt":{"rendered":"<p>MARAICHERS &#038; ARBORICULTEURS La France est le premier pays agricole de l&#8217;Union europ\u00e9enne avec 18 % du produit agricole et agro-alimentaire europ\u00e9en. L\u2019agriculture occupe une place majeure par son implantation (53% du territoire fran\u00e7ais), son poids dans l\u2019\u00e9conomie (3,5% du PIB, 700 000 emplois) et surtout son importance pour les fran\u00e7ais dans leurs habitudes de &hellip; <a href=\"https:\/\/www.gerbois.com\/en\/maraichers-arboriculteurs\/\" class=\"more-link\">Continue reading <span class=\"screen-reader-text\">Maraichers \/ Arboriculteurs<\/span> <span class=\"meta-nav\">&rarr;<\/span><\/a><\/p>\n","protected":false},"author":3,"featured_media":0,"parent":0,"menu_order":0,"comment_status":"closed","ping_status":"closed","template":"page-template\/full-width.php","meta":{"cybocfi_hide_featured_image":"","footnotes":""},"class_list":["post-3431","page","type-page","status-publish","hentry"],"translation":{"provider":"WPGlobus","version":"3.0.2","language":"en","enabled_languages":["fr","en","de","it"],"languages":{"fr":{"title":true,"content":true,"excerpt":false},"en":{"title":false,"content":false,"excerpt":false},"de":{"title":false,"content":false,"excerpt":false},"it":{"title":false,"content":false,"excerpt":false}}},"yoast_head":"<!-- This site is optimized with the Yoast SEO plugin v27.5 - https:\/\/yoast.com\/product\/yoast-seo-wordpress\/ -->\n<title>Maraichers \/ Arboriculteurs - NS GERBOIS<\/title>\n<meta name=\"robots\" content=\"index, follow, max-snippet:-1, max-image-preview:large, max-video-preview:-1\" \/>\n<link rel=\"canonical\" href=\"https:\/\/www.gerbois.com\/de\/maraichers-arboriculteurs\/\" \/>\n<meta property=\"og:locale\" content=\"en_US\" \/>\n<meta property=\"og:type\" content=\"article\" \/>\n<meta property=\"og:title\" content=\"Maraichers \/ Arboriculteurs - NS GERBOIS\" \/>\n<meta property=\"og:url\" content=\"https:\/\/www.gerbois.com\/de\/maraichers-arboriculteurs\/\" \/>\n<meta property=\"og:site_name\" content=\"NS GERBOIS\" \/>\n<meta property=\"article:publisher\" content=\"https:\/\/www.facebook.com\/profile.php?id=100076213082957\" \/>\n<meta property=\"article:modified_time\" content=\"2018-04-03T09:59:07+00:00\" \/>\n<meta property=\"og:image\" content=\"https:\/\/i0.wp.com\/www.gerbois.com\/wp-content\/uploads\/2023\/09\/NSGerbois.png?fit=1200%2C675&ssl=1\" \/>\n\t<meta property=\"og:image:width\" content=\"1200\" \/>\n\t<meta property=\"og:image:height\" content=\"675\" \/>\n\t<meta property=\"og:image:type\" content=\"image\/png\" \/>\n<meta name=\"twitter:card\" content=\"summary_large_image\" \/>\n<meta name=\"twitter:label1\" content=\"Est. reading time\" \/>\n\t<meta name=\"twitter:data1\" content=\"2 minutes\" \/>\n<script type=\"application\/ld+json\" class=\"yoast-schema-graph\">{\"@context\":\"https:\\\/\\\/schema.org\",\"@graph\":[{\"@type\":\"WebPage\",\"@id\":\"https:\\\/\\\/www.gerbois.com\\\/de\\\/maraichers-arboriculteurs\\\/\",\"url\":\"https:\\\/\\\/www.gerbois.com\\\/de\\\/maraichers-arboriculteurs\\\/\",\"name\":\"Maraichers \\\/ Arboriculteurs - NS GERBOIS\",\"isPartOf\":{\"@id\":\"https:\\\/\\\/www.gerbois.com\\\/#website\"},\"datePublished\":\"2018-02-13T15:10:30+00:00\",\"dateModified\":\"2018-04-03T09:59:07+00:00\",\"breadcrumb\":{\"@id\":\"https:\\\/\\\/www.gerbois.com\\\/de\\\/maraichers-arboriculteurs\\\/#breadcrumb\"},\"inLanguage\":\"en-US\",\"potentialAction\":[{\"@type\":\"ReadAction\",\"target\":[\"https:\\\/\\\/www.gerbois.com\\\/de\\\/maraichers-arboriculteurs\\\/\"]}]},{\"@type\":\"BreadcrumbList\",\"@id\":\"https:\\\/\\\/www.gerbois.com\\\/de\\\/maraichers-arboriculteurs\\\/#breadcrumb\",\"itemListElement\":[{\"@type\":\"ListItem\",\"position\":1,\"name\":\"Accueil\",\"item\":\"https:\\\/\\\/www.gerbois.com\\\/\"},{\"@type\":\"ListItem\",\"position\":2,\"name\":\"Maraichers \\\/ Arboriculteurs\"}]},{\"@type\":\"WebSite\",\"@id\":\"https:\\\/\\\/www.gerbois.com\\\/#website\",\"url\":\"https:\\\/\\\/www.gerbois.com\\\/\",\"name\":\"NS Gerbois emballeur industriel\",\"description\":\"Industrial wooden packaging design and manufacture\",\"alternateName\":\"Nouvelle Soci\u00e9t\u00e9 Gerbois\",\"potentialAction\":[{\"@type\":\"SearchAction\",\"target\":{\"@type\":\"EntryPoint\",\"urlTemplate\":\"https:\\\/\\\/www.gerbois.com\\\/?s={search_term_string}\"},\"query-input\":{\"@type\":\"PropertyValueSpecification\",\"valueRequired\":true,\"valueName\":\"search_term_string\"}}],\"inLanguage\":\"en-US\"}]}<\/script>\n<!-- \/ Yoast SEO plugin. -->","yoast_head_json":{"title":"Maraichers \/ Arboriculteurs - NS GERBOIS","robots":{"index":"index","follow":"follow","max-snippet":"max-snippet:-1","max-image-preview":"max-image-preview:large","max-video-preview":"max-video-preview:-1"},"canonical":"https:\/\/www.gerbois.com\/de\/maraichers-arboriculteurs\/","og_locale":"en_US","og_type":"article","og_title":"Maraichers \/ Arboriculteurs - NS GERBOIS","og_url":"https:\/\/www.gerbois.com\/de\/maraichers-arboriculteurs\/","og_site_name":"NS GERBOIS","article_publisher":"https:\/\/www.facebook.com\/profile.php?id=100076213082957","article_modified_time":"2018-04-03T09:59:07+00:00","og_image":[{"width":1200,"height":675,"url":"https:\/\/i0.wp.com\/www.gerbois.com\/wp-content\/uploads\/2023\/09\/NSGerbois.png?fit=1200%2C675&ssl=1","type":"image\/png"}],"twitter_card":"summary_large_image","twitter_misc":{"Est. reading time":"2 minutes"},"schema":{"@context":"https:\/\/schema.org","@graph":[{"@type":"WebPage","@id":"https:\/\/www.gerbois.com\/de\/maraichers-arboriculteurs\/","url":"https:\/\/www.gerbois.com\/de\/maraichers-arboriculteurs\/","name":"Maraichers \/ Arboriculteurs - NS GERBOIS","isPartOf":{"@id":"https:\/\/www.gerbois.com\/#website"},"datePublished":"2018-02-13T15:10:30+00:00","dateModified":"2018-04-03T09:59:07+00:00","breadcrumb":{"@id":"https:\/\/www.gerbois.com\/de\/maraichers-arboriculteurs\/#breadcrumb"},"inLanguage":"en-US","potentialAction":[{"@type":"ReadAction","target":["https:\/\/www.gerbois.com\/de\/maraichers-arboriculteurs\/"]}]},{"@type":"BreadcrumbList","@id":"https:\/\/www.gerbois.com\/de\/maraichers-arboriculteurs\/#breadcrumb","itemListElement":[{"@type":"ListItem","position":1,"name":"Accueil","item":"https:\/\/www.gerbois.com\/"},{"@type":"ListItem","position":2,"name":"Maraichers \/ Arboriculteurs"}]},{"@type":"WebSite","@id":"https:\/\/www.gerbois.com\/#website","url":"https:\/\/www.gerbois.com\/","name":"NS Gerbois emballeur industriel","description":"Industrial wooden packaging design and manufacture","alternateName":"Nouvelle Soci\u00e9t\u00e9 Gerbois","potentialAction":[{"@type":"SearchAction","target":{"@type":"EntryPoint","urlTemplate":"https:\/\/www.gerbois.com\/?s={search_term_string}"},"query-input":{"@type":"PropertyValueSpecification","valueRequired":true,"valueName":"search_term_string"}}],"inLanguage":"en-US"}]}},"jetpack_sharing_enabled":true,"jetpack_likes_enabled":true,"_links":{"self":[{"href":"https:\/\/www.gerbois.com\/en\/wp-json\/wp\/v2\/pages\/3431","targetHints":{"allow":["GET"]}}],"collection":[{"href":"https:\/\/www.gerbois.com\/en\/wp-json\/wp\/v2\/pages"}],"about":[{"href":"https:\/\/www.gerbois.com\/en\/wp-json\/wp\/v2\/types\/page"}],"author":[{"embeddable":true,"href":"https:\/\/www.gerbois.com\/en\/wp-json\/wp\/v2\/users\/3"}],"replies":[{"embeddable":true,"href":"https:\/\/www.gerbois.com\/en\/wp-json\/wp\/v2\/comments?post=3431"}],"version-history":[{"count":16,"href":"https:\/\/www.gerbois.com\/en\/wp-json\/wp\/v2\/pages\/3431\/revisions"}],"predecessor-version":[{"id":4121,"href":"https:\/\/www.gerbois.com\/en\/wp-json\/wp\/v2\/pages\/3431\/revisions\/4121"}],"wp:attachment":[{"href":"https:\/\/www.gerbois.com\/en\/wp-json\/wp\/v2\/media?parent=3431"}],"curies":[{"name":"wp","href":"https:\/\/api.w.org\/{rel}","templated":true}]}}