{"id":54,"date":"2016-06-08T10:39:25","date_gmt":"2016-06-08T08:39:25","guid":{"rendered":"http:\/\/52.56.129.142\/?page_id=54"},"modified":"2024-05-21T18:46:44","modified_gmt":"2024-05-21T16:46:44","slug":"societe-ns-gerbois","status":"publish","type":"page","link":"https:\/\/www.gerbois.com\/en\/societe-ns-gerbois\/","title":{"rendered":"Company"},"content":{"rendered":"<div class='section-full-width' style='background: linear-gradient(rgba(81,171,53,0), rgba(81,171,53,0.75)) no-repeat center top; color: white;'><div class='row forehead'><div class='col' style=''><\/p>\n<h1 style=\"text-align: justify;\">OUR COMPANY :<\/h1>\n<p style=\"text-align: justify;\">At Nouvelle Soci\u00e9t\u00e9 Gerbois SAS we design and manufacture all kinds of wood-based industrial packaging. With over 40 years&#8217; experience in the field, we provide help with your projects and respond quickly to your needs. Our products are suitable for all types of transportation and are custom-designed and made to measure. Whether you have a one-off project or a high-volume production run, we pride ourselves on our flexibility and responsiveness. By staying in close contact with our clients we forge real, lasting partnerships. With a focus on flexibility and reliability, we offer high-quality products and services at a price that fits your budget.<\/p>\n<p style=\"text-align: justify;\"><\/div><div class='col' style=''><img data-recalc-dims=\"1\" loading=\"lazy\" decoding=\"async\" class=\"alignnone wp-image-216 size-full\" src=\"https:\/\/i0.wp.com\/52.56.129.142\/wp-content\/uploads\/2016\/06\/logo-GB.png?resize=273%2C280\" alt=\"logo-GB\" width=\"273\" height=\"280\" srcset=\"https:\/\/i0.wp.com\/www.gerbois.com\/wp-content\/uploads\/2016\/06\/logo-GB.png?w=273&amp;ssl=1 273w, https:\/\/i0.wp.com\/www.gerbois.com\/wp-content\/uploads\/2016\/06\/logo-GB.png?resize=24%2C24&amp;ssl=1 24w, https:\/\/i0.wp.com\/www.gerbois.com\/wp-content\/uploads\/2016\/06\/logo-GB.png?resize=36%2C36&amp;ssl=1 36w, https:\/\/i0.wp.com\/www.gerbois.com\/wp-content\/uploads\/2016\/06\/logo-GB.png?resize=48%2C48&amp;ssl=1 48w\" sizes=\"auto, (max-width: 273px) 100vw, 273px\" \/><\/div><\/div><\/div>\n<div class='section-full-width' style='background: linear-gradient(rgba(81,171,53,0.75), rgba(81,171,53,0)) no-repeat center top; color: white;'><div class='row'><\/p>\n<h2 style=\"text-align: justify;\">OUR TEAMS<\/h2>\n<p style=\"text-align: justify;\">With over 40 years&#8217; experience, our teams boast real expertise in wood and industrial packaging. NS Gerbois is proud to draw on the skills of a multi-generational workforce, and our teams bring a dynamic and professional perspective to every client project.<\/p>\n<h2 style=\"text-align: justify;\">OUR VISION<\/h2>\n<p style=\"text-align: justify;\">What matters to us is not what people can offer our company, but what our company can offer them<\/p>\n<p style=\"text-align: justify;\">Located in the heart of the Vosges Mountains, we are within easy reach of our supply sources and all major European transport routes. With over 5 ha of outdoor storage and 6,000 m2 of covered storage, we are well-placed to handle any fluctuations in your business. We have a high-performance machine pool boasting a numerical control machining centre and a separate, eco-friendly drying kiln with a capacity of 180 m3 for ISPM 15 treatment.<\/p>\n<p style=\"text-align: justify;\">Our organisational structure is circular rather than top-down, reflecting our commitment to communication, the exchange of ideas, and collaborative working. Our machine operators are experienced and highly trained. We see this as the key to ensuring that our clients receive high-quality products and excellent service.<\/div><div class='row'><\/div><\/div>\n<div class='section-full-width' style='background: url(\"..\/..\/wp-content\/uploads\/2016\/06\/forest.jpg\") no-repeat center top; color: black;'><div class='row'><\/p>\n<h2 style=\"text-align: justify;\">OUR STORY<\/h2>\n<p style=\"text-align: justify;\">NS Gerbois SAS is a newly incorporated company formed in 2014 after a meeting between two women and a group of employees from Gerbois SAS. This former incarnation of the current company had operated successfully in the Vosges region for several decades, but ran into difficulties around 2010. The story of our company is first and foremost one of human enterprise and endeavour, born out of the unwavering determination of its founders. Ours is a story of rebirth: experience and expertise revitalised by forward thinking, cutting-edge innovation, and the ability to adapt to major changes in the global industry. Find out more about some of the milestones in our history.<\/p>\n<p><style type=\"text\/css\">\n#foogallery-gallery-3834 .fg-image { width: 200px; }\n#foogallery-gallery-3834 { --fg-gutter: 10px; }<\/style>\n\t\t\t<div class=\"foogallery foogallery-container foogallery-default foogallery-lightbox-foobox fg-center fg-default fg-ready fg-light fg-shadow-outline fg-loading-bars fg-loaded-fade-in fg-hover-scale fg-caption-hover fg-hover-fade fg-hover-zoom\" id=\"foogallery-gallery-3834\" data-foogallery=\"{&quot;item&quot;:{&quot;showCaptionTitle&quot;:true,&quot;showCaptionDescription&quot;:true},&quot;lazy&quot;:true}\" style=\"--fg-title-line-clamp: 0; --fg-description-line-clamp: 0;\" >\n\t<div class=\"fg-item fg-type-image fg-idle\"><figure class=\"fg-item-inner\"><a href=\"https:\/\/www.gerbois.com\/wp-content\/uploads\/2018\/02\/Team2022-scaled.jpg\" data-caption-title=\"Equipe NS Gerbois 2022\" data-caption-desc=\"Toute l&#039;\u00e9quipe NS Gerbois 2022\" data-attachment-id=\"7835\" data-type=\"image\" class=\"fg-thumb\"><span class=\"fg-image-wrap\"><img decoding=\"async\" title=\"Equipe NS Gerbois 2022\" width=\"200\" height=\"200\" class=\"skip-lazy fg-image\" data-src-fg=\"https:\/\/www.gerbois.com\/wp-content\/uploads\/cache\/2018\/02\/Team2022-scaled\/512232688.jpg\" src=\"data:image\/svg+xml,%3Csvg%20xmlns%3D%22http%3A%2F%2Fwww.w3.org%2F2000%2Fsvg%22%20width%3D%22200%22%20height%3D%22200%22%20viewBox%3D%220%200%20200%20200%22%3E%3C%2Fsvg%3E\" loading=\"eager\"><\/span><span class=\"fg-image-overlay\"><\/span><\/a><figcaption class=\"fg-caption\"><div class=\"fg-caption-inner\"><div class=\"fg-caption-title\">Equipe NS Gerbois 2022<\/div><div class=\"fg-caption-desc\">Toute l'\u00e9quipe NS Gerbois 2022<\/div><\/div><\/figcaption><\/figure><div class=\"fg-loader\"><\/div><\/div><div class=\"fg-item fg-type-image fg-idle\"><figure class=\"fg-item-inner\"><a href=\"https:\/\/www.gerbois.com\/wp-content\/uploads\/2018\/02\/galerie_societe_Gerbois_Michel-LAURENT-DSC_8601.jpg\" data-attachment-id=\"3679\" data-type=\"image\" class=\"fg-thumb\"><span class=\"fg-image-wrap\"><img decoding=\"async\" width=\"200\" height=\"200\" class=\"skip-lazy fg-image\" data-src-fg=\"https:\/\/www.gerbois.com\/wp-content\/uploads\/cache\/2018\/02\/galerie_societe_Gerbois_Michel-LAURENT-DSC_8601\/1221942085.jpg\" src=\"data:image\/svg+xml,%3Csvg%20xmlns%3D%22http%3A%2F%2Fwww.w3.org%2F2000%2Fsvg%22%20width%3D%22200%22%20height%3D%22200%22%20viewBox%3D%220%200%20200%20200%22%3E%3C%2Fsvg%3E\" loading=\"eager\"><\/span><span class=\"fg-image-overlay\"><\/span><\/a><\/figure><div class=\"fg-loader\"><\/div><\/div><div class=\"fg-item fg-type-image fg-idle\"><figure class=\"fg-item-inner\"><a href=\"https:\/\/www.gerbois.com\/wp-content\/uploads\/2018\/02\/galerie_societe_Gerbois_Michel-LAURENT-DSC_8608.jpg\" data-attachment-id=\"3680\" data-type=\"image\" class=\"fg-thumb\"><span class=\"fg-image-wrap\"><img decoding=\"async\" width=\"200\" height=\"200\" class=\"skip-lazy fg-image\" data-src-fg=\"https:\/\/www.gerbois.com\/wp-content\/uploads\/cache\/2018\/02\/galerie_societe_Gerbois_Michel-LAURENT-DSC_8608\/1264296574.jpg\" src=\"data:image\/svg+xml,%3Csvg%20xmlns%3D%22http%3A%2F%2Fwww.w3.org%2F2000%2Fsvg%22%20width%3D%22200%22%20height%3D%22200%22%20viewBox%3D%220%200%20200%20200%22%3E%3C%2Fsvg%3E\" loading=\"eager\"><\/span><span class=\"fg-image-overlay\"><\/span><\/a><\/figure><div class=\"fg-loader\"><\/div><\/div><div class=\"fg-item fg-type-image fg-idle\"><figure class=\"fg-item-inner\"><a href=\"https:\/\/www.gerbois.com\/wp-content\/uploads\/2018\/02\/galerie_societe_Gerbois_Michel-LAURENT-DSC_8628.jpg\" data-caption-title=\"Enseigne NS Gerbois \u00a9Michel LAURENT\" data-caption-desc=\"Enseigne NS Gerbois \u00a9Michel LAURENT\" data-attachment-id=\"3681\" data-type=\"image\" class=\"fg-thumb\"><span class=\"fg-image-wrap\"><img decoding=\"async\" title=\"Enseigne NS Gerbois \u00a9Michel LAURENT\" width=\"200\" height=\"200\" class=\"skip-lazy fg-image\" data-src-fg=\"https:\/\/www.gerbois.com\/wp-content\/uploads\/cache\/2018\/02\/galerie_societe_Gerbois_Michel-LAURENT-DSC_8628\/2479045930.jpg\" src=\"data:image\/svg+xml,%3Csvg%20xmlns%3D%22http%3A%2F%2Fwww.w3.org%2F2000%2Fsvg%22%20width%3D%22200%22%20height%3D%22200%22%20viewBox%3D%220%200%20200%20200%22%3E%3C%2Fsvg%3E\" loading=\"eager\"><\/span><span class=\"fg-image-overlay\"><\/span><\/a><figcaption class=\"fg-caption\"><div class=\"fg-caption-inner\"><div class=\"fg-caption-title\">Enseigne NS Gerbois \u00a9Michel LAURENT<\/div><div class=\"fg-caption-desc\">Enseigne NS Gerbois \u00a9Michel LAURENT<\/div><\/div><\/figcaption><\/figure><div class=\"fg-loader\"><\/div><\/div><div class=\"fg-item fg-type-image fg-idle\"><figure class=\"fg-item-inner\"><a href=\"https:\/\/www.gerbois.com\/wp-content\/uploads\/2018\/02\/galerie_societe_Gerbois_Michel-LAURENT-LMZ_8457.jpg\" data-attachment-id=\"3683\" data-type=\"image\" class=\"fg-thumb\"><span class=\"fg-image-wrap\"><img decoding=\"async\" width=\"200\" height=\"200\" class=\"skip-lazy fg-image\" data-src-fg=\"https:\/\/www.gerbois.com\/wp-content\/uploads\/cache\/2018\/02\/galerie_societe_Gerbois_Michel-LAURENT-LMZ_8457\/1290400462.jpg\" src=\"data:image\/svg+xml,%3Csvg%20xmlns%3D%22http%3A%2F%2Fwww.w3.org%2F2000%2Fsvg%22%20width%3D%22200%22%20height%3D%22200%22%20viewBox%3D%220%200%20200%20200%22%3E%3C%2Fsvg%3E\" loading=\"eager\"><\/span><span class=\"fg-image-overlay\"><\/span><\/a><\/figure><div class=\"fg-loader\"><\/div><\/div><div class=\"fg-item fg-type-image fg-idle\"><figure class=\"fg-item-inner\"><a href=\"https:\/\/www.gerbois.com\/wp-content\/uploads\/2018\/02\/galerie_societe_Gerbois_Michel-LAURENT-LMY_552.jpg\" data-attachment-id=\"3682\" data-type=\"image\" class=\"fg-thumb\"><span class=\"fg-image-wrap\"><img decoding=\"async\" width=\"200\" height=\"200\" class=\"skip-lazy fg-image\" data-src-fg=\"https:\/\/www.gerbois.com\/wp-content\/uploads\/cache\/2018\/02\/galerie_societe_Gerbois_Michel-LAURENT-LMY_552\/64881400.jpg\" src=\"data:image\/svg+xml,%3Csvg%20xmlns%3D%22http%3A%2F%2Fwww.w3.org%2F2000%2Fsvg%22%20width%3D%22200%22%20height%3D%22200%22%20viewBox%3D%220%200%20200%20200%22%3E%3C%2Fsvg%3E\" loading=\"eager\"><\/span><span class=\"fg-image-overlay\"><\/span><\/a><\/figure><div class=\"fg-loader\"><\/div><\/div><\/div>\n<p><\/div><\/div>\n<p>&nbsp;<\/p>\n","protected":false},"excerpt":{"rendered":"<p>&nbsp;<\/p>\n","protected":false},"author":3,"featured_media":0,"parent":0,"menu_order":0,"comment_status":"closed","ping_status":"closed","template":"page-template\/full-width.php","meta":{"cybocfi_hide_featured_image":"","footnotes":""},"class_list":["post-54","page","type-page","status-publish","hentry"],"translation":{"provider":"WPGlobus","version":"3.0.2","language":"en","enabled_languages":["fr","en","de","it"],"languages":{"fr":{"title":true,"content":true,"excerpt":false},"en":{"title":true,"content":true,"excerpt":false},"de":{"title":true,"content":true,"excerpt":false},"it":{"title":true,"content":true,"excerpt":false}}},"yoast_head":"<!-- This site is optimized with the Yoast SEO plugin v27.3 - https:\/\/yoast.com\/product\/yoast-seo-wordpress\/ -->\n<title>NS GERBOIS - Company<\/title>\n<meta name=\"robots\" content=\"index, follow, max-snippet:-1, max-image-preview:large, max-video-preview:-1\" \/>\n<link rel=\"canonical\" href=\"https:\/\/www.gerbois.com\/societe-ns-gerbois\/\" \/>\n<meta property=\"og:locale\" content=\"en_US\" \/>\n<meta property=\"og:type\" content=\"article\" \/>\n<meta property=\"og:title\" content=\"Company - NS GERBOIS\" \/>\n<meta property=\"og:url\" content=\"https:\/\/www.gerbois.com\/societe-ns-gerbois\/\" \/>\n<meta property=\"og:site_name\" content=\"NS GERBOIS\" \/>\n<meta property=\"article:publisher\" content=\"https:\/\/www.facebook.com\/profile.php?id=100076213082957\" \/>\n<meta property=\"article:modified_time\" content=\"2024-05-21T16:46:44+00:00\" \/>\n<meta property=\"og:image\" content=\"http:\/\/52.56.129.142\/wp-content\/uploads\/2016\/06\/logo-GB.png\" \/>\n<meta name=\"twitter:card\" content=\"summary_large_image\" \/>\n<meta name=\"twitter:label1\" content=\"Est. reading time\" \/>\n\t<meta name=\"twitter:data1\" content=\"3 minutes\" \/>\n<script type=\"application\/ld+json\" class=\"yoast-schema-graph\">{\"@context\":\"https:\\\/\\\/schema.org\",\"@graph\":[{\"@type\":[\"WebPage\",\"AboutPage\"],\"@id\":\"https:\\\/\\\/www.gerbois.com\\\/societe-ns-gerbois\\\/\",\"url\":\"https:\\\/\\\/www.gerbois.com\\\/societe-ns-gerbois\\\/\",\"name\":\"NS GERBOIS - Company\",\"isPartOf\":{\"@id\":\"https:\\\/\\\/www.gerbois.com\\\/#website\"},\"primaryImageOfPage\":{\"@id\":\"https:\\\/\\\/www.gerbois.com\\\/societe-ns-gerbois\\\/#primaryimage\"},\"image\":{\"@id\":\"https:\\\/\\\/www.gerbois.com\\\/societe-ns-gerbois\\\/#primaryimage\"},\"thumbnailUrl\":\"http:\\\/\\\/52.56.129.142\\\/wp-content\\\/uploads\\\/2016\\\/06\\\/logo-GB.png\",\"datePublished\":\"2016-06-08T08:39:25+00:00\",\"dateModified\":\"2024-05-21T16:46:44+00:00\",\"description\":\"D\u00e9couvrez la soci\u00e9t\u00e9 NS Gerbois, sp\u00e9cialiste de la conception et fabrication d'emballages industriels \u00e0 dominante bois.\",\"breadcrumb\":{\"@id\":\"https:\\\/\\\/www.gerbois.com\\\/societe-ns-gerbois\\\/#breadcrumb\"},\"inLanguage\":\"en-US\",\"potentialAction\":[{\"@type\":\"ReadAction\",\"target\":[\"https:\\\/\\\/www.gerbois.com\\\/societe-ns-gerbois\\\/\"]}]},{\"@type\":\"ImageObject\",\"inLanguage\":\"en-US\",\"@id\":\"https:\\\/\\\/www.gerbois.com\\\/societe-ns-gerbois\\\/#primaryimage\",\"url\":\"http:\\\/\\\/52.56.129.142\\\/wp-content\\\/uploads\\\/2016\\\/06\\\/logo-GB.png\",\"contentUrl\":\"http:\\\/\\\/52.56.129.142\\\/wp-content\\\/uploads\\\/2016\\\/06\\\/logo-GB.png\"},{\"@type\":\"BreadcrumbList\",\"@id\":\"https:\\\/\\\/www.gerbois.com\\\/societe-ns-gerbois\\\/#breadcrumb\",\"itemListElement\":[{\"@type\":\"ListItem\",\"position\":1,\"name\":\"Accueil\",\"item\":\"https:\\\/\\\/www.gerbois.com\\\/\"},{\"@type\":\"ListItem\",\"position\":2,\"name\":\"Soci\u00e9t\u00e9\"}]},{\"@type\":\"WebSite\",\"@id\":\"https:\\\/\\\/www.gerbois.com\\\/#website\",\"url\":\"https:\\\/\\\/www.gerbois.com\\\/\",\"name\":\"NS Gerbois emballeur industriel\",\"description\":\"Industrial wooden packaging design and manufacture\",\"alternateName\":\"Nouvelle Soci\u00e9t\u00e9 Gerbois\",\"potentialAction\":[{\"@type\":\"SearchAction\",\"target\":{\"@type\":\"EntryPoint\",\"urlTemplate\":\"https:\\\/\\\/www.gerbois.com\\\/?s={search_term_string}\"},\"query-input\":{\"@type\":\"PropertyValueSpecification\",\"valueRequired\":true,\"valueName\":\"search_term_string\"}}],\"inLanguage\":\"en-US\"}]}<\/script>\n<!-- \/ Yoast SEO plugin. -->","yoast_head_json":{"title":"NS GERBOIS - Company","robots":{"index":"index","follow":"follow","max-snippet":"max-snippet:-1","max-image-preview":"max-image-preview:large","max-video-preview":"max-video-preview:-1"},"canonical":"https:\/\/www.gerbois.com\/societe-ns-gerbois\/","og_locale":"en_US","og_type":"article","og_title":"Company - NS GERBOIS","og_url":"https:\/\/www.gerbois.com\/societe-ns-gerbois\/","og_site_name":"NS GERBOIS","article_publisher":"https:\/\/www.facebook.com\/profile.php?id=100076213082957","article_modified_time":"2024-05-21T16:46:44+00:00","og_image":[{"url":"http:\/\/52.56.129.142\/wp-content\/uploads\/2016\/06\/logo-GB.png","type":"","width":"","height":""}],"twitter_card":"summary_large_image","twitter_misc":{"Est. reading time":"3 minutes"},"schema":{"@context":"https:\/\/schema.org","@graph":[{"@type":["WebPage","AboutPage"],"@id":"https:\/\/www.gerbois.com\/societe-ns-gerbois\/","url":"https:\/\/www.gerbois.com\/societe-ns-gerbois\/","name":"NS GERBOIS - Company","isPartOf":{"@id":"https:\/\/www.gerbois.com\/#website"},"primaryImageOfPage":{"@id":"https:\/\/www.gerbois.com\/societe-ns-gerbois\/#primaryimage"},"image":{"@id":"https:\/\/www.gerbois.com\/societe-ns-gerbois\/#primaryimage"},"thumbnailUrl":"http:\/\/52.56.129.142\/wp-content\/uploads\/2016\/06\/logo-GB.png","datePublished":"2016-06-08T08:39:25+00:00","dateModified":"2024-05-21T16:46:44+00:00","description":"D\u00e9couvrez la soci\u00e9t\u00e9 NS Gerbois, sp\u00e9cialiste de la conception et fabrication d'emballages industriels \u00e0 dominante bois.","breadcrumb":{"@id":"https:\/\/www.gerbois.com\/societe-ns-gerbois\/#breadcrumb"},"inLanguage":"en-US","potentialAction":[{"@type":"ReadAction","target":["https:\/\/www.gerbois.com\/societe-ns-gerbois\/"]}]},{"@type":"ImageObject","inLanguage":"en-US","@id":"https:\/\/www.gerbois.com\/societe-ns-gerbois\/#primaryimage","url":"http:\/\/52.56.129.142\/wp-content\/uploads\/2016\/06\/logo-GB.png","contentUrl":"http:\/\/52.56.129.142\/wp-content\/uploads\/2016\/06\/logo-GB.png"},{"@type":"BreadcrumbList","@id":"https:\/\/www.gerbois.com\/societe-ns-gerbois\/#breadcrumb","itemListElement":[{"@type":"ListItem","position":1,"name":"Accueil","item":"https:\/\/www.gerbois.com\/"},{"@type":"ListItem","position":2,"name":"Soci\u00e9t\u00e9"}]},{"@type":"WebSite","@id":"https:\/\/www.gerbois.com\/#website","url":"https:\/\/www.gerbois.com\/","name":"NS Gerbois emballeur industriel","description":"Industrial wooden packaging design and manufacture","alternateName":"Nouvelle Soci\u00e9t\u00e9 Gerbois","potentialAction":[{"@type":"SearchAction","target":{"@type":"EntryPoint","urlTemplate":"https:\/\/www.gerbois.com\/?s={search_term_string}"},"query-input":{"@type":"PropertyValueSpecification","valueRequired":true,"valueName":"search_term_string"}}],"inLanguage":"en-US"}]}},"jetpack_sharing_enabled":true,"jetpack_likes_enabled":true,"_links":{"self":[{"href":"https:\/\/www.gerbois.com\/en\/wp-json\/wp\/v2\/pages\/54","targetHints":{"allow":["GET"]}}],"collection":[{"href":"https:\/\/www.gerbois.com\/en\/wp-json\/wp\/v2\/pages"}],"about":[{"href":"https:\/\/www.gerbois.com\/en\/wp-json\/wp\/v2\/types\/page"}],"author":[{"embeddable":true,"href":"https:\/\/www.gerbois.com\/en\/wp-json\/wp\/v2\/users\/3"}],"replies":[{"embeddable":true,"href":"https:\/\/www.gerbois.com\/en\/wp-json\/wp\/v2\/comments?post=54"}],"version-history":[{"count":279,"href":"https:\/\/www.gerbois.com\/en\/wp-json\/wp\/v2\/pages\/54\/revisions"}],"predecessor-version":[{"id":8761,"href":"https:\/\/www.gerbois.com\/en\/wp-json\/wp\/v2\/pages\/54\/revisions\/8761"}],"wp:attachment":[{"href":"https:\/\/www.gerbois.com\/en\/wp-json\/wp\/v2\/media?parent=54"}],"curies":[{"name":"wp","href":"https:\/\/api.w.org\/{rel}","templated":true}]}}