{"id":22,"date":"2016-06-08T10:38:20","date_gmt":"2016-06-08T08:38:20","guid":{"rendered":"http:\/\/52.56.129.142\/?page_id=22"},"modified":"2021-09-21T10:38:54","modified_gmt":"2021-09-21T08:38:54","slug":"engagement","status":"publish","type":"page","link":"https:\/\/www.gerbois.com\/it\/engagement\/","title":{"rendered":"CSR"},"content":{"rendered":"<div class='section-full-width' style='background: url(\"..\/..\/wp-content\/uploads\/2016\/06\/forest-river.jpg\") no-repeat center top; color: white;'><div class='row'><\/p>\n<h1 style=\"text-align: center;\">IL NOSTRO APPROCCIO CSR:<\/h1>\n<table class=\" aligncenter\" style=\"width: 50%;\">\n<tbody>\n<tr>\n<td>\n<p style=\"text-align: justify;\">\u00a0<\/p>\n<p style=\"text-align: justify;\"><span style=\"font-size: 14pt;\">La Nouvelle Soci\u00e9t\u00e9 Gerbois SAS \u00e8 stata costruita in occasione di una riunione.<\/span><\/p>\n<p style=\"text-align: justify;\">\u00a0<\/p>\n<p><span style=\"font-size: 14pt;\">N. La nostra responsabilit\u00e0 sociale e ambientale \u00e8 stata evidente fin dall&#8217;inizio nel progetto che stavamo costruendo. Crediamo nell&#8217;essere umano e nella sua capacit\u00e0 di evolvere positivamente per affrontare insieme le sfide del 21 \u00b0 secolo.<\/span><\/p>\n<p style=\"text-align: justify;\">\u00a0<\/p>\n<p style=\"text-align: justify;\"><span style=\"font-size: 14pt;\">Mettiamo l&#8217;azienda al servizio dell&#8217;essere umano e non viceversa. Sviluppiamo solidariet\u00e0 e privilegiamo la responsabilit\u00e0 universale a quella dell&#8217;individuo.<\/span><\/p>\n<\/td>\n<\/tr>\n<\/tbody>\n<\/table>\n<p style=\"text-align: center;\"><\/div><\/div>\n<p style=\"text-align: center;\"><div class='section-full-width' style='background: #9d9c9c no-repeat center top; color: white;'><div class='row tricol'><div class='col' style=''><img data-recalc-dims=\"1\" loading=\"lazy\" decoding=\"async\" class=\"alignnone wp-image-487 size-thumbnail\" src=\"https:\/\/i0.wp.com\/52.56.129.142\/wp-content\/uploads\/2016\/06\/qualite-150x150.png?resize=150%2C150\" alt=\"qualite\" width=\"150\" height=\"150\" srcset=\"https:\/\/i0.wp.com\/www.gerbois.com\/wp-content\/uploads\/2016\/06\/qualite.png?resize=150%2C150&amp;ssl=1 150w, https:\/\/i0.wp.com\/www.gerbois.com\/wp-content\/uploads\/2016\/06\/qualite.png?resize=24%2C24&amp;ssl=1 24w, https:\/\/i0.wp.com\/www.gerbois.com\/wp-content\/uploads\/2016\/06\/qualite.png?resize=36%2C36&amp;ssl=1 36w, https:\/\/i0.wp.com\/www.gerbois.com\/wp-content\/uploads\/2016\/06\/qualite.png?resize=48%2C48&amp;ssl=1 48w, https:\/\/i0.wp.com\/www.gerbois.com\/wp-content\/uploads\/2016\/06\/qualite.png?w=277&amp;ssl=1 277w\" sizes=\"auto, (max-width: 150px) 100vw, 150px\" \/><\/p>\n<p style=\"text-align: center;\">\u00a0<\/p>\n<h4 style=\"text-align: center;\">RESPONSABILIT\u00c1<\/h4>\n<table class=\" aligncenter\">\n<tbody>\n<tr>\n<td style=\"text-align: justify;\">\u00ab\u00abSponsor, nessun capo; leadership naturale definita dall&#8217;appartenenza volontaria agli altri; una comunicazione da individui a individui; obiettivi stabiliti da coloro che li raggiungono; compiti e funzioni organizzati attraverso impegni\u00bb.<br \/>\n<br \/>Questa frase del libro di Isaac GETZ illustra lo stato d&#8217;animo dei manager dell&#8217;azienda.<br \/>\nI nostri dipendenti lavorano in modo indipendente e responsabile, concentrandosi sempre sulla soddisfazione del cliente.<\/td>\n<\/tr>\n<\/tbody>\n<\/table>\n<p><\/div><div class='col' style=''><img data-recalc-dims=\"1\" loading=\"lazy\" decoding=\"async\" class=\"alignnone wp-image-488 size-thumbnail aligncenter\" src=\"https:\/\/i0.wp.com\/52.56.129.142\/wp-content\/uploads\/2016\/06\/recyclage-150x150.png?resize=150%2C150\" alt=\"recyclage\" width=\"150\" height=\"150\" srcset=\"https:\/\/i0.wp.com\/www.gerbois.com\/wp-content\/uploads\/2016\/06\/recyclage.png?resize=150%2C150&amp;ssl=1 150w, https:\/\/i0.wp.com\/www.gerbois.com\/wp-content\/uploads\/2016\/06\/recyclage.png?resize=24%2C24&amp;ssl=1 24w, https:\/\/i0.wp.com\/www.gerbois.com\/wp-content\/uploads\/2016\/06\/recyclage.png?resize=36%2C36&amp;ssl=1 36w, https:\/\/i0.wp.com\/www.gerbois.com\/wp-content\/uploads\/2016\/06\/recyclage.png?resize=48%2C48&amp;ssl=1 48w, https:\/\/i0.wp.com\/www.gerbois.com\/wp-content\/uploads\/2016\/06\/recyclage.png?w=277&amp;ssl=1 277w\" sizes=\"auto, (max-width: 150px) 100vw, 150px\" \/><\/p>\n<p style=\"text-align: center;\">\u00a0<\/p>\n<h4 style=\"text-align: center;\">SOCIALE<\/h4>\n<table class=\" aligncenter\">\n<tbody>\n<tr>\n<td style=\"text-align: justify;\">La nostra azienda opera con una modalit\u00e0 partecipativa di governance. I dipendenti sono azionisti, le decisioni strategiche sono prese collettivamente.<br \/>\nCrediamo nel valore del lavoro nell&#8217;inserimento. Ogni attore nella nostra azienda \u00e8 coinvolto nel suo processo di successo.<br \/>\nSono regolarmente formati per essere accompagnati nel loro adattamento al mondo di domani.\n<\/td>\n<\/tr>\n<\/tbody>\n<\/table>\n<p style=\"text-align: center;\"><\/div><div class='col' style=''><img data-recalc-dims=\"1\" loading=\"lazy\" decoding=\"async\" class=\"alignnone wp-image-489 size-thumbnail\" src=\"https:\/\/i0.wp.com\/52.56.129.142\/wp-content\/uploads\/2016\/06\/co2-150x150.png?resize=150%2C150\" alt=\"co2\" width=\"150\" height=\"150\" srcset=\"https:\/\/i0.wp.com\/www.gerbois.com\/wp-content\/uploads\/2016\/06\/co2.png?resize=150%2C150&amp;ssl=1 150w, https:\/\/i0.wp.com\/www.gerbois.com\/wp-content\/uploads\/2016\/06\/co2.png?resize=24%2C24&amp;ssl=1 24w, https:\/\/i0.wp.com\/www.gerbois.com\/wp-content\/uploads\/2016\/06\/co2.png?resize=36%2C36&amp;ssl=1 36w, https:\/\/i0.wp.com\/www.gerbois.com\/wp-content\/uploads\/2016\/06\/co2.png?resize=48%2C48&amp;ssl=1 48w, https:\/\/i0.wp.com\/www.gerbois.com\/wp-content\/uploads\/2016\/06\/co2.png?w=277&amp;ssl=1 277w\" sizes=\"auto, (max-width: 150px) 100vw, 150px\" \/><\/p>\n<p style=\"text-align: center;\">\u00a0<\/p>\n<h4 style=\"text-align: center;\">AMBIENTALE<\/h4>\n<table>\n<tbody>\n<tr>\n<td style=\"text-align: justify;\">L&#8217;ambiente \u00e8 una priorit\u00e0 all&#8217;interno dell&#8217;azienda. La nostra politica ambientale \u00e8 il risultato di una consapevolezza collettiva del team, una garanzia del suo successo quotidiano.<br \/>\nPrivilegiamo un&#8217;offerta locale, studiamo il ciclo di vita dei nostri prodotti e fissiamo obiettivi annuali per ridurre la nostra impronta di carbonio.<br \/>\n<br \/>Con sempre questo obiettivo comune:  <br \/>CONCILIAZIONE SVILUPPO SOSTENIBILE E SVILUPPO ECONOMICO<\/td>\n<\/tr>\n<\/tbody>\n<\/table>\n<p><\/div><\/div><\/div>\n<p><!--<\/p>\n\n\n\n\n\n\n\n\n\n\n\n\n\n\n\n\n\n\n\n\n\n\n\n\n[div class=\"section-full-width\" background-url=\"..\/wp-content\/uploads\/2016\/06\/snow-road.jpg\" color=\"white\"][row class=\"bigbot\"]<\/p>\n\n\n\n\n\n\n\n\n\n\n\n\n\n\n\n\n\n\n\n\n\n\n\n\n<h4 style=\"text-align: center;\">TITRE :<\/h4>\n\n\n\n\n\n\n\n\n\n\n\n\n\n\n\n\n\n\n\n\n\n\n\n\n<table class=\" aligncenter\" style=\"width: 50%;\">\n\n\n\n\n\n\n\n\n\n\n\n\n<tbody>\n\n\n\n\n\n\n\n\n\n\n\n\n<tr>\n\n\n\n\n\n\n\n\n\n\n\n\n<td>\n\n\n\n\n\n\n\n\n\n\n\n\n<p style=\"text-align: justify;\">FAUX TEXTE : Iis igitur est difficilius satis facere, qui se Latina scripta dicunt contemnere. in quibus hoc primum est in quo admirer, cur in gravissimis rebus non delectet eos sermo patrius, cum idem fabellas Latinas ad verbum e Graecis expressas non inviti legant. quis enim tam inimicus paene nomini Romano est, qui Ennii Medeam aut Antiopam Pacuvii spernat aut reiciat, quod se isdem Euripidis fabulis delectari dicat, Latinas litteras oderit?<\/p>\n\n\n\n\n\n\n\n\n\n\n\n\n\n\n\n\n\n\n\n\n\n\n\n\n<p style=\"text-align: justify;\">Ut enim benefici liberalesque sumus, non ut exigamus gratiam (neque enim benefic,ium faeneramur sed natura propensi ad liberalitatem sumus), sic amicitiam non spe mercedis adducti sed quod omnis eius fructus in ipso amore inest, expetendam putamus.<\/p>\n\n\n\n\n\n\n\n\n\n\n\n\n\n\n\n\n\n\n\n\n\n\n\n\n<p style=\"text-align: justify;\">Ardeo, mihi credite, Patres conscripti (id quod vosmet de me existimatis et facitis ipsi) incredibili quodam amore patriae, qui me amor et subvenire olim impendentibus periculis maximis cum dimicatione capitis, et rursum, cum omnia tela undique esse intenta in patriam viderem, subire coegit atque excipere unum pro universis. Hic me meus in rem publicam animus pristinus ac perennis cum C. Caesare reducit, reconciliat, restituit in gratiam.<\/p>\n\n\n\n\n\n\n\n\n\n\n\n\n<\/td>\n\n\n\n\n\n\n\n\n\n\n\n\n<\/tr>\n\n\n\n\n\n\n\n\n\n\n\n\n<\/tbody>\n\n\n\n\n\n\n\n\n\n\n\n\n<\/table>\n\n\n\n\n\n\n\n\n\n\n\n\n\n\n\n\n\n\n\n\n\n\n\n\n<p style=\"text-align: center;\">[\/row][\/div]\n\n\n\n\n\n\n\n\n\n\n\n\n\n\n\n\n\n\n\n\n\n\n\n\n<p>--><\/p>\n<p><!--\n\n\n\n\n\n\n\n\n\n\n[div class=\"section-full-width\" background-color=\"#9d9c9c\"][row]<\/p>\n\n\n\n\n\n\n\n\n\n\n\n\n\n\n\n\n\n\n\n\n<p style=\"text-align: center;\"> <iframe loading=\"lazy\" src=\"https:\/\/www.youtube.com\/embed\/DYEIoyXbmac?rel=0&showinfo=0\" frameborder=\"0\" allow=\"autoplay; encrypted-media\" allowfullscreen\" width=\"762\" height=\"424\" frameborder=\"0\" allowfullscreen=\"allowfullscreen\"><\/iframe>[\/row][\/div]\n\n\n\n\n\n\n\n\n\n\n--><\/p>\n","protected":false},"excerpt":{"rendered":"{:fr}[vc_section parallax=\"content-moving\" parallax_image=\"225\" parallax_speed_bg=\"3\" css=\".vc_custom_1632212382379{padding-left: 100px !important;}\"][vc_row css=\".vc_custom_1631022271386{padding-left: 100px !important;}\"][vc_column width=\"1\/2\" css=\".vc_custom_1631022369982{margin-left: 50px !important;padding-top: 150px !important;padding-bottom: 100px !important;padding-left: 25px !important;background-color: rgba(76,169,56,0.75) !important;*background-color: rgb(76,169,56) !important;}\"][vc_custom_heading text=\"NOTRE D\u00c9MARCHE RSE\" font_container=\"tag:h1|font_size:38|text_align:center|color:%23ffffff\" google_fonts=\"font_family:Montserrat%3Aregular%2C700|font_style:400%20regular%3A400%3Anormal\"][\/vc_column][vc_column width=\"1\/2\"][\/vc_column][\/vc_row][\/vc_section][vc_section][vc_row][vc_column width=\"1\/4\"][\/vc_column][vc_column width=\"1\/2\"][vc_column_text] Nouvelle Soci\u00e9t\u00e9 Gerbois SAS s\u2019est construite sur une rencontre. Notre Responsabilit\u00e9 Sociale et Environnementale a \u00e9t\u00e9 d\u00e8s le d\u00e9part \u00e9vidente dans le projet &hellip; <a href=\"https:\/\/www.gerbois.com\/it\/engagement\/\" class=\"more-link\">Continue reading <span class=\"screen-reader-text\">CSR<\/span> <span class=\"meta-nav\">&rarr;<\/span><\/a>","protected":false},"author":3,"featured_media":0,"parent":0,"menu_order":0,"comment_status":"closed","ping_status":"closed","template":"page-template\/full-width.php","meta":{"cybocfi_hide_featured_image":"","footnotes":""},"class_list":["post-22","page","type-page","status-publish","hentry"],"translation":{"provider":"WPGlobus","version":"3.0.2","language":"it","enabled_languages":["fr","en","de","it"],"languages":{"fr":{"title":true,"content":true,"excerpt":false},"en":{"title":true,"content":true,"excerpt":false},"de":{"title":true,"content":true,"excerpt":false},"it":{"title":true,"content":true,"excerpt":false}}},"yoast_head":"<!-- This site is optimized with the Yoast SEO plugin v27.6 - https:\/\/yoast.com\/product\/yoast-seo-wordpress\/ -->\n<title>CSR - NS GERBOIS<\/title>\n<meta name=\"robots\" content=\"index, follow, max-snippet:-1, max-image-preview:large, max-video-preview:-1\" \/>\n<link rel=\"canonical\" href=\"https:\/\/www.gerbois.com\/en\/engagement\/\" \/>\n<meta property=\"og:locale\" content=\"it_IT\" \/>\n<meta property=\"og:type\" content=\"article\" \/>\n<meta property=\"og:title\" content=\"CSR - NS GERBOIS\" \/>\n<meta property=\"og:url\" content=\"https:\/\/www.gerbois.com\/en\/engagement\/\" \/>\n<meta property=\"og:site_name\" content=\"NS GERBOIS\" \/>\n<meta property=\"article:publisher\" content=\"https:\/\/www.facebook.com\/profile.php?id=100076213082957\" \/>\n<meta property=\"article:modified_time\" content=\"2021-09-21T08:38:54+00:00\" \/>\n<meta property=\"og:image\" content=\"http:\/\/52.56.129.142\/wp-content\/uploads\/2016\/06\/qualite-150x150.png\" \/>\n<meta name=\"twitter:card\" content=\"summary_large_image\" \/>\n<meta name=\"twitter:label1\" content=\"Est. reading time\" \/>\n\t<meta name=\"twitter:data1\" content=\"2 minutes\" \/>\n<script type=\"application\/ld+json\" class=\"yoast-schema-graph\">{\"@context\":\"https:\\\/\\\/schema.org\",\"@graph\":[{\"@type\":\"WebPage\",\"@id\":\"https:\\\/\\\/www.gerbois.com\\\/en\\\/engagement\\\/\",\"url\":\"https:\\\/\\\/www.gerbois.com\\\/en\\\/engagement\\\/\",\"name\":\"CSR - NS GERBOIS\",\"isPartOf\":{\"@id\":\"https:\\\/\\\/www.gerbois.com\\\/#website\"},\"primaryImageOfPage\":{\"@id\":\"https:\\\/\\\/www.gerbois.com\\\/en\\\/engagement\\\/#primaryimage\"},\"image\":{\"@id\":\"https:\\\/\\\/www.gerbois.com\\\/en\\\/engagement\\\/#primaryimage\"},\"thumbnailUrl\":\"http:\\\/\\\/52.56.129.142\\\/wp-content\\\/uploads\\\/2016\\\/06\\\/qualite-150x150.png\",\"datePublished\":\"2016-06-08T08:38:20+00:00\",\"dateModified\":\"2021-09-21T08:38:54+00:00\",\"breadcrumb\":{\"@id\":\"https:\\\/\\\/www.gerbois.com\\\/en\\\/engagement\\\/#breadcrumb\"},\"inLanguage\":\"it-IT\",\"potentialAction\":[{\"@type\":\"ReadAction\",\"target\":[\"https:\\\/\\\/www.gerbois.com\\\/en\\\/engagement\\\/\"]}]},{\"@type\":\"ImageObject\",\"inLanguage\":\"it-IT\",\"@id\":\"https:\\\/\\\/www.gerbois.com\\\/en\\\/engagement\\\/#primaryimage\",\"url\":\"http:\\\/\\\/52.56.129.142\\\/wp-content\\\/uploads\\\/2016\\\/06\\\/qualite-150x150.png\",\"contentUrl\":\"http:\\\/\\\/52.56.129.142\\\/wp-content\\\/uploads\\\/2016\\\/06\\\/qualite-150x150.png\"},{\"@type\":\"BreadcrumbList\",\"@id\":\"https:\\\/\\\/www.gerbois.com\\\/en\\\/engagement\\\/#breadcrumb\",\"itemListElement\":[{\"@type\":\"ListItem\",\"position\":1,\"name\":\"Accueil\",\"item\":\"https:\\\/\\\/www.gerbois.com\\\/\"},{\"@type\":\"ListItem\",\"position\":2,\"name\":\"CSR\"}]},{\"@type\":\"WebSite\",\"@id\":\"https:\\\/\\\/www.gerbois.com\\\/#website\",\"url\":\"https:\\\/\\\/www.gerbois.com\\\/\",\"name\":\"NS Gerbois emballeur industriel\",\"description\":\"Progettazione e produzione di imballaggi industriali in legno\",\"alternateName\":\"Nouvelle Soci\u00e9t\u00e9 Gerbois\",\"potentialAction\":[{\"@type\":\"SearchAction\",\"target\":{\"@type\":\"EntryPoint\",\"urlTemplate\":\"https:\\\/\\\/www.gerbois.com\\\/?s={search_term_string}\"},\"query-input\":{\"@type\":\"PropertyValueSpecification\",\"valueRequired\":true,\"valueName\":\"search_term_string\"}}],\"inLanguage\":\"it-IT\"}]}<\/script>\n<!-- \/ Yoast SEO plugin. -->","yoast_head_json":{"title":"CSR - NS GERBOIS","robots":{"index":"index","follow":"follow","max-snippet":"max-snippet:-1","max-image-preview":"max-image-preview:large","max-video-preview":"max-video-preview:-1"},"canonical":"https:\/\/www.gerbois.com\/en\/engagement\/","og_locale":"it_IT","og_type":"article","og_title":"CSR - NS GERBOIS","og_url":"https:\/\/www.gerbois.com\/en\/engagement\/","og_site_name":"NS GERBOIS","article_publisher":"https:\/\/www.facebook.com\/profile.php?id=100076213082957","article_modified_time":"2021-09-21T08:38:54+00:00","og_image":[{"url":"http:\/\/52.56.129.142\/wp-content\/uploads\/2016\/06\/qualite-150x150.png","type":"","width":"","height":""}],"twitter_card":"summary_large_image","twitter_misc":{"Est. reading time":"2 minutes"},"schema":{"@context":"https:\/\/schema.org","@graph":[{"@type":"WebPage","@id":"https:\/\/www.gerbois.com\/en\/engagement\/","url":"https:\/\/www.gerbois.com\/en\/engagement\/","name":"CSR - NS GERBOIS","isPartOf":{"@id":"https:\/\/www.gerbois.com\/#website"},"primaryImageOfPage":{"@id":"https:\/\/www.gerbois.com\/en\/engagement\/#primaryimage"},"image":{"@id":"https:\/\/www.gerbois.com\/en\/engagement\/#primaryimage"},"thumbnailUrl":"http:\/\/52.56.129.142\/wp-content\/uploads\/2016\/06\/qualite-150x150.png","datePublished":"2016-06-08T08:38:20+00:00","dateModified":"2021-09-21T08:38:54+00:00","breadcrumb":{"@id":"https:\/\/www.gerbois.com\/en\/engagement\/#breadcrumb"},"inLanguage":"it-IT","potentialAction":[{"@type":"ReadAction","target":["https:\/\/www.gerbois.com\/en\/engagement\/"]}]},{"@type":"ImageObject","inLanguage":"it-IT","@id":"https:\/\/www.gerbois.com\/en\/engagement\/#primaryimage","url":"http:\/\/52.56.129.142\/wp-content\/uploads\/2016\/06\/qualite-150x150.png","contentUrl":"http:\/\/52.56.129.142\/wp-content\/uploads\/2016\/06\/qualite-150x150.png"},{"@type":"BreadcrumbList","@id":"https:\/\/www.gerbois.com\/en\/engagement\/#breadcrumb","itemListElement":[{"@type":"ListItem","position":1,"name":"Accueil","item":"https:\/\/www.gerbois.com\/"},{"@type":"ListItem","position":2,"name":"CSR"}]},{"@type":"WebSite","@id":"https:\/\/www.gerbois.com\/#website","url":"https:\/\/www.gerbois.com\/","name":"NS Gerbois emballeur industriel","description":"Progettazione e produzione di imballaggi industriali in legno","alternateName":"Nouvelle Soci\u00e9t\u00e9 Gerbois","potentialAction":[{"@type":"SearchAction","target":{"@type":"EntryPoint","urlTemplate":"https:\/\/www.gerbois.com\/?s={search_term_string}"},"query-input":{"@type":"PropertyValueSpecification","valueRequired":true,"valueName":"search_term_string"}}],"inLanguage":"it-IT"}]}},"jetpack_sharing_enabled":true,"jetpack_likes_enabled":true,"_links":{"self":[{"href":"https:\/\/www.gerbois.com\/it\/wp-json\/wp\/v2\/pages\/22","targetHints":{"allow":["GET"]}}],"collection":[{"href":"https:\/\/www.gerbois.com\/it\/wp-json\/wp\/v2\/pages"}],"about":[{"href":"https:\/\/www.gerbois.com\/it\/wp-json\/wp\/v2\/types\/page"}],"author":[{"embeddable":true,"href":"https:\/\/www.gerbois.com\/it\/wp-json\/wp\/v2\/users\/3"}],"replies":[{"embeddable":true,"href":"https:\/\/www.gerbois.com\/it\/wp-json\/wp\/v2\/comments?post=22"}],"version-history":[{"count":90,"href":"https:\/\/www.gerbois.com\/it\/wp-json\/wp\/v2\/pages\/22\/revisions"}],"predecessor-version":[{"id":5165,"href":"https:\/\/www.gerbois.com\/it\/wp-json\/wp\/v2\/pages\/22\/revisions\/5165"}],"wp:attachment":[{"href":"https:\/\/www.gerbois.com\/it\/wp-json\/wp\/v2\/media?parent=22"}],"curies":[{"name":"wp","href":"https:\/\/api.w.org\/{rel}","templated":true}]}}