{"id":54,"date":"2016-06-08T10:39:25","date_gmt":"2016-06-08T08:39:25","guid":{"rendered":"http:\/\/52.56.129.142\/?page_id=54"},"modified":"2024-05-21T18:46:44","modified_gmt":"2024-05-21T16:46:44","slug":"societe-ns-gerbois","status":"publish","type":"page","link":"https:\/\/www.gerbois.com\/it\/societe-ns-gerbois\/","title":{"rendered":"LA NOSTRA SOCIET\u00c0"},"content":{"rendered":"<div class='section-full-width' style='background: linear-gradient(rgba(81,171,53,0), rgba(81,171,53,0.75)) no-repeat center top; color: white;'><div class='row forehead'><div class='col' style=''><\/p>\n<h1 style=\"text-align: justify;\">LA NOSTRA SOCIET\u00c0 :<\/h1>\n<p style=\"text-align: justify;\">La societ\u00e0 Nouvelle Soci\u00e9t\u00e9 Gerbois SAS progetta e fabbrica tutti i tipi di imballaggi industriali prevalentemente in legno. Con oltre 40 anni di esperienza in questo settore, vi accompagniamo nei vostri progetti e rispondiamo rapidamente alle vostre richieste. I nostri prodotti si adattano a tutti i tipi di trasporto e sono progettati e studiati su misura. Grandi serie o progetti unitari, la nostra azienda \u00e8 flessibile e reattiva.  Seguiamo quotidianamente i nostri clienti per una partnership duratura. La nostra struttura combina agilit\u00e0 e seriet\u00e0 per offrire servizi e prodotti di qualit\u00e0, rispettando il vostro budget.<\/p>\n<p style=\"text-align: justify;\"><\/div><div class='col' style=''><img data-recalc-dims=\"1\" loading=\"lazy\" decoding=\"async\" class=\"alignnone wp-image-216 size-full\" src=\"https:\/\/i0.wp.com\/52.56.129.142\/wp-content\/uploads\/2016\/06\/logo-GB.png?resize=273%2C280\" alt=\"logo-GB\" width=\"273\" height=\"280\" srcset=\"https:\/\/i0.wp.com\/www.gerbois.com\/wp-content\/uploads\/2016\/06\/logo-GB.png?w=273&amp;ssl=1 273w, https:\/\/i0.wp.com\/www.gerbois.com\/wp-content\/uploads\/2016\/06\/logo-GB.png?resize=24%2C24&amp;ssl=1 24w, https:\/\/i0.wp.com\/www.gerbois.com\/wp-content\/uploads\/2016\/06\/logo-GB.png?resize=36%2C36&amp;ssl=1 36w, https:\/\/i0.wp.com\/www.gerbois.com\/wp-content\/uploads\/2016\/06\/logo-GB.png?resize=48%2C48&amp;ssl=1 48w\" sizes=\"auto, (max-width: 273px) 100vw, 273px\" \/><\/div><\/div><\/div>\n<div class='section-full-width' style='background: linear-gradient(rgba(81,171,53,0.75), rgba(81,171,53,0)) no-repeat center top; color: white;'><div class='row'><\/p>\n<h2 style=\"text-align: justify;\">I NOSTRI TEAM<\/h2>\n<p style=\"text-align: justify;\">Con oltre 40 anni di esperienza, il nostro team \u00e8 composto da specialisti in imballaggi in legno e industriali. NSGerbois \u00e8 orgoglioso del mix di generazioni che compone i suoi team. I nostri dipendenti hanno una dinamica e una professionalit\u00e0 nei confronti di tutti i nostri clienti. <\/p>\n<h2 style=\"text-align: justify;\">LA NOSTRA VISIONE<\/h2>\n<p style=\"text-align: justify;\">Metti la compagnia al servizio dell&#8217;uomo e non viceversa<\/p>\n<p style=\"text-align: justify;\">Siamo situati nel cuore delle montagne dei Vosgi, vicino alle nostre fonti di approvvigionamento e vicino a tutte le principali strade europee. Grazie a pi\u00f9 di 5ha di stoccaggio esterno e 6.000 m2 di spazio coperto, siamo in grado di accompagnarvi in tutti i vostri flussi di attivit\u00e0. La nostra attrezzatura \u00e8 efficiente: comprende un centro di lavoro a controllo numerico (CNC), un&#8217;unit\u00e0 di essiccazione indipendente ed ecologica con una capacit\u00e0 di 180m3 per la lavorazione di NIMP15.<\/p>\n<p style=\"text-align: justify;\">Il nostro organigramma \u00e8 circolare e non piramidale. Mostra la nostra volont\u00e0 di scambiare, comunicare e avanzare come una squadra. I nostri operatori sono qualificati e formati professionalmente. Questo \u00e8 il segreto che garantisce un alto livello di servizio e qualit\u00e0 ai nostri clienti.<\/div><div class='row'><\/div><\/div>\n<div class='section-full-width' style='background: url(\"..\/..\/wp-content\/uploads\/2016\/06\/forest.jpg\") no-repeat center top; color: black;'><div class='row'><\/p>\n<h2 style=\"text-align: justify;\">LA NOSTRA STORIA<\/h2>\n<p style=\"text-align: justify;\">La societ\u00e0 Novelle Soci\u00e9t\u00e9 Gerbois SAS \u00e8 nata nel 2014 dall&#8217;incontro tra 2 donne e una parte dei dipendenti della ex azienda Gerbois SAS. La vecchia struttura, una fiorente attivit\u00e0 delle nostre valli dei Vosgi per diversi decenni, ha avuto difficolt\u00e0 negli anni 2010. La storia della nostra azienda \u00e8 soprattutto una forte avventura umana, frutto di una volont\u00e0 tenace proveniente da ciascuno degli attori. La nostra storia \u00e8 quella di un rinascimento che combina la conservazione dell&#8217;esperienza e del know-how con la modernit\u00e0, l&#8217;innovazione e l&#8217;adattamento ai forti cambiamenti nel settore globale. Scopri la nostra storia attraverso le nostre pietre miliari.<\/p>\n<p><style type=\"text\/css\">\n#foogallery-gallery-3834 .fg-image { width: 200px; }\n#foogallery-gallery-3834 { --fg-gutter: 10px; }<\/style>\n\t\t\t<div class=\"foogallery foogallery-container foogallery-default foogallery-lightbox-foobox fg-center fg-default fg-ready fg-light fg-shadow-outline fg-loading-bars fg-loaded-fade-in fg-hover-scale fg-caption-hover fg-hover-fade fg-hover-zoom\" id=\"foogallery-gallery-3834\" data-foogallery=\"{&quot;item&quot;:{&quot;showCaptionTitle&quot;:true,&quot;showCaptionDescription&quot;:true},&quot;lazy&quot;:true}\" style=\"--fg-title-line-clamp: 0; --fg-description-line-clamp: 0;\" >\n\t<div class=\"fg-item fg-type-image fg-idle\"><figure class=\"fg-item-inner\"><a href=\"https:\/\/www.gerbois.com\/wp-content\/uploads\/2018\/02\/Team2022-scaled.jpg\" data-caption-title=\"Equipe NS Gerbois 2022\" data-caption-desc=\"Toute l&#039;\u00e9quipe NS Gerbois 2022\" data-attachment-id=\"7835\" data-type=\"image\" class=\"fg-thumb\"><span class=\"fg-image-wrap\"><img decoding=\"async\" title=\"Equipe NS Gerbois 2022\" width=\"200\" height=\"200\" class=\"skip-lazy fg-image\" data-src-fg=\"https:\/\/www.gerbois.com\/wp-content\/uploads\/cache\/2018\/02\/Team2022-scaled\/1402796293.jpg\" src=\"data:image\/svg+xml,%3Csvg%20xmlns%3D%22http%3A%2F%2Fwww.w3.org%2F2000%2Fsvg%22%20width%3D%22200%22%20height%3D%22200%22%20viewBox%3D%220%200%20200%20200%22%3E%3C%2Fsvg%3E\" loading=\"eager\"><\/span><span class=\"fg-image-overlay\"><\/span><\/a><figcaption class=\"fg-caption\"><div class=\"fg-caption-inner\"><div class=\"fg-caption-title\">Equipe NS Gerbois 2022<\/div><div class=\"fg-caption-desc\">Toute l'\u00e9quipe NS Gerbois 2022<\/div><\/div><\/figcaption><\/figure><div class=\"fg-loader\"><\/div><\/div><div class=\"fg-item fg-type-image fg-idle\"><figure class=\"fg-item-inner\"><a href=\"https:\/\/www.gerbois.com\/wp-content\/uploads\/2018\/02\/galerie_societe_Gerbois_Michel-LAURENT-DSC_8601.jpg\" data-attachment-id=\"3679\" data-type=\"image\" class=\"fg-thumb\"><span class=\"fg-image-wrap\"><img decoding=\"async\" width=\"200\" height=\"200\" class=\"skip-lazy fg-image\" data-src-fg=\"https:\/\/www.gerbois.com\/wp-content\/uploads\/cache\/2018\/02\/galerie_societe_Gerbois_Michel-LAURENT-DSC_8601\/3175236369.jpg\" src=\"data:image\/svg+xml,%3Csvg%20xmlns%3D%22http%3A%2F%2Fwww.w3.org%2F2000%2Fsvg%22%20width%3D%22200%22%20height%3D%22200%22%20viewBox%3D%220%200%20200%20200%22%3E%3C%2Fsvg%3E\" loading=\"eager\"><\/span><span class=\"fg-image-overlay\"><\/span><\/a><\/figure><div class=\"fg-loader\"><\/div><\/div><div class=\"fg-item fg-type-image fg-idle\"><figure class=\"fg-item-inner\"><a href=\"https:\/\/www.gerbois.com\/wp-content\/uploads\/2018\/02\/galerie_societe_Gerbois_Michel-LAURENT-DSC_8608.jpg\" data-attachment-id=\"3680\" data-type=\"image\" class=\"fg-thumb\"><span class=\"fg-image-wrap\"><img decoding=\"async\" width=\"200\" height=\"200\" class=\"skip-lazy fg-image\" data-src-fg=\"https:\/\/www.gerbois.com\/wp-content\/uploads\/cache\/2018\/02\/galerie_societe_Gerbois_Michel-LAURENT-DSC_8608\/3201088042.jpg\" src=\"data:image\/svg+xml,%3Csvg%20xmlns%3D%22http%3A%2F%2Fwww.w3.org%2F2000%2Fsvg%22%20width%3D%22200%22%20height%3D%22200%22%20viewBox%3D%220%200%20200%20200%22%3E%3C%2Fsvg%3E\" loading=\"eager\"><\/span><span class=\"fg-image-overlay\"><\/span><\/a><\/figure><div class=\"fg-loader\"><\/div><\/div><div class=\"fg-item fg-type-image fg-idle\"><figure class=\"fg-item-inner\"><a href=\"https:\/\/www.gerbois.com\/wp-content\/uploads\/2018\/02\/galerie_societe_Gerbois_Michel-LAURENT-DSC_8628.jpg\" data-caption-title=\"Enseigne NS Gerbois \u00a9Michel LAURENT\" data-caption-desc=\"Enseigne NS Gerbois \u00a9Michel LAURENT\" data-attachment-id=\"3681\" data-type=\"image\" class=\"fg-thumb\"><span class=\"fg-image-wrap\"><img decoding=\"async\" title=\"Enseigne NS Gerbois \u00a9Michel LAURENT\" width=\"200\" height=\"200\" class=\"skip-lazy fg-image\" data-src-fg=\"https:\/\/www.gerbois.com\/wp-content\/uploads\/cache\/2018\/02\/galerie_societe_Gerbois_Michel-LAURENT-DSC_8628\/1716790654.jpg\" src=\"data:image\/svg+xml,%3Csvg%20xmlns%3D%22http%3A%2F%2Fwww.w3.org%2F2000%2Fsvg%22%20width%3D%22200%22%20height%3D%22200%22%20viewBox%3D%220%200%20200%20200%22%3E%3C%2Fsvg%3E\" loading=\"eager\"><\/span><span class=\"fg-image-overlay\"><\/span><\/a><figcaption class=\"fg-caption\"><div class=\"fg-caption-inner\"><div class=\"fg-caption-title\">Enseigne NS Gerbois \u00a9Michel LAURENT<\/div><div class=\"fg-caption-desc\">Enseigne NS Gerbois \u00a9Michel LAURENT<\/div><\/div><\/figcaption><\/figure><div class=\"fg-loader\"><\/div><\/div><div class=\"fg-item fg-type-image fg-idle\"><figure class=\"fg-item-inner\"><a href=\"https:\/\/www.gerbois.com\/wp-content\/uploads\/2018\/02\/galerie_societe_Gerbois_Michel-LAURENT-LMZ_8457.jpg\" data-attachment-id=\"3683\" data-type=\"image\" class=\"fg-thumb\"><span class=\"fg-image-wrap\"><img decoding=\"async\" width=\"200\" height=\"200\" class=\"skip-lazy fg-image\" data-src-fg=\"https:\/\/www.gerbois.com\/wp-content\/uploads\/cache\/2018\/02\/galerie_societe_Gerbois_Michel-LAURENT-LMZ_8457\/3112102554.jpg\" src=\"data:image\/svg+xml,%3Csvg%20xmlns%3D%22http%3A%2F%2Fwww.w3.org%2F2000%2Fsvg%22%20width%3D%22200%22%20height%3D%22200%22%20viewBox%3D%220%200%20200%20200%22%3E%3C%2Fsvg%3E\" loading=\"eager\"><\/span><span class=\"fg-image-overlay\"><\/span><\/a><\/figure><div class=\"fg-loader\"><\/div><\/div><div class=\"fg-item fg-type-image fg-idle\"><figure class=\"fg-item-inner\"><a href=\"https:\/\/www.gerbois.com\/wp-content\/uploads\/2018\/02\/galerie_societe_Gerbois_Michel-LAURENT-LMY_552.jpg\" data-attachment-id=\"3682\" data-type=\"image\" class=\"fg-thumb\"><span class=\"fg-image-wrap\"><img decoding=\"async\" width=\"200\" height=\"200\" class=\"skip-lazy fg-image\" data-src-fg=\"https:\/\/www.gerbois.com\/wp-content\/uploads\/cache\/2018\/02\/galerie_societe_Gerbois_Michel-LAURENT-LMY_552\/2600599983.jpg\" src=\"data:image\/svg+xml,%3Csvg%20xmlns%3D%22http%3A%2F%2Fwww.w3.org%2F2000%2Fsvg%22%20width%3D%22200%22%20height%3D%22200%22%20viewBox%3D%220%200%20200%20200%22%3E%3C%2Fsvg%3E\" loading=\"eager\"><\/span><span class=\"fg-image-overlay\"><\/span><\/a><\/figure><div class=\"fg-loader\"><\/div><\/div><\/div>\n<p><\/div><\/div>\n<p>&nbsp;<\/p>\n","protected":false},"excerpt":{"rendered":"<p>&nbsp;<\/p>\n","protected":false},"author":3,"featured_media":0,"parent":0,"menu_order":0,"comment_status":"closed","ping_status":"closed","template":"page-template\/full-width.php","meta":{"cybocfi_hide_featured_image":"","footnotes":""},"class_list":["post-54","page","type-page","status-publish","hentry"],"translation":{"provider":"WPGlobus","version":"3.0.2","language":"it","enabled_languages":["fr","en","de","it"],"languages":{"fr":{"title":true,"content":true,"excerpt":false},"en":{"title":true,"content":true,"excerpt":false},"de":{"title":true,"content":true,"excerpt":false},"it":{"title":true,"content":true,"excerpt":false}}},"yoast_head":"<!-- This site is optimized with the Yoast SEO plugin v27.4 - https:\/\/yoast.com\/product\/yoast-seo-wordpress\/ -->\n<title>NS GERBOIS - LA NOSTRA SOCIET\u00c0<\/title>\n<meta name=\"robots\" content=\"index, follow, max-snippet:-1, max-image-preview:large, max-video-preview:-1\" \/>\n<link rel=\"canonical\" href=\"https:\/\/www.gerbois.com\/societe-ns-gerbois\/\" \/>\n<meta property=\"og:locale\" content=\"it_IT\" \/>\n<meta property=\"og:type\" content=\"article\" \/>\n<meta property=\"og:title\" content=\"LA NOSTRA SOCIET\u00c0 - NS GERBOIS\" \/>\n<meta property=\"og:url\" content=\"https:\/\/www.gerbois.com\/societe-ns-gerbois\/\" \/>\n<meta property=\"og:site_name\" content=\"NS GERBOIS\" \/>\n<meta property=\"article:publisher\" content=\"https:\/\/www.facebook.com\/profile.php?id=100076213082957\" \/>\n<meta property=\"article:modified_time\" content=\"2024-05-21T16:46:44+00:00\" \/>\n<meta property=\"og:image\" content=\"http:\/\/52.56.129.142\/wp-content\/uploads\/2016\/06\/logo-GB.png\" \/>\n<meta name=\"twitter:card\" content=\"summary_large_image\" \/>\n<meta name=\"twitter:label1\" content=\"Est. reading time\" \/>\n\t<meta name=\"twitter:data1\" content=\"3 minutes\" \/>\n<script type=\"application\/ld+json\" class=\"yoast-schema-graph\">{\"@context\":\"https:\\\/\\\/schema.org\",\"@graph\":[{\"@type\":[\"WebPage\",\"AboutPage\"],\"@id\":\"https:\\\/\\\/www.gerbois.com\\\/societe-ns-gerbois\\\/\",\"url\":\"https:\\\/\\\/www.gerbois.com\\\/societe-ns-gerbois\\\/\",\"name\":\"NS GERBOIS - LA NOSTRA SOCIET\u00c0\",\"isPartOf\":{\"@id\":\"https:\\\/\\\/www.gerbois.com\\\/#website\"},\"primaryImageOfPage\":{\"@id\":\"https:\\\/\\\/www.gerbois.com\\\/societe-ns-gerbois\\\/#primaryimage\"},\"image\":{\"@id\":\"https:\\\/\\\/www.gerbois.com\\\/societe-ns-gerbois\\\/#primaryimage\"},\"thumbnailUrl\":\"http:\\\/\\\/52.56.129.142\\\/wp-content\\\/uploads\\\/2016\\\/06\\\/logo-GB.png\",\"datePublished\":\"2016-06-08T08:39:25+00:00\",\"dateModified\":\"2024-05-21T16:46:44+00:00\",\"description\":\"D\u00e9couvrez la soci\u00e9t\u00e9 NS Gerbois, sp\u00e9cialiste de la conception et fabrication d'emballages industriels \u00e0 dominante bois.\",\"breadcrumb\":{\"@id\":\"https:\\\/\\\/www.gerbois.com\\\/societe-ns-gerbois\\\/#breadcrumb\"},\"inLanguage\":\"it-IT\",\"potentialAction\":[{\"@type\":\"ReadAction\",\"target\":[\"https:\\\/\\\/www.gerbois.com\\\/societe-ns-gerbois\\\/\"]}]},{\"@type\":\"ImageObject\",\"inLanguage\":\"it-IT\",\"@id\":\"https:\\\/\\\/www.gerbois.com\\\/societe-ns-gerbois\\\/#primaryimage\",\"url\":\"http:\\\/\\\/52.56.129.142\\\/wp-content\\\/uploads\\\/2016\\\/06\\\/logo-GB.png\",\"contentUrl\":\"http:\\\/\\\/52.56.129.142\\\/wp-content\\\/uploads\\\/2016\\\/06\\\/logo-GB.png\"},{\"@type\":\"BreadcrumbList\",\"@id\":\"https:\\\/\\\/www.gerbois.com\\\/societe-ns-gerbois\\\/#breadcrumb\",\"itemListElement\":[{\"@type\":\"ListItem\",\"position\":1,\"name\":\"Accueil\",\"item\":\"https:\\\/\\\/www.gerbois.com\\\/\"},{\"@type\":\"ListItem\",\"position\":2,\"name\":\"Soci\u00e9t\u00e9\"}]},{\"@type\":\"WebSite\",\"@id\":\"https:\\\/\\\/www.gerbois.com\\\/#website\",\"url\":\"https:\\\/\\\/www.gerbois.com\\\/\",\"name\":\"NS Gerbois emballeur industriel\",\"description\":\"Progettazione e produzione di imballaggi industriali in legno\",\"alternateName\":\"Nouvelle Soci\u00e9t\u00e9 Gerbois\",\"potentialAction\":[{\"@type\":\"SearchAction\",\"target\":{\"@type\":\"EntryPoint\",\"urlTemplate\":\"https:\\\/\\\/www.gerbois.com\\\/?s={search_term_string}\"},\"query-input\":{\"@type\":\"PropertyValueSpecification\",\"valueRequired\":true,\"valueName\":\"search_term_string\"}}],\"inLanguage\":\"it-IT\"}]}<\/script>\n<!-- \/ Yoast SEO plugin. -->","yoast_head_json":{"title":"NS GERBOIS - LA NOSTRA SOCIET\u00c0","robots":{"index":"index","follow":"follow","max-snippet":"max-snippet:-1","max-image-preview":"max-image-preview:large","max-video-preview":"max-video-preview:-1"},"canonical":"https:\/\/www.gerbois.com\/societe-ns-gerbois\/","og_locale":"it_IT","og_type":"article","og_title":"LA NOSTRA SOCIET\u00c0 - NS GERBOIS","og_url":"https:\/\/www.gerbois.com\/societe-ns-gerbois\/","og_site_name":"NS GERBOIS","article_publisher":"https:\/\/www.facebook.com\/profile.php?id=100076213082957","article_modified_time":"2024-05-21T16:46:44+00:00","og_image":[{"url":"http:\/\/52.56.129.142\/wp-content\/uploads\/2016\/06\/logo-GB.png","type":"","width":"","height":""}],"twitter_card":"summary_large_image","twitter_misc":{"Est. reading time":"3 minutes"},"schema":{"@context":"https:\/\/schema.org","@graph":[{"@type":["WebPage","AboutPage"],"@id":"https:\/\/www.gerbois.com\/societe-ns-gerbois\/","url":"https:\/\/www.gerbois.com\/societe-ns-gerbois\/","name":"NS GERBOIS - LA NOSTRA SOCIET\u00c0","isPartOf":{"@id":"https:\/\/www.gerbois.com\/#website"},"primaryImageOfPage":{"@id":"https:\/\/www.gerbois.com\/societe-ns-gerbois\/#primaryimage"},"image":{"@id":"https:\/\/www.gerbois.com\/societe-ns-gerbois\/#primaryimage"},"thumbnailUrl":"http:\/\/52.56.129.142\/wp-content\/uploads\/2016\/06\/logo-GB.png","datePublished":"2016-06-08T08:39:25+00:00","dateModified":"2024-05-21T16:46:44+00:00","description":"D\u00e9couvrez la soci\u00e9t\u00e9 NS Gerbois, sp\u00e9cialiste de la conception et fabrication d'emballages industriels \u00e0 dominante bois.","breadcrumb":{"@id":"https:\/\/www.gerbois.com\/societe-ns-gerbois\/#breadcrumb"},"inLanguage":"it-IT","potentialAction":[{"@type":"ReadAction","target":["https:\/\/www.gerbois.com\/societe-ns-gerbois\/"]}]},{"@type":"ImageObject","inLanguage":"it-IT","@id":"https:\/\/www.gerbois.com\/societe-ns-gerbois\/#primaryimage","url":"http:\/\/52.56.129.142\/wp-content\/uploads\/2016\/06\/logo-GB.png","contentUrl":"http:\/\/52.56.129.142\/wp-content\/uploads\/2016\/06\/logo-GB.png"},{"@type":"BreadcrumbList","@id":"https:\/\/www.gerbois.com\/societe-ns-gerbois\/#breadcrumb","itemListElement":[{"@type":"ListItem","position":1,"name":"Accueil","item":"https:\/\/www.gerbois.com\/"},{"@type":"ListItem","position":2,"name":"Soci\u00e9t\u00e9"}]},{"@type":"WebSite","@id":"https:\/\/www.gerbois.com\/#website","url":"https:\/\/www.gerbois.com\/","name":"NS Gerbois emballeur industriel","description":"Progettazione e produzione di imballaggi industriali in legno","alternateName":"Nouvelle Soci\u00e9t\u00e9 Gerbois","potentialAction":[{"@type":"SearchAction","target":{"@type":"EntryPoint","urlTemplate":"https:\/\/www.gerbois.com\/?s={search_term_string}"},"query-input":{"@type":"PropertyValueSpecification","valueRequired":true,"valueName":"search_term_string"}}],"inLanguage":"it-IT"}]}},"jetpack_sharing_enabled":true,"jetpack_likes_enabled":true,"_links":{"self":[{"href":"https:\/\/www.gerbois.com\/it\/wp-json\/wp\/v2\/pages\/54","targetHints":{"allow":["GET"]}}],"collection":[{"href":"https:\/\/www.gerbois.com\/it\/wp-json\/wp\/v2\/pages"}],"about":[{"href":"https:\/\/www.gerbois.com\/it\/wp-json\/wp\/v2\/types\/page"}],"author":[{"embeddable":true,"href":"https:\/\/www.gerbois.com\/it\/wp-json\/wp\/v2\/users\/3"}],"replies":[{"embeddable":true,"href":"https:\/\/www.gerbois.com\/it\/wp-json\/wp\/v2\/comments?post=54"}],"version-history":[{"count":279,"href":"https:\/\/www.gerbois.com\/it\/wp-json\/wp\/v2\/pages\/54\/revisions"}],"predecessor-version":[{"id":8761,"href":"https:\/\/www.gerbois.com\/it\/wp-json\/wp\/v2\/pages\/54\/revisions\/8761"}],"wp:attachment":[{"href":"https:\/\/www.gerbois.com\/it\/wp-json\/wp\/v2\/media?parent=54"}],"curies":[{"name":"wp","href":"https:\/\/api.w.org\/{rel}","templated":true}]}}